

{"id":1797,"date":"2019-05-12T17:02:15","date_gmt":"2019-05-12T12:02:15","guid":{"rendered":"https:\/\/www.hybridsystem.ee\/?page_id=1797"},"modified":"2019-05-12T17:02:16","modified_gmt":"2019-05-12T12:02:16","slug":"produktkop","status":"publish","type":"page","link":"https:\/\/hybridsystem.ee\/sv\/produktkop\/","title":{"rendered":"Produktk\u00f6p"},"content":{"rendered":"<p>[vc_row css_animation=&#8221;&#8221; row_type=&#8221;row&#8221; use_row_as_full_screen_section=&#8221;no&#8221; type=&#8221;grid&#8221; angled_section=&#8221;no&#8221; text_align=&#8221;left&#8221; background_image_as_pattern=&#8221;without_pattern&#8221; padding_top=&#8221;90&#8243; padding_bottom=&#8221;90&#8243; z_index=&#8221;&#8221;][vc_column width=&#8221;1\/2&#8243;]<div class=\"qode-cards-holder\">\n    <div class=\"qode-cards-header cards\">\n\n    <\/div>\n    <div class=\"qode-card-panes\">\n        \n<div class=\"pane card321  border-radius qode-slide-shadow hover-animation\">\n        <div class=\"qode-card-slider-holder-outer\" style=\"background-color:#ffffff\">\n        <div class=\"qode-card-slider-holder\" data-card-slide=\"1\"  data-center=\"true\" data-active-middle-slide=\"false\">\n            <div class=\"controls arrows\">\n                <a data-direction=\"prev\" href=\"#\" class=\"button prev qode-type1-gradient-bottom-to-top-text\"><span class=\"arrow_carrot-left\"><\/span><\/a>\n                <a data-direction=\"next\" href=\"#\" class=\"button next qode-type1-gradient-bottom-to-top-text\"><span class=\"arrow_carrot-right\"><\/span><\/a>\n            <\/div>\n\n                        <div class=\"controls bullets\">\n                <div class=\"dots\">\n                    <div class=\"dots-inner\">\n                                                    <div class='dot' data-card-slide=\"1\"><\/div>\n                                                    <div class='dot' data-card-slide=\"2\"><\/div>\n                                                    <div class='dot' data-card-slide=\"3\"><\/div>\n                                                    <div class='dot' data-card-slide=\"4\"><\/div>\n                                                    <div class='dot' data-card-slide=\"5\"><\/div>\n                                                    <div class='dot' data-card-slide=\"6\"><\/div>\n                                                    <div class='dot' data-card-slide=\"7\"><\/div>\n                                                    <div class='dot' data-card-slide=\"8\"><\/div>\n                                                    <div class='dot' data-card-slide=\"9\"><\/div>\n                                                    <div class='dot' data-card-slide=\"10\"><\/div>\n                                                    <div class='dot' data-card-slide=\"11\"><\/div>\n                                                    <div class='dot' data-card-slide=\"12\"><\/div>\n                                                    <div class='dot' data-card-slide=\"13\"><\/div>\n                                                    <div class='dot' data-card-slide=\"14\"><\/div>\n                                                    <div class='dot' data-card-slide=\"15\"><\/div>\n                                                    <div class='dot' data-card-slide=\"16\"><\/div>\n                                                    <div class='dot' data-card-slide=\"17\"><\/div>\n                                                    <div class='dot' data-card-slide=\"18\"><\/div>\n                                                    <div class='dot' data-card-slide=\"19\"><\/div>\n                                                    <div class='dot' data-card-slide=\"20\"><\/div>\n                                                    <div class='dot' data-card-slide=\"21\"><\/div>\n                                                    <div class='dot' data-card-slide=\"22\"><\/div>\n                                            <\/div>\n                <\/div>\n            <\/div>\n                        <div class=\"qode-card-slider clearfix\">\n                                    <div class='slide' data-card-slide=\"1\">\n                                                    <img src=\"#\" alt=\"\" class=\"qode-lazy-image\" data-image=\"https:\/\/hybridsystem.ee\/wp-content\/uploads\/2018\/11\/wegogreen.jpg\" style=\"width:560px;height:1px\" data-ratio=\"0.666071428571\" data-lazy=\"true\" \/>\n                                            <\/div>\n                                    <div class='slide' data-card-slide=\"2\">\n                                                    <img src=\"#\" alt=\"\" class=\"qode-lazy-image\" data-image=\"https:\/\/hybridsystem.ee\/wp-content\/uploads\/2018\/11\/tootepere-min.jpg\" style=\"width:2560px;height:1px\" data-ratio=\"0.5625\" data-lazy=\"true\" \/>\n                                            <\/div>\n                                    <div class='slide' data-card-slide=\"3\">\n                                                    <img src=\"#\" alt=\"\" class=\"qode-lazy-image\" data-image=\"https:\/\/hybridsystem.ee\/wp-content\/uploads\/2018\/11\/Untitled-Project-20-min.jpg\" style=\"width:2504px;height:1px\" data-ratio=\"0.561501597444\" data-lazy=\"true\" \/>\n                                            <\/div>\n                                    <div class='slide' data-card-slide=\"4\">\n                                                    <img src=\"#\" alt=\"\" class=\"qode-lazy-image\" data-image=\"https:\/\/hybridsystem.ee\/wp-content\/uploads\/2018\/11\/Untitled-Project-8-min.jpg\" style=\"width:1920px;height:1px\" data-ratio=\"0.5625\" data-lazy=\"true\" \/>\n                                            <\/div>\n                                    <div class='slide' data-card-slide=\"5\">\n                                                    <img src=\"#\" alt=\"\" class=\"qode-lazy-image\" data-image=\"https:\/\/hybridsystem.ee\/wp-content\/uploads\/2018\/12\/jlHRqhr4.jpeg\" style=\"width:1600px;height:1px\" data-ratio=\"0.56125\" data-lazy=\"true\" \/>\n                                            <\/div>\n                                    <div class='slide' data-card-slide=\"6\">\n                                                    <img src=\"#\" alt=\"\" class=\"qode-lazy-image\" data-image=\"https:\/\/hybridsystem.ee\/wp-content\/uploads\/2018\/12\/nOZSM6FY.jpeg\" style=\"width:1600px;height:1px\" data-ratio=\"0.5625\" data-lazy=\"true\" \/>\n                                            <\/div>\n                                    <div class='slide' data-card-slide=\"7\">\n                                                    <img src=\"#\" alt=\"\" class=\"qode-lazy-image\" data-image=\"https:\/\/hybridsystem.ee\/wp-content\/uploads\/2018\/12\/welllid.jpeg\" style=\"width:1600px;height:1px\" data-ratio=\"0.5625\" data-lazy=\"true\" \/>\n                                            <\/div>\n                                    <div class='slide' data-card-slide=\"8\">\n                                                    <img src=\"#\" alt=\"\" class=\"qode-lazy-image\" data-image=\"https:\/\/hybridsystem.ee\/wp-content\/uploads\/2018\/09\/1_8-25236755-1.jpg\" style=\"width:1980px;height:1px\" data-ratio=\"0.545454545455\" data-lazy=\"true\" \/>\n                                            <\/div>\n                                    <div class='slide' data-card-slide=\"9\">\n                                                    <img src=\"#\" alt=\"\" class=\"qode-lazy-image\" data-image=\"https:\/\/hybridsystem.ee\/wp-content\/uploads\/2018\/09\/1_10-25236723.jpg\" style=\"width:1980px;height:1px\" data-ratio=\"0.545454545455\" data-lazy=\"true\" \/>\n                                            <\/div>\n                                    <div class='slide' data-card-slide=\"10\">\n                                                    <img src=\"#\" alt=\"\" class=\"qode-lazy-image\" data-image=\"https:\/\/hybridsystem.ee\/wp-content\/uploads\/2018\/12\/installation4_large.jpg\" style=\"width:1920px;height:1px\" data-ratio=\"0.5625\" data-lazy=\"true\" \/>\n                                            <\/div>\n                                    <div class='slide' data-card-slide=\"11\">\n                                                    <img src=\"#\" alt=\"\" class=\"qode-lazy-image\" data-image=\"https:\/\/hybridsystem.ee\/wp-content\/uploads\/2018\/12\/installation3_large.jpg\" style=\"width:1920px;height:1px\" data-ratio=\"0.5625\" data-lazy=\"true\" \/>\n                                            <\/div>\n                                    <div class='slide' data-card-slide=\"12\">\n                                                    <img src=\"#\" alt=\"\" class=\"qode-lazy-image\" data-image=\"https:\/\/hybridsystem.ee\/wp-content\/uploads\/2018\/12\/installation2_large.jpg\" style=\"width:1920px;height:1px\" data-ratio=\"0.772395833333\" data-lazy=\"true\" \/>\n                                            <\/div>\n                                    <div class='slide' data-card-slide=\"13\">\n                                                    <img src=\"#\" alt=\"\" class=\"qode-lazy-image\" data-image=\"https:\/\/hybridsystem.ee\/wp-content\/uploads\/2018\/12\/installation1_large.jpg\" style=\"width:1920px;height:1px\" data-ratio=\"0.772916666667\" data-lazy=\"true\" \/>\n                                            <\/div>\n                                    <div class='slide' data-card-slide=\"14\">\n                                                    <img src=\"#\" alt=\"\" class=\"qode-lazy-image\" data-image=\"https:\/\/hybridsystem.ee\/wp-content\/uploads\/2018\/11\/1-1.jpg\" style=\"width:1920px;height:1px\" data-ratio=\"0.5625\" data-lazy=\"true\" \/>\n                                            <\/div>\n                                    <div class='slide' data-card-slide=\"15\">\n                                                    <img src=\"#\" alt=\"\" class=\"qode-lazy-image\" data-image=\"https:\/\/hybridsystem.ee\/wp-content\/uploads\/2018\/11\/1_4-min.jpg\" style=\"width:1920px;height:1px\" data-ratio=\"0.5625\" data-lazy=\"true\" \/>\n                                            <\/div>\n                                    <div class='slide' data-card-slide=\"16\">\n                                                    <img src=\"#\" alt=\"\" class=\"qode-lazy-image\" data-image=\"https:\/\/hybridsystem.ee\/wp-content\/uploads\/2018\/11\/1_2-min.jpg\" style=\"width:1920px;height:1px\" data-ratio=\"0.5625\" data-lazy=\"true\" \/>\n                                            <\/div>\n                                    <div class='slide' data-card-slide=\"17\">\n                                                    <img src=\"#\" alt=\"\" class=\"qode-lazy-image\" data-image=\"https:\/\/hybridsystem.ee\/wp-content\/uploads\/2018\/11\/2_1-min.jpg\" style=\"width:1920px;height:1px\" data-ratio=\"0.5625\" data-lazy=\"true\" \/>\n                                            <\/div>\n                                    <div class='slide' data-card-slide=\"18\">\n                                                    <img src=\"#\" alt=\"\" class=\"qode-lazy-image\" data-image=\"https:\/\/hybridsystem.ee\/wp-content\/uploads\/2018\/11\/2_3-min.jpg\" style=\"width:1920px;height:1px\" data-ratio=\"0.5625\" data-lazy=\"true\" \/>\n                                            <\/div>\n                                    <div class='slide' data-card-slide=\"19\">\n                                                    <img src=\"#\" alt=\"\" class=\"qode-lazy-image\" data-image=\"https:\/\/hybridsystem.ee\/wp-content\/uploads\/2018\/11\/1-min.png\" style=\"width:1465px;height:1px\" data-ratio=\"0.545392491468\" data-lazy=\"true\" \/>\n                                            <\/div>\n                                    <div class='slide' data-card-slide=\"20\">\n                                                    <img src=\"#\" alt=\"\" class=\"qode-lazy-image\" data-image=\"https:\/\/hybridsystem.ee\/wp-content\/uploads\/2018\/09\/1_7-25236744.jpg\" style=\"width:1920px;height:1px\" data-ratio=\"0.5625\" data-lazy=\"true\" \/>\n                                            <\/div>\n                                    <div class='slide' data-card-slide=\"21\">\n                                                    <img src=\"#\" alt=\"\" class=\"qode-lazy-image\" data-image=\"https:\/\/hybridsystem.ee\/wp-content\/uploads\/2018\/11\/3_4-min.jpg\" style=\"width:1920px;height:1px\" data-ratio=\"0.5625\" data-lazy=\"true\" \/>\n                                            <\/div>\n                                    <div class='slide' data-card-slide=\"22\">\n                                                    <img src=\"#\" alt=\"\" class=\"qode-lazy-image\" data-image=\"https:\/\/hybridsystem.ee\/wp-content\/uploads\/2018\/09\/1_9-25236720-2.jpg\" style=\"width:1980px;height:1px\" data-ratio=\"0.545454545455\" data-lazy=\"true\" \/>\n                                            <\/div>\n                            <\/div>\n        <\/div>\n    <\/div>\n<\/div>\n    <\/div>\n<\/div>[\/vc_column][vc_column width=&#8221;1\/2&#8243;][vc_column_text]<\/p>\n<h5 style=\"text-align: center;\">Om du vill vara en av v\u00e5ra v\u00e4rderade kunder och nyttja innovativa Hybrid System, s\u00e5 kan du fr\u00e5ga efter en offert. Beroende p\u00e5 din ort och ytterligare krav s\u00e5 styr vi dig genom k\u00f6pprocessen:<\/h5>\n<p>[\/vc_column_text]\n<div class=\"wpcf7 no-js\" id=\"wpcf7-f1693-o1\" lang=\"en-US\" dir=\"ltr\">\n<div class=\"screen-reader-response\"><p role=\"status\" aria-live=\"polite\" aria-atomic=\"true\"><\/p> <ul><\/ul><\/div>\n<form action=\"\/sv\/wp-json\/wp\/v2\/pages\/1797#wpcf7-f1693-o1\" method=\"post\" class=\"wpcf7-form init cf7_custom_style_1\" aria-label=\"Contact form\" novalidate=\"novalidate\" data-status=\"init\">\n<div style=\"display: none;\">\n<input type=\"hidden\" name=\"_wpcf7\" value=\"1693\" \/>\n<input type=\"hidden\" name=\"_wpcf7_version\" value=\"5.9.8\" \/>\n<input type=\"hidden\" name=\"_wpcf7_locale\" value=\"en_US\" \/>\n<input type=\"hidden\" name=\"_wpcf7_unit_tag\" value=\"wpcf7-f1693-o1\" \/>\n<input type=\"hidden\" name=\"_wpcf7_container_post\" value=\"0\" \/>\n<input type=\"hidden\" name=\"_wpcf7_posted_data_hash\" value=\"\" \/>\n<\/div>\n<div class=\"vc_row\">\n\t<div class=\"vc_col-md-6\">\n\t\t<p><label> F\u00f6retagsnamn<br \/>\n<span class=\"wpcf7-form-control-wrap\" data-name=\"c-name\"><input size=\"40\" maxlength=\"400\" class=\"wpcf7-form-control wpcf7-text wpcf7-validates-as-required\" aria-required=\"true\" aria-invalid=\"false\" value=\"\" type=\"text\" name=\"c-name\" \/><\/span> <\/label>\n\t\t<\/p>\n\t<\/div>\n\t<div class=\"vc_col-md-6\">\n\t\t<p><label> Fullst\u00e4ndiga namn<br \/>\n<span class=\"wpcf7-form-control-wrap\" data-name=\"your-name\"><input size=\"40\" maxlength=\"400\" class=\"wpcf7-form-control wpcf7-text wpcf7-validates-as-required\" aria-required=\"true\" aria-invalid=\"false\" value=\"\" type=\"text\" name=\"your-name\" \/><\/span> <\/label>\n\t\t<\/p>\n\t<\/div>\n\t<div class=\"vc_col-md-6\">\n\t\t<p><label> E-postadress<br \/>\n<span class=\"wpcf7-form-control-wrap\" data-name=\"your-email\"><input size=\"40\" maxlength=\"400\" class=\"wpcf7-form-control wpcf7-email wpcf7-validates-as-required wpcf7-text wpcf7-validates-as-email\" aria-required=\"true\" aria-invalid=\"false\" value=\"\" type=\"email\" name=\"your-email\" \/><\/span> <\/label>\n\t\t<\/p>\n\t<\/div>\n\t<div class=\"vc_col-md-6\">\n\t\t<p><label> Kontaktnummer<br \/>\n<span class=\"wpcf7-form-control-wrap\" data-name=\"tel-615\"><input size=\"40\" maxlength=\"400\" class=\"wpcf7-form-control wpcf7-tel wpcf7-validates-as-required wpcf7-text wpcf7-validates-as-tel\" aria-required=\"true\" aria-invalid=\"false\" value=\"\" type=\"tel\" name=\"tel-615\" \/><\/span> <\/label>\n\t\t<\/p>\n\t<\/div>\n\t<div class=\"vc_col-md-12\">\n\t\t<p><label> Syftet med installationen<br \/>\n<span class=\"wpcf7-form-control-wrap\" data-name=\"Purpose-of-Installation\"><textarea cols=\"40\" rows=\"4\" maxlength=\"2000\" class=\"wpcf7-form-control wpcf7-textarea\" aria-invalid=\"false\" name=\"Purpose-of-Installation\"><\/textarea><\/span><\/label>\n\t\t<\/p>\n\t<\/div>\n\t<div class=\"vc_col-md-12\" style=\"margin-top: 40px;\">\n\t\t<p>Obs! Genom att klicka p\u00e5 Skicka-knappen godk\u00e4nner <a href=\"https:\/\/www.hybridsystem.ee\/terms-condition\/\" target=\"blank\">du v\u00e5ra anv\u00e4ndarvillkor.<\/a>.\n\t\t<\/p>\n\t\t<p><input class=\"wpcf7-form-control wpcf7-submit has-spinner\" type=\"submit\" value=\"Skicka\" \/>\n\t\t<\/p>\n\t<\/div>\n<\/div><input type='hidden' class='wpcf7-pum' value='{\"closepopup\":false,\"closedelay\":0,\"openpopup\":false,\"openpopup_id\":0}' \/><div class=\"wpcf7-response-output\" aria-hidden=\"true\"><\/div>\n<\/form>\n<\/div>\n[\/vc_column][\/vc_row]<\/p>\n","protected":false},"excerpt":{"rendered":"<p>[vc_row css_animation=&#8221;&#8221; row_type=&#8221;row&#8221; use_row_as_full_screen_section=&#8221;no&#8221; type=&#8221;grid&#8221; angled_section=&#8221;no&#8221; text_align=&#8221;left&#8221; background_image_as_pattern=&#8221;without_pattern&#8221; padding_top=&#8221;90&#8243; padding_bottom=&#8221;90&#8243; z_index=&#8221;&#8221;][vc_column width=&#8221;1\/2&#8243;][\/vc_column][vc_column width=&#8221;1\/2&#8243;][vc_column_text] Om du vill vara en av v\u00e5ra v\u00e4rderade kunder och nyttja innovativa Hybrid System, s\u00e5 kan du fr\u00e5ga efter en offert. Beroende p\u00e5 din ort och ytterligare krav s\u00e5 styr vi dig&#8230;<\/p>\n","protected":false},"author":1,"featured_media":0,"parent":0,"menu_order":0,"comment_status":"closed","ping_status":"closed","template":"full_width.php","meta":{"footnotes":""},"_links":{"self":[{"href":"https:\/\/hybridsystem.ee\/sv\/wp-json\/wp\/v2\/pages\/1797"}],"collection":[{"href":"https:\/\/hybridsystem.ee\/sv\/wp-json\/wp\/v2\/pages"}],"about":[{"href":"https:\/\/hybridsystem.ee\/sv\/wp-json\/wp\/v2\/types\/page"}],"author":[{"embeddable":true,"href":"https:\/\/hybridsystem.ee\/sv\/wp-json\/wp\/v2\/users\/1"}],"replies":[{"embeddable":true,"href":"https:\/\/hybridsystem.ee\/sv\/wp-json\/wp\/v2\/comments?post=1797"}],"version-history":[{"count":1,"href":"https:\/\/hybridsystem.ee\/sv\/wp-json\/wp\/v2\/pages\/1797\/revisions"}],"predecessor-version":[{"id":1798,"href":"https:\/\/hybridsystem.ee\/sv\/wp-json\/wp\/v2\/pages\/1797\/revisions\/1798"}],"wp:attachment":[{"href":"https:\/\/hybridsystem.ee\/sv\/wp-json\/wp\/v2\/media?parent=1797"}],"curies":[{"name":"wp","href":"https:\/\/api.w.org\/{rel}","templated":true}]}}