

{"id":1788,"date":"2019-05-12T16:53:35","date_gmt":"2019-05-12T11:53:35","guid":{"rendered":"https:\/\/www.hybridsystem.ee\/?page_id=1788"},"modified":"2019-05-12T16:53:36","modified_gmt":"2019-05-12T11:53:36","slug":"varfor-du-ska-valja-oss","status":"publish","type":"page","link":"https:\/\/hybridsystem.ee\/sv\/varfor-du-ska-valja-oss\/","title":{"rendered":"VARF\u00d6R DU SKA V\u00c4LJA OSS?"},"content":{"rendered":"<p>[vc_row css_animation=&#8221;&#8221; row_type=&#8221;row&#8221; use_row_as_full_screen_section=&#8221;no&#8221; type=&#8221;grid&#8221; angled_section=&#8221;no&#8221; text_align=&#8221;left&#8221; background_image_as_pattern=&#8221;without_pattern&#8221; css=&#8221;.vc_custom_1536090424876{padding-top: 100px !important;padding-bottom: 60px !important;}&#8221; z_index=&#8221;&#8221;][vc_column][qode_elements_holder number_of_columns=&#8221;two_columns&#8221; switch_to_one_column=&#8221;1000&#8243;][qode_elements_holder_item item_padding=&#8221;0 25px 0 0&#8243; advanced_animations=&#8221;no&#8221;][vc_single_image image=&#8221;1469&#8243; img_size=&#8221;full&#8221; qode_css_animation=&#8221;&#8221; qode_hover_animation=&#8221;zoom_in&#8221;][\/qode_elements_holder_item][qode_elements_holder_item advanced_animations=&#8221;no&#8221; item_padding_1280_1440=&#8221;0 0 130px 25px&#8221; item_padding_1024_1280=&#8221;0 0 50px 25px&#8221; item_padding_600_768=&#8221;40px 0px 0px 0px&#8221; item_padding_480=&#8221;40px 0px 0px 0px&#8221;][vc_column_text]<\/p>\n<h2><strong>Vi ger bekv\u00e4mlighet<br \/>\n<\/strong><\/h2>\n<p>[\/vc_column_text][vc_empty_space height=&#8221;27px&#8221;][vc_column_text]Vi p\u00e5 Hybrid System uppfann Hybrid Well f\u00f6r att ge en bekv\u00e4m l\u00f6sning p\u00e5 regnvatten och underavloppssystem genom att b\u00e5da system kan placeras ovanp\u00e5 varandra, vilket minskar kostnaden som spenderas p\u00e5 arbete och besv\u00e4ret med att gr\u00e4va tv\u00e5 diken som i slut\u00e4ndan skulle st\u00f6ra de gr\u00f6na omr\u00e5dena. Inte m\u00e5nga f\u00f6retag har tagit fram en h\u00e5llbar, ekonomisk och mindre besv\u00e4rlig dr\u00e4neringsl\u00f6sning med minimal milj\u00f6skada som kan dessutom gynna hela v\u00e4rlden. Vi anser oss vara privilegierade nog att kunna f\u00f6rst\u00e5 iden som var &#8220;Hybrid Well&#8221; och sedan genomf\u00f6ra den i verkligheten.[\/vc_column_text][vc_empty_space height=&#8221;35px&#8221;][\/qode_elements_holder_item][\/qode_elements_holder][\/vc_column][\/vc_row][vc_row css_animation=&#8221;&#8221; row_type=&#8221;row&#8221; use_row_as_full_screen_section=&#8221;no&#8221; type=&#8221;grid&#8221; angled_section=&#8221;no&#8221; text_align=&#8221;left&#8221; background_image_as_pattern=&#8221;without_pattern&#8221; css=&#8221;.vc_custom_1536090433106{padding-top: 30px !important;padding-bottom: 60px !important;}&#8221; z_index=&#8221;&#8221;][vc_column][qode_elements_holder number_of_columns=&#8221;two_columns&#8221; switch_to_one_column=&#8221;1000&#8243;][qode_elements_holder_item advanced_animations=&#8221;no&#8221; item_padding_1280_1440=&#8221;0 25px 130px 0px&#8221; item_padding_1024_1280=&#8221;0 25px 50px 0px&#8221; item_padding_600_768=&#8221;40px 0px 0px 0px&#8221;][vc_column_text]<\/p>\n<h2>Vi blir gr\u00f6na<\/h2>\n<p>[\/vc_column_text][vc_empty_space height=&#8221;27px&#8221;][vc_column_text]Vi tror att v\u00e5rt bidrag till skapandet av en ekonomiskt och \u00e4ndam\u00e5lsenligt installerad Hybrid Well \u00e4r bara ett steg mot en b\u00e4ttre framtid, med st\u00f6d fr\u00e5n v\u00e5ra betrodda kunder. Ditt beslut att v\u00e4lja Hybrid Well kommer inte bara hj\u00e4lpa oss att fr\u00e4mja b\u00e4ttre l\u00f6sningar i framtiden, men det kommer ocks\u00e5 att hj\u00e4lpa dig att bidra v\u00e4sentligt till acceptans och anv\u00e4ndning av uppfinningsenliga tekniker som \u00e4r milj\u00f6v\u00e4nliga. Vi uppmuntrar \u00e5tervinning av plast som nu blir en ekonomiskt genomf\u00f6rbar process att \u00f6verv\u00e4ga i stor skala, och v\u00e5r allra f\u00f6rsta produkt \u00e4r tillverkad av \u00e5tervunnen plast, s\u00e5 att vi kan bidra till en ren milj\u00f6 och samtidigt skapa n\u00e5got som g\u00f6r nytta i sin helhet.[\/vc_column_text][vc_empty_space height=&#8221;35px&#8221;][\/qode_elements_holder_item][qode_elements_holder_item item_padding=&#8221;0 0px 0 25px&#8221; advanced_animations=&#8221;no&#8221; item_padding_600_768=&#8221;50px 0px 0 0px&#8221; item_padding_480=&#8221;50px 0px 0 0px&#8221;][vc_single_image image=&#8221;1523&#8243; img_size=&#8221;full&#8221; qode_css_animation=&#8221;&#8221; qode_hover_animation=&#8221;zoom_in&#8221;][\/qode_elements_holder_item][\/qode_elements_holder][\/vc_column][\/vc_row][vc_row css_animation=&#8221;&#8221; row_type=&#8221;row&#8221; use_row_as_full_screen_section=&#8221;no&#8221; type=&#8221;grid&#8221; angled_section=&#8221;no&#8221; text_align=&#8221;left&#8221; background_image_as_pattern=&#8221;without_pattern&#8221; css=&#8221;.vc_custom_1536090442034{padding-top: 40px !important;padding-bottom: 60px !important;}&#8221; z_index=&#8221;&#8221;][vc_column][qode_elements_holder number_of_columns=&#8221;two_columns&#8221; switch_to_one_column=&#8221;1000&#8243;][qode_elements_holder_item item_padding=&#8221;0 25px 0 0&#8243; advanced_animations=&#8221;no&#8221;][vc_single_image image=&#8221;1364&#8243; img_size=&#8221;full&#8221; qode_css_animation=&#8221;&#8221; qode_hover_animation=&#8221;zoom_in&#8221;][\/qode_elements_holder_item][qode_elements_holder_item advanced_animations=&#8221;no&#8221; item_padding_1280_1440=&#8221;0 0 130px 25px&#8221; item_padding_1024_1280=&#8221;0 0 50px 25px&#8221; item_padding_600_768=&#8221;40px 0px 0px 0px&#8221; item_padding_480=&#8221;40px 0px 0px 0px&#8221;][vc_column_text]<\/p>\n<h2>Vi erbjuder Total Solutions<\/h2>\n<p>[\/vc_column_text][vc_empty_space height=&#8221;27px&#8221;][vc_column_text]Hybrid Wells grundl\u00e4ggande id\u00e9 \u00e4r att skydda milj\u00f6n, f\u00f6renkla installationen och uppr\u00e4tth\u00e5lla en kostnadseffektiv metod genom att anv\u00e4nda \u00e5tervunnet och h\u00e5llbart material. Dessa tre faktorer \u00e4r den fokala anledningen till att v\u00e5ra kunder v\u00e4ljer oss. Med tidens utveckling och jordens f\u00f6r\u00e4ndrande landskap inser vi att det inte bara \u00e4r nyskapande men ocks\u00e5 viktigt f\u00f6r oss att komma fram till moderna, konkurrenskraftiga och h\u00e5llbara tekniker som kan f\u00f6rb\u00e4ttra utsikterna f\u00f6r underavlopp och regnvattensystem.[\/vc_column_text][vc_empty_space height=&#8221;35px&#8221;][\/qode_elements_holder_item][\/qode_elements_holder][\/vc_column][\/vc_row][vc_row css_animation=&#8221;&#8221; row_type=&#8221;row&#8221; use_row_as_full_screen_section=&#8221;no&#8221; type=&#8221;grid&#8221; angled_section=&#8221;no&#8221; text_align=&#8221;left&#8221; background_image_as_pattern=&#8221;without_pattern&#8221; css=&#8221;.vc_custom_1536090469303{padding-top: 30px !important;padding-bottom: 60px !important;}&#8221; z_index=&#8221;&#8221;][vc_column][qode_elements_holder number_of_columns=&#8221;two_columns&#8221; switch_to_one_column=&#8221;1000&#8243;][qode_elements_holder_item advanced_animations=&#8221;no&#8221; item_padding_1280_1440=&#8221;0 25px 130px 0px&#8221; item_padding_1024_1280=&#8221;0 25px 50px 0px&#8221; item_padding_600_768=&#8221;40px 0px 0px 0px&#8221;][vc_column_text]<\/p>\n<h2>V\u00e5ra v\u00e4rderingar<\/h2>\n<p>[\/vc_column_text][vc_empty_space height=&#8221;27px&#8221;][vc_column_text]V\u00e5ra k\u00e4rnv\u00e4rderingar \u00e4r en \u00e5terspegling av v\u00e5r vision och uppgift. V\u00e5ra v\u00e4rderingar \u00e4r etablerade p\u00e5 en stiftelse som \u00e4r unik men \u00e4nd\u00e5 gemensam f\u00f6r var och en av v\u00e5ra kunder. Vi \u00e4r framtiden f\u00f6r h\u00e5llbara avloppssystem och som i sig \u00e4r en konkret grund. Vi har f\u00f6r avsikt att h\u00f6ja tanken p\u00e5 &#8220;Hybrid Well&#8221; genom att skapa futuristiska produkter som ligger bortom dagens fantasi, samtidigt som vi beh\u00e5ller den centrala ideologin i &#8220;Hybrid System&#8221;.[\/vc_column_text][vc_empty_space height=&#8221;35px&#8221;][\/qode_elements_holder_item][qode_elements_holder_item item_padding=&#8221;0 0px 0 25px&#8221; advanced_animations=&#8221;no&#8221; item_padding_600_768=&#8221;50px 0px 0 0px&#8221; item_padding_480=&#8221;50px 0px 0 0px&#8221;][vc_single_image image=&#8221;1544&#8243; img_size=&#8221;full&#8221; qode_css_animation=&#8221;&#8221; qode_hover_animation=&#8221;zoom_in&#8221;][\/qode_elements_holder_item][\/qode_elements_holder][\/vc_column][\/vc_row]<\/p>\n","protected":false},"excerpt":{"rendered":"<p>[vc_row css_animation=&#8221;&#8221; row_type=&#8221;row&#8221; use_row_as_full_screen_section=&#8221;no&#8221; type=&#8221;grid&#8221; angled_section=&#8221;no&#8221; text_align=&#8221;left&#8221; background_image_as_pattern=&#8221;without_pattern&#8221; css=&#8221;.vc_custom_1536090424876{padding-top: 100px !important;padding-bottom: 60px !important;}&#8221; z_index=&#8221;&#8221;][vc_column][qode_elements_holder number_of_columns=&#8221;two_columns&#8221; switch_to_one_column=&#8221;1000&#8243;][qode_elements_holder_item item_padding=&#8221;0 25px 0 0&#8243; advanced_animations=&#8221;no&#8221;][vc_single_image image=&#8221;1469&#8243; img_size=&#8221;full&#8221; qode_css_animation=&#8221;&#8221; qode_hover_animation=&#8221;zoom_in&#8221;][\/qode_elements_holder_item][qode_elements_holder_item advanced_animations=&#8221;no&#8221; item_padding_1280_1440=&#8221;0 0 130px 25px&#8221; item_padding_1024_1280=&#8221;0 0 50px 25px&#8221; item_padding_600_768=&#8221;40px 0px 0px 0px&#8221; item_padding_480=&#8221;40px 0px 0px 0px&#8221;][vc_column_text] Vi ger bekv\u00e4mlighet&#8230;<\/p>\n","protected":false},"author":1,"featured_media":0,"parent":0,"menu_order":0,"comment_status":"closed","ping_status":"closed","template":"","meta":{"footnotes":""},"_links":{"self":[{"href":"https:\/\/hybridsystem.ee\/sv\/wp-json\/wp\/v2\/pages\/1788"}],"collection":[{"href":"https:\/\/hybridsystem.ee\/sv\/wp-json\/wp\/v2\/pages"}],"about":[{"href":"https:\/\/hybridsystem.ee\/sv\/wp-json\/wp\/v2\/types\/page"}],"author":[{"embeddable":true,"href":"https:\/\/hybridsystem.ee\/sv\/wp-json\/wp\/v2\/users\/1"}],"replies":[{"embeddable":true,"href":"https:\/\/hybridsystem.ee\/sv\/wp-json\/wp\/v2\/comments?post=1788"}],"version-history":[{"count":2,"href":"https:\/\/hybridsystem.ee\/sv\/wp-json\/wp\/v2\/pages\/1788\/revisions"}],"predecessor-version":[{"id":1790,"href":"https:\/\/hybridsystem.ee\/sv\/wp-json\/wp\/v2\/pages\/1788\/revisions\/1790"}],"wp:attachment":[{"href":"https:\/\/hybridsystem.ee\/sv\/wp-json\/wp\/v2\/media?parent=1788"}],"curies":[{"name":"wp","href":"https:\/\/api.w.org\/{rel}","templated":true}]}}