

{"id":1760,"date":"2019-05-12T16:51:10","date_gmt":"2019-05-12T11:51:10","guid":{"rendered":"https:\/\/www.hybridsystem.ee\/?page_id=1760"},"modified":"2024-07-29T16:04:46","modified_gmt":"2024-07-29T13:04:46","slug":"om-oss","status":"publish","type":"page","link":"https:\/\/hybridsystem.ee\/sv\/om-oss\/","title":{"rendered":"OM OSS"},"content":{"rendered":"<p>[vc_row row_type=&#8221;parallax&#8221; parallax_content_width=&#8221;in_grid&#8221; text_align=&#8221;center&#8221; background_image=&#8221;417&#8243; full_screen_section_height=&#8221;no&#8221; el_class=&#8221;about-row-main&#8221; css=&#8221;.vc_custom_1541402629597{background-image: url(https:\/\/www.hybridsystem.ee\/wp-content\/uploads\/2018\/08\/alphabets-ancient-box-529926-min.jpg?id=486) !important;}&#8221;][vc_column offset=&#8221;vc_col-xs-12&#8243; css=&#8221;.vc_custom_1541402595857{padding-top: 30px !important;padding-right: 80px !important;padding-bottom: 30px !important;padding-left: 80px !important;background-color: rgba(10,10,10,0.8) !important;*background-color: rgb(10,10,10) !important;}&#8221;][vc_row_inner row_type=&#8221;row&#8221; type=&#8221;full_width&#8221; text_align=&#8221;left&#8221; css_animation=&#8221;&#8221; css=&#8221;.vc_custom_1535820866025{padding-right: 30px !important;padding-left: 30px !important;}&#8221; el_class=&#8221;about-sec2&#8243;][vc_column_inner offset=&#8221;vc_hidden-lg vc_hidden-md vc_hidden-sm vc_hidden-xs&#8221;][vc_empty_space height=&#8221;50px&#8221;][vc_column_text]<\/p>\n<h2 style=\"text-align: center;\">Our Values<\/h2>\n<p>[\/vc_column_text][vc_empty_space height=&#8221;10px&#8221;][vc_column_text]<\/p>\n<p style=\"text-align: center;\">Our core values are a reflection of our vision and mission. Our values are established on a foundation so unique yet mutual to each of our clients; we are the future of sustainable water and that in itself is a foundation too concrete. We desire to grow the idea of the \u2018Hybrid Well\u2019 and persist in our efforts to maintain the water program while preserving the core concept of \u2018Hybrid System\u2019.<\/p>\n<p>[\/vc_column_text][vc_empty_space height=&#8221;50px&#8221;]<div class='q_icon_with_title tiny circle '><div class=\"icon_holder \" style=\" \"><span data-icon-type=\"circle\" data-icon-hover-color=\"#1c75bc\" data-icon-hover-bg-color=\"#ffffff\" class=\"qode_iwt_icon_holder fa-stack fa-lg  \" style=\"font-size: 75px;border-color: #ffffff;background-color: #ffffff;\"><i class=\"qode_icon_font_awesome fa fa-bullseye qode_iwt_icon_element\" style=\"font-size: 115px;\" ><\/i><\/span><\/div><div class=\"icon_text_holder\" style=\"\"><div class=\"icon_text_inner\" style=\"\"><h3 class=\"icon_title\" style=\"color: #1c75bc;font-weight: 500;\">Consistency is the Key<\/h3><p style=''>We aim to constantly enhance our perception about invention by emerging with underdrain and rainwater solutions that the world has not yet visualised and experienced. We wish to further make this practice easier in ways that will promote maximum sustainability while providing a convenient, economical and advantageous end-solution to all our customers.<\/p><\/div><\/div><\/div>[vc_empty_space height=&#8221;20px&#8221;]<div class='q_icon_with_title tiny circle '><div class=\"icon_holder \" style=\" \"><span data-icon-type=\"circle\" data-icon-hover-color=\"#1c75bc\" data-icon-hover-bg-color=\"#ffffff\" class=\"qode_iwt_icon_holder fa-stack fa-lg  \" style=\"font-size: 75px;border-color: #ffffff;background-color: #ffffff;\"><i class=\"qode_icon_font_awesome fa fa-bullseye qode_iwt_icon_element\" style=\"font-size: 115px;\" ><\/i><\/span><\/div><div class=\"icon_text_holder\" style=\"\"><div class=\"icon_text_inner\" style=\"\"><h3 class=\"icon_title\" style=\"color: #1c75bc;font-weight: 500;\">Investment is not all about Capitalisation<\/h3><p style=''>We invested all our efforts, time and resources turning our dream into a reality. Today, we do not just expect our client to exhaust their valuable assets over something that will not benefit them or be reliable for them. We are sure that the \u2018Hybrid Well\u2019 is a sustainable water solution that will not just benefit one, but all. Therefore, we do not let our consumer\u2019s trust or investment go to waste.<\/p><\/div><\/div><\/div>[vc_empty_space height=&#8221;10px&#8221;]<div class='q_icon_with_title tiny circle '><div class=\"icon_holder \" style=\" \"><span data-icon-type=\"circle\" data-icon-hover-color=\"#1c75bc\" data-icon-hover-bg-color=\"#ffffff\" class=\"qode_iwt_icon_holder fa-stack fa-lg  \" style=\"font-size: 75px;border-color: #ffffff;background-color: #ffffff;\"><i class=\"qode_icon_font_awesome fa fa-bullseye qode_iwt_icon_element\" style=\"font-size: 115px;\" ><\/i><\/span><\/div><div class=\"icon_text_holder\" style=\"\"><div class=\"icon_text_inner\" style=\"\"><h3 class=\"icon_title\" style=\"color: #1c75bc;font-weight: 500;\">Excellence is Priority<\/h3><p style=''>Our team is never reluctant to learn; we aim to pursue endless knowledge and so gain expertise in what we have already been doing and that is, executing the art of innovation beyond imagination. We are confident that the \u2018Hybrid Well\u2019 will last, not just in the market, but in the future world to come; and it is because of the success of this product that we are confident and eager to produce new products which could meet rainwater and underdrain concerns. There could surely be further modifications, additions, subtractions or even a replication, but what we created we are sure to let it stand out among the rest.<\/p><\/div><\/div><\/div>[\/vc_column_inner][\/vc_row_inner][vc_row_inner row_type=&#8221;row&#8221; type=&#8221;full_width&#8221; text_align=&#8221;center&#8221; css_animation=&#8221;&#8221; el_class=&#8221;about-sec1&#8243;][vc_column_inner][vc_column_text]<\/p>\n<h2>V\u00e5r ber\u00e4ttelse<\/h2>\n<p>[\/vc_column_text][vc_empty_space height=&#8221;15px&#8221;][vc_column_text]<\/p>\n<p style=\"text-align: center;\">Vi uppfann Hybrid Well 2013, som slutligen bed\u00f6mdes vara f\u00e4rdig \u00e5r 2018. Den ursprungliga uppfinningen var ett m\u00e4sterverk av sin skapares sinne &#8211; Petteri. Han hade observerat hur ett underavloppssystem normalt installeras, och b\u00f6rjade fundera och forska i hur en alternativ l\u00f6sning skulle kunna uppn\u00e5 samma syfte p\u00e5 betydligt mindre tid och med ett v\u00e4nligt f\u00f6rh\u00e5llningss\u00e4tt mot milj\u00f6n. Tanken som f\u00f6rst framtr\u00e4dde f\u00f6r honom som en ide var d\u00e5 konceptualiserad till en verklighet som efter \u00e5r av engagemang, forskning, investeringar och modifieringar kom fram som &#8220;Hybrid Well&#8221;.<\/p>\n<p style=\"text-align: center;\">Petteri \u00e4r mannen bakom innovationen av Hybrid Well. Han var s\u00e4ker och medveten om att hans uppfinning skulle p\u00e5verka det nuvarande systemet drastiskt. Med tanke p\u00e5 den m\u00e4ngd anstr\u00e4ngning och forskning som projektet skulle inneb\u00e4ra, best\u00e4mde han sig f\u00f6r att utveckla sin id\u00e9 och sitt projekt med en partner. Fr\u00e5n deras gemensamma 39-\u00e5riga aff\u00e4rserfarenhet och relation, bildar de f\u00f6retagets ryggrad, deras relation m\u00f6jliggjorde &#8220;Hybrid System&#8221; och dess rykte p\u00e5 marknaden f\u00f6r sina fantastiska operativa funktioner och framg\u00e5ng.<\/p>\n<p>[\/vc_column_text][vc_empty_space height=&#8221;50px&#8221;][qode_elements_holder number_of_columns=&#8221;one_column&#8221; alignment_one_column=&#8221;left&#8221;][qode_elements_holder_item item_padding=&#8221;0 10%&#8221; vertical_alignment=&#8221;top&#8221; horizontal_alignment=&#8221;left&#8221; advanced_animations=&#8221;no&#8221;]<div class='q_icon_with_title tiny circle '><div class=\"icon_holder \" style=\" \"><span data-icon-type=\"circle\"  data-icon-hover-bg-color=\"rgba(0,0,0,0.01)\" class=\"qode_iwt_icon_holder fa-stack fa-lg  \" style=\"font-size: 55px;border-color: #257cc2;background-color: rgba(0,0,0,0.01);\"><i class=\"qode_icon_font_awesome fa fa-book qode_iwt_icon_element\" style=\"font-size: 55px;color: #257cc2;\" ><\/i><\/span><\/div><div class=\"icon_text_holder\" style=\"\"><div class=\"icon_text_inner\" style=\"\"><h3 class=\"icon_title\" style=\"\">V\u00e5r tro<\/h3><p style=''>Mellan uppfinning och eliminering m\u00e5ste det finnas ett h\u00e5llbart utnyttjande av g\u00e5 gr\u00f6nt f\u00f6r att gynna v\u00e5r nuvarande och en of\u00f6ruts\u00e4gbar framtid<\/p><\/div><\/div><\/div>[vc_empty_space height=&#8221;15px&#8221;]<div class='q_icon_with_title tiny circle '><div class=\"icon_holder \" style=\" \"><span data-icon-type=\"circle\"  data-icon-hover-bg-color=\"rgba(0,0,0,0.01)\" class=\"qode_iwt_icon_holder fa-stack fa-lg  \" style=\"font-size: 55px;border-color: #257cc2;background-color: rgba(0,0,0,0.01);\"><i class=\"qode_icon_font_awesome fa fa-handshake-o qode_iwt_icon_element\" style=\"font-size: 55px;color: #257cc2;\" ><\/i><\/span><\/div><div class=\"icon_text_holder\" style=\"\"><div class=\"icon_text_inner\" style=\"\"><h3 class=\"icon_title\" style=\"\">V\u00e5r vision<\/h3><p style=''>Ett system som siktar p\u00e5 en gr\u00f6n design av jorden som f\u00f6rutser och uppfinner omfattande l\u00f6sningar och produkter f\u00f6r regnvatten och underavloppssystem.<\/p><\/div><\/div><\/div>[vc_empty_space height=&#8221;15px&#8221;]<div class='q_icon_with_title tiny circle '><div class=\"icon_holder \" style=\" \"><span data-icon-type=\"circle\"  data-icon-hover-bg-color=\"rgba(0,0,0,0.01)\" class=\"qode_iwt_icon_holder fa-stack fa-lg  \" style=\"font-size: 55px;border-color: #257cc2;background-color: rgba(0,0,0,0.01);\"><i class=\"qode_icon_font_awesome fa fa-tint qode_iwt_icon_element\" style=\"font-size: 55px;color: #257cc2;\" ><\/i><\/span><\/div><div class=\"icon_text_holder\" style=\"\"><div class=\"icon_text_inner\" style=\"\"><h3 class=\"icon_title\" style=\"\">V\u00e5rt uppdrag<\/h3><p style=''>Vi p\u00e5 Hybrid System avser att forts\u00e4tta sprida v\u00e5r kunskap och innovativa rekreationsomr\u00e5den \u00f6ver hela v\u00e4rlden - att obevekligt forts\u00e4tta utvecklingen av h\u00e5llbara uppfinningar \u00e4r v\u00e5r mission. Genom att driva v\u00e5r mission str\u00e4var vi efter att uppn\u00e5 l\u00f6sningar som kommer att omfatta olika funktionella r\u00f6r, olika regnvattensbrunnar, avloppsh\u00e5l och andra produkter som avsev\u00e4rt uppvisar en milj\u00f6v\u00e4nlig och prisv\u00e4rd strategi.<\/p><\/div><\/div><\/div>[\/qode_elements_holder_item][\/qode_elements_holder][\/vc_column_inner][\/vc_row_inner][vc_row_inner row_type=&#8221;row&#8221; type=&#8221;full_width&#8221; anchor=&#8221;meet-the-team&#8221; text_align=&#8221;left&#8221; padding_top=&#8221;70&#8243; padding_bottom=&#8221;30&#8243; css_animation=&#8221;&#8221;][vc_column_inner][vc_column_text]<\/p>\n<h2>Tr\u00e4ffa teamet<\/h2>\n<p>[\/vc_column_text][vc_empty_space height=&#8221;20px&#8221;][vc_column_text]Hybrid System \u00e4r ett team best\u00e5ende av sex medlemmar som har tagit fram och avancerat begreppet &#8220;Hybrid Well&#8221; och har som mission att forts\u00e4tta anstr\u00e4ngningar och ge jorden och dess m\u00e4nniskor innovativa, milj\u00f6m\u00e4ssigt progressiva och h\u00e5llbara regnvatten- och dr\u00e4neringsl\u00f6sningar som bara kommer utvecklas och expanderas.[\/vc_column_text][\/vc_column_inner][\/vc_row_inner][vc_row_inner row_type=&#8221;row&#8221; type=&#8221;full_width&#8221; text_align=&#8221;left&#8221; padding_top=&#8221;30&#8243; css_animation=&#8221;&#8221; el_class=&#8221;team-s-info&#8221;][vc_column_inner width=&#8221;1\/3&#8243;][vc_single_image image=&#8221;1373&#8243; img_size=&#8221;full&#8221; alignment=&#8221;center&#8221; qode_css_animation=&#8221;&#8221;][vc_empty_space height=&#8221;50px&#8221;][\/vc_column_inner][vc_column_inner width=&#8221;1\/3&#8243;][vc_single_image image=&#8221;1761&#8243; img_size=&#8221;full&#8221; alignment=&#8221;center&#8221; qode_css_animation=&#8221;&#8221;][vc_empty_space height=&#8221;50px&#8221;][\/vc_column_inner][\/vc_row_inner][\/vc_column][\/vc_row]<\/p>\n","protected":false},"excerpt":{"rendered":"<p>[vc_row row_type=&#8221;parallax&#8221; parallax_content_width=&#8221;in_grid&#8221; text_align=&#8221;center&#8221; background_image=&#8221;417&#8243; full_screen_section_height=&#8221;no&#8221; el_class=&#8221;about-row-main&#8221; css=&#8221;.vc_custom_1541402629597{background-image: url(https:\/\/www.hybridsystem.ee\/wp-content\/uploads\/2018\/08\/alphabets-ancient-box-529926-min.jpg?id=486) !important;}&#8221;][vc_column offset=&#8221;vc_col-xs-12&#8243; css=&#8221;.vc_custom_1541402595857{padding-top: 30px !important;padding-right: 80px !important;padding-bottom: 30px !important;padding-left: 80px !important;background-color: rgba(10,10,10,0.8) !important;*background-color: rgb(10,10,10) !important;}&#8221;][vc_row_inner row_type=&#8221;row&#8221; type=&#8221;full_width&#8221; text_align=&#8221;left&#8221; css_animation=&#8221;&#8221; css=&#8221;.vc_custom_1535820866025{padding-right: 30px !important;padding-left: 30px !important;}&#8221; el_class=&#8221;about-sec2&#8243;][vc_column_inner offset=&#8221;vc_hidden-lg vc_hidden-md vc_hidden-sm vc_hidden-xs&#8221;][vc_empty_space height=&#8221;50px&#8221;][vc_column_text] Our Values [\/vc_column_text][vc_empty_space height=&#8221;10px&#8221;][vc_column_text] Our core&#8230;<\/p>\n","protected":false},"author":1,"featured_media":0,"parent":0,"menu_order":0,"comment_status":"closed","ping_status":"closed","template":"full_width.php","meta":{"footnotes":""},"_links":{"self":[{"href":"https:\/\/hybridsystem.ee\/sv\/wp-json\/wp\/v2\/pages\/1760"}],"collection":[{"href":"https:\/\/hybridsystem.ee\/sv\/wp-json\/wp\/v2\/pages"}],"about":[{"href":"https:\/\/hybridsystem.ee\/sv\/wp-json\/wp\/v2\/types\/page"}],"author":[{"embeddable":true,"href":"https:\/\/hybridsystem.ee\/sv\/wp-json\/wp\/v2\/users\/1"}],"replies":[{"embeddable":true,"href":"https:\/\/hybridsystem.ee\/sv\/wp-json\/wp\/v2\/comments?post=1760"}],"version-history":[{"count":4,"href":"https:\/\/hybridsystem.ee\/sv\/wp-json\/wp\/v2\/pages\/1760\/revisions"}],"predecessor-version":[{"id":2447,"href":"https:\/\/hybridsystem.ee\/sv\/wp-json\/wp\/v2\/pages\/1760\/revisions\/2447"}],"wp:attachment":[{"href":"https:\/\/hybridsystem.ee\/sv\/wp-json\/wp\/v2\/media?parent=1760"}],"curies":[{"name":"wp","href":"https:\/\/api.w.org\/{rel}","templated":true}]}}