

{"id":1745,"date":"2019-05-12T16:45:05","date_gmt":"2019-05-12T11:45:05","guid":{"rendered":"https:\/\/www.hybridsystem.ee\/?page_id=1745"},"modified":"2019-05-12T16:46:13","modified_gmt":"2019-05-12T11:46:13","slug":"hem","status":"publish","type":"page","link":"https:\/\/hybridsystem.ee\/sv\/","title":{"rendered":"HEM"},"content":{"rendered":"<p>[vc_row css_animation=&#8221;&#8221; row_type=&#8221;row&#8221; use_row_as_full_screen_section=&#8221;yes&#8221; type=&#8221;full_width&#8221; angled_section=&#8221;no&#8221; text_align=&#8221;left&#8221; video=&#8221;show_video&#8221; video_overlay=&#8221;show_video_overlay&#8221; background_image_as_pattern=&#8221;without_pattern&#8221; z_index=&#8221;&#8221; el_class=&#8221;imagebg&#8221;][vc_column][rev_slider_vc alias=&#8221;home-slider&#8221;][\/vc_column][\/vc_row][vc_row css_animation=&#8221;&#8221; row_type=&#8221;row&#8221; use_row_as_full_screen_section=&#8221;yes&#8221; type=&#8221;full_width&#8221; angled_section=&#8221;no&#8221; text_align=&#8221;left&#8221; video=&#8221;show_video&#8221; video_overlay=&#8221;show_video_overlay&#8221; video_mp4=&#8221;https:\/\/www.hybridsystem.ee\/wp-content\/uploads\/2018\/12\/2.mp4&#8243; background_image=&#8221;290&#8243; background_image_as_pattern=&#8221;with_pattern&#8221; background_color=&#8221;rgba(0,0,0,0.48)&#8221; padding_top=&#8221;120&#8243; padding_bottom=&#8221;70&#8243; z_index=&#8221;&#8221; el_class=&#8221;imagebg&#8221;][vc_column][vc_row_inner row_type=&#8221;row&#8221; type=&#8221;grid&#8221; text_align=&#8221;left&#8221; css_animation=&#8221;&#8221; el_class=&#8221;progress-line&#8221;][vc_column_inner width=&#8221;1\/2&#8243;][vc_single_image image=&#8221;1382&#8243; img_size=&#8221;full&#8221; alignment=&#8221;center&#8221; qode_css_animation=&#8221;&#8221;][vc_empty_space height=&#8221;30px&#8221;][\/vc_column_inner][vc_column_inner width=&#8221;1\/2&#8243;][vc_column_text]<\/p>\n<h2>F\u00f6rdelarna med Hybrid Well<\/h2>\n<p>[\/vc_column_text][vc_empty_space height=&#8221;18px&#8221;][vc_column_text]Att skapa en produkt med f\u00f6rdelar \u00e4r avg\u00f6rande f\u00f6r alla f\u00f6retag, det \u00e4r det f\u00f6r oss ocks\u00e5. Vi uppfinner f\u00f6r att gynna alla, inte bara den enskilda individen. H\u00e4r \u00e4r en smygtitt p\u00e5 f\u00f6rdelarna med att installera Hybrid Well:[\/vc_column_text][vc_empty_space height=&#8221;50px&#8221;]<div class='q_progress_bar'><h4 class='progress_title_holder clearfix' style='color: #ffffff;'><span class='progress_title'><span>Minskad utgr\u00e4vning sparar arbetskraftskostnad med <\/span><\/span><span class='progress_number' style='color: #ffffff;font-size: 20px;font-weight: 600;'><span>0<\/span>%<\/span><\/h4><div class='progress_content_outer' style='height: 24px;border-radius: 5px;-moz-border-radius: 5px;-webkit-border-radius: 5px;background-color: rgba(0, 186, 2, 0);'><div data-percentage='65' class='progress_content' style='height: 24px;background-color: #1c75bc;border: 1px solid rgba(0,0,0,0.01);'><\/div><\/div><\/div><div class='q_progress_bar'><h4 class='progress_title_holder clearfix' style='color: #ffffff;'><span class='progress_title'><span>Gr\u00e4vning av ett smalt dike fr\u00e4mjar gr\u00f6nv\u00e4xt med <\/span><\/span><span class='progress_number' style='color: #ffffff;font-size: 20px;font-weight: 600;'><span>0<\/span>%<\/span><\/h4><div class='progress_content_outer' style='height: 24px;border-radius: 5px;-moz-border-radius: 5px;-webkit-border-radius: 5px;background-color: rgba(255, 255, 255, 0);'><div data-percentage='83' class='progress_content' style='height: 24px;background-color: #1c75bc;'><\/div><\/div><\/div><div class='q_progress_bar'><h4 class='progress_title_holder clearfix' style='color: #ffffff;'><span class='progress_title'><span>Anv\u00e4ndning av \u00e5tervunnet plast \u00e4r milj\u00f6v\u00e4nligt med <\/span><\/span><span class='progress_number' style='color: #ffffff;font-size: 20px;font-weight: 600;'><span>0<\/span>%<\/span><\/h4><div class='progress_content_outer' style='height: 24px;border-radius: 5px;-moz-border-radius: 5px;-webkit-border-radius: 5px;background-color: rgba(255, 255, 255, 0);'><div data-percentage='75' class='progress_content' style='height: 24px;background-color: #1c75bc;'><\/div><\/div><\/div>[\/vc_column_inner][\/vc_row_inner][vc_row_inner row_type=&#8221;row&#8221; type=&#8221;grid&#8221; text_align=&#8221;left&#8221; css_animation=&#8221;&#8221; css=&#8221;.vc_custom_1535567387046{padding-top: 5% !important;}&#8221;][vc_column_inner width=&#8221;1\/2&#8243; css=&#8221;.vc_custom_1538457069563{padding-right: 15% !important;}&#8221; offset=&#8221;vc_col-lg-3 vc_col-md-3 vc_col-xs-12&#8243;]<div class=\"q_counter_holder  center\" style=\"\"><span class=\"counter  zero\" style=\"color: #ffffff;font-size: 70px;font-weight: 600;\"><\/span><p class=\"counter_text\" style=\"font-size: 21px;font-weight: 400;text-transform: none;color: #ffffff;\">Orginell och h\u00e5llbar dr\u00e4neringsl\u00f6sning<\/p><\/div>[vc_empty_space height=&#8221;30px&#8221;][\/vc_column_inner][vc_column_inner width=&#8221;1\/2&#8243; css=&#8221;.vc_custom_1538457076283{padding-right: 15% !important;}&#8221; offset=&#8221;vc_col-lg-3 vc_col-md-3 vc_col-xs-12&#8243;]<div class=\"q_counter_holder  center\" style=\"\"><span class=\"counter  zero\" style=\"color: #ffffff;font-size: 70px;font-weight: 600;\">334<\/span><p class=\"counter_text\" style=\"font-size: 21px;font-weight: 400;text-transform: none;color: #ffffff;\">Kompatibel med alla befintliga brunnskydd och regnvattenn\u00e4t<\/p><\/div>[vc_empty_space height=&#8221;30px&#8221;][\/vc_column_inner][vc_column_inner width=&#8221;1\/2&#8243; css=&#8221;.vc_custom_1538457085482{padding-right: 15% !important;}&#8221; offset=&#8221;vc_col-lg-3 vc_col-md-3 vc_col-xs-12&#8243;]<div class=\"q_counter_holder  center\" style=\"\"><span class=\"counter  zero\" style=\"color: #ffffff;font-size: 70px;font-weight: 600;\">289<\/span><p class=\"counter_text\" style=\"font-size: 21px;font-weight: 400;text-transform: none;color: #ffffff;\">Installerad p\u00e5 avloppsbrunn<\/p><\/div>[vc_empty_space height=&#8221;30px&#8221;][\/vc_column_inner][vc_column_inner width=&#8221;1\/2&#8243; css=&#8221;.vc_custom_1538457092546{padding-right: 15% !important;}&#8221; offset=&#8221;vc_col-lg-3 vc_col-md-3 vc_col-xs-12&#8243;]<div class=\"q_counter_holder  center\" style=\"\"><span class=\"counter  zero\" style=\"color: #ffffff;font-size: 70px;font-weight: 600;\">416<\/span><p class=\"counter_text\" style=\"font-size: 21px;font-weight: 400;text-transform: none;color: #ffffff;\">Enkel \u00e5tkomst till avloppsr\u00f6r<\/p><\/div>[vc_empty_space height=&#8221;30px&#8221;][\/vc_column_inner][\/vc_row_inner][\/vc_column][\/vc_row][vc_row css_animation=&#8221;&#8221; row_type=&#8221;row&#8221; use_row_as_full_screen_section=&#8221;yes&#8221; type=&#8221;grid&#8221; angled_section=&#8221;no&#8221; text_align=&#8221;left&#8221; background_image_as_pattern=&#8221;without_pattern&#8221; padding_top=&#8221;100&#8243; padding_bottom=&#8221;100&#8243; z_index=&#8221;&#8221; el_class=&#8221;.whitebg&#8221;][vc_column][qode_elements_holder number_of_columns=&#8221;two_columns&#8221;][qode_elements_holder_item item_padding=&#8221;0 16% 0 0%&#8221; vertical_alignment=&#8221;middle&#8221; advanced_animations=&#8221;no&#8221;][vc_column_text]<\/p>\n<h2><strong>Installation<br \/>\n<\/strong><\/h2>\n<p>[\/vc_column_text][vc_empty_space][vc_column_text]Innovationen i topp &#8211; Hybrid Well \u00e4r ett orginellt koncept som inte bara \u00e4r bra f\u00f6r f\u00f6rsta-g\u00e5ngen installationer, men det \u00e4r ocks\u00e5 kompatibelt med befintliga brunnskydd och regnvattenn\u00e4t vilket g\u00f6r att det ocks\u00e5 kan gynna renoveringsprojekt. Genom att l\u00e5ta regnvatten- och underavloppssystem placeras ovanp\u00e5 varandra \u00e4r det m\u00f6jligt att koppla samman alla tekniska egenskaper till ett enda dike d\u00e4r ventilen som h\u00e5ller hybriden separerar b\u00e5da systemen s\u00e5 att klart regnvatten som str\u00f6mmar fr\u00e5n taket kan styras genom samma r\u00f6rledningar, i diket&#8230;[\/vc_column_text][vc_empty_space height=&#8221;30px&#8221;][vc_column_text]<\/p>\n<h3>Kika ocks\u00e5 in p\u00e5:<\/h3>\n<p>[\/vc_column_text][vc_empty_space height=&#8221;20px&#8221;]<div class='q_icon_with_title small normal_icon '><div class=\"icon_holder \" style=\" \"><span data-icon-type=\"normal\"   style=\"\" class=\"qode_iwt_icon_holder q_font_awsome_icon fa-2x  \"><i class=\"qode_icon_font_awesome fa fa-clipboard qode_iwt_icon_element\" style=\"\" ><\/i><\/span><\/div><div class=\"icon_text_holder\" style=\"\"><div class=\"icon_text_inner\" style=\"\"><h5 class=\"icon_title\" style=\"\"><\/h5><p style=''><\/p><a itemprop='url' class='icon_with_title_link' href='https:\/\/www.hybridsystem.ee\/sv\/hybrid-well\/#product-info' target='_self' style='color: #c8c8c8;'>Anv\u00e4ndarguide<\/a><\/div><\/div><\/div>[vc_empty_space height=&#8221;7px&#8221;]<div class='q_icon_with_title small normal_icon '><div class=\"icon_holder \" style=\" \"><span data-icon-type=\"normal\"   style=\"\" class=\"qode_iwt_icon_holder q_font_awsome_icon fa-2x  \"><i class=\"qode_icon_font_awesome fa fa-thumbs-o-up qode_iwt_icon_element\" style=\"\" ><\/i><\/span><\/div><div class=\"icon_text_holder\" style=\"\"><div class=\"icon_text_inner\" style=\"\"><h5 class=\"icon_title\" style=\"\"><\/h5><p style=''><\/p><a itemprop='url' class='icon_with_title_link' href='https:\/\/www.hybridsystem.ee\/sv\/hybrid-well\/#product-info' target='_self' style='color: #c8c8c8;'>Funktioner<\/a><\/div><\/div><\/div>[vc_empty_space height=&#8221;40px&#8221;]\n\n\t<a href=\"https:\/\/www.hybridsystem.ee\/sv\/hybrid-well\/\" target=\"_self\"  class=\"qode-btn qode-btn-medium qode-btn-solid qode-btn-icon qodef-btn-icon-square qode-btn-icon-rotate\"  >\n\t    <span class=\"qode-btn-text\">L\u00e4s mer<\/span><span class=\"qode-button-v2-icon-holder\" style=\"font-size: 23px\" ><span aria-hidden=\"true\" class=\"qode_icon_font_elegant icon_plus qode-button-v2-icon-holder-inner\" ><\/span><\/span>\t<\/a>\n\n[vc_empty_space height=&#8221;55px&#8221;][\/qode_elements_holder_item][qode_elements_holder_item item_padding=&#8221;0px 0% 0 8%&#8221; vertical_alignment=&#8221;middle&#8221; advanced_animations=&#8221;no&#8221;]<div class='qode_image_gallery_no_space light'><div class='qode_image_gallery_holder' style='height: 500px;'><ul  ><li  ><div style=\"height: 500px; width:889px;\"><a itemprop=\"image\" class=\"prettyphoto\" data-rel=\"prettyPhoto[rel-510190845]\" href=\"https:\/\/hybridsystem.ee\/wp-content\/uploads\/2018\/12\/installation5_large.jpg\"><img itemprop=\"image\" src=\"https:\/\/hybridsystem.ee\/wp-content\/uploads\/2018\/12\/installation5_large.jpg\" alt=\"\" \/><\/a><\/div><\/li><li  ><div style=\"height: 500px; width:648px;\"><a itemprop=\"image\" class=\"prettyphoto\" data-rel=\"prettyPhoto[rel-510190845]\" href=\"https:\/\/hybridsystem.ee\/wp-content\/uploads\/2018\/12\/installation2_large.jpg\"><img itemprop=\"image\" src=\"https:\/\/hybridsystem.ee\/wp-content\/uploads\/2018\/12\/installation2_large.jpg\" alt=\"\" \/><\/a><\/div><\/li><li  ><div style=\"height: 500px; width:647px;\"><a itemprop=\"image\" class=\"prettyphoto\" data-rel=\"prettyPhoto[rel-510190845]\" href=\"https:\/\/hybridsystem.ee\/wp-content\/uploads\/2018\/12\/installation1_large.jpg\"><img itemprop=\"image\" src=\"https:\/\/hybridsystem.ee\/wp-content\/uploads\/2018\/12\/installation1_large.jpg\" alt=\"\" \/><\/a><\/div><\/li><li  ><div style=\"height: 500px; width:889px;\"><a itemprop=\"image\" class=\"prettyphoto\" data-rel=\"prettyPhoto[rel-510190845]\" href=\"https:\/\/hybridsystem.ee\/wp-content\/uploads\/2018\/12\/installation3_large.jpg\"><img itemprop=\"image\" src=\"https:\/\/hybridsystem.ee\/wp-content\/uploads\/2018\/12\/installation3_large.jpg\" alt=\"\" \/><\/a><\/div><\/li><li  ><div style=\"height: 500px; width:889px;\"><a itemprop=\"image\" class=\"prettyphoto\" data-rel=\"prettyPhoto[rel-510190845]\" href=\"https:\/\/hybridsystem.ee\/wp-content\/uploads\/2018\/12\/installation4_large.jpg\"><img itemprop=\"image\" src=\"https:\/\/hybridsystem.ee\/wp-content\/uploads\/2018\/12\/installation4_large.jpg\" alt=\"\" \/><\/a><\/div><\/li><\/ul><\/div><div class=\"controls\"><a class=\"prev-slide\" href=\"#\"><span><i class=\"fa fa-angle-left\"><\/i><\/span><\/a><a class=\"next-slide\" href=\"#\"><span><i class=\"fa fa-angle-right\"><\/i><\/span><\/a><\/div><\/div>[\/qode_elements_holder_item][\/qode_elements_holder][\/vc_column][\/vc_row][vc_row row_type=&#8221;parallax&#8221; parallax_content_width=&#8221;in_grid&#8221; text_align=&#8221;left&#8221; background_image=&#8221;896&#8243; full_screen_section_height=&#8221;no&#8221;][vc_column][vc_row_inner row_type=&#8221;row&#8221; type=&#8221;grid&#8221; text_align=&#8221;left&#8221; padding_top=&#8221;70&#8243; padding_bottom=&#8221;70&#8243; css_animation=&#8221;&#8221;][vc_column_inner width=&#8221;2\/3&#8243; offset=&#8221;vc_col-sm-offset-2&#8243;][vc_single_image image=&#8221;1274&#8243; img_size=&#8221;full&#8221; alignment=&#8221;center&#8221; qode_css_animation=&#8221;&#8221;][vc_column_text css=&#8221;.vc_custom_1557661562489{margin-top: -8% !important;}&#8221;]<\/p>\n<h2 style=\"color: rgba(255,255,255,0.95);\">Vad v\u00e5ra kunder s\u00e4ger<\/h2>\n<p>[\/vc_column_text]<div class='testimonials_c_holder clearfix light'><div class=\"testimonials_c testimonials_c_carousel\" data-show-navigation=\"yes\" data-animation-speed=\"\" data-auto-rotate-slides=\"5\" data-number-per-slide=\"1\"><ul class=\"slides\"><li id=\"testimonials-c-1607\" class=\"testimonial_content\"><div class=\"testimonial_content_inner\"><div class=\"testimonial_text_holder\"><div class=\"testimonial_text_inner\" style=\"color: rgba(255,255,255,0.95);\"><p style='font-size:20px;color:rgba(255,255,255,0.95);'>Deras arbete i mitt hem var s\u00e5 spektakul\u00e4rt att jag ins\u00e5g att jag ocks\u00e5 beh\u00f6ver hj\u00e4lp med mitt f\u00f6retag. De gav mig inte bara ett l\u00e4mpligt svar p\u00e5 hur jag hanterar regnvatten och underh\u00e5llsarrangemang, men de minskade ocks\u00e5 kostnaden f\u00f6r arbetskostnader och efter-regn besv\u00e4ret.<\/p><p class=\"testimonial_author\" style=\"color: rgba(255,255,255,0.95);font-weight: 500;color: rgba(255,255,255,0.95);font-size: 16px;\">- Jeans Stoner -<\/p><\/div><\/div><\/div><\/li><li id=\"testimonials-c-1603\" class=\"testimonial_content\"><div class=\"testimonial_content_inner\"><div class=\"testimonial_text_holder\"><div class=\"testimonial_text_inner\" style=\"color: rgba(255,255,255,0.95);\"><p style='font-size:20px;color:rgba(255,255,255,0.95);'>N\u00e4r det g\u00e4ller att g\u00e5 gr\u00f6nt f\u00f6r moder jords v\u00e4lbefinnande finns det m\u00e5nga f\u00f6retag d\u00e4rute som kan hj\u00e4lpa till, men Hybrid System hj\u00e4lper mig som individ att hj\u00e4lpa moder jord. De har gjort det m\u00f6jligt f\u00f6r mig att installera denna innovativa id\u00e9 f\u00f6r mitt f\u00f6retag och jag kan bekr\u00e4fta att det var v\u00e4rt varje \u00f6re som jag spenderade.<\/p><p class=\"testimonial_author\" style=\"color: rgba(255,255,255,0.95);font-weight: 500;color: rgba(255,255,255,0.95);font-size: 16px;\">- David May -<\/p><\/div><\/div><\/div><\/li><li id=\"testimonials-c-1595\" class=\"testimonial_content\"><div class=\"testimonial_content_inner\"><div class=\"testimonial_text_holder\"><div class=\"testimonial_text_inner\" style=\"color: rgba(255,255,255,0.95);\"><p style='font-size:20px;color:rgba(255,255,255,0.95);'>Hybrid Systems \u00e4r ett f\u00f6retag d\u00e4r det inte bara handlar om att s\u00e4lja sin produkt, utan det handlar mer om produkth\u00e5llbarhet, mekanism och \u00e5tervinningsbarhet, vilka har hj\u00e4lpt mig med int\u00e4kterna. Detta format gav mig sj\u00e4lvf\u00f6rtroendet att genomf\u00f6ra nya tekniker p\u00e5 mitt f\u00f6retag p\u00e5 en g\u00e5ng, i motsats till mitt tidigare misslyckade f\u00f6rs\u00f6k.<\/p><p class=\"testimonial_author\" style=\"color: rgba(255,255,255,0.95);font-weight: 500;color: rgba(255,255,255,0.95);font-size: 16px;\">- Jane Palmer -<\/p><\/div><\/div><\/div><\/li><li id=\"testimonials-c-1585\" class=\"testimonial_content\"><div class=\"testimonial_content_inner\"><div class=\"testimonial_text_holder\"><div class=\"testimonial_text_inner\" style=\"color: rgba(255,255,255,0.95);\"><p style='font-size:20px;color:rgba(255,255,255,0.95);'>Eftersom jag oroar mig f\u00f6r milj\u00f6f\u00f6rh\u00e5llandena i denna v\u00e4rld och den \u00f6kande kostnaden med tiden, gav Hybrid Systems mig en permanent l\u00f6sning p\u00e5 ett problem som var permanent i mitt fall. Deras team och deras prioritet att g\u00e5 gr\u00f6na motiverade mig \u00e4nnu mer att arbeta med dem f\u00f6r mitt hem. Det gjorde mig inte bara en mer milj\u00f6v\u00e4nlig m\u00e4nnsika utan ocks\u00e5 en sparsam s\u00e5dan.<\/p><p class=\"testimonial_author\" style=\"color: rgba(255,255,255,0.95);font-weight: 500;color: rgba(255,255,255,0.95);font-size: 16px;\">- Andrew Fisher -<\/p><\/div><\/div><\/div><\/li><\/ul><\/div><\/div>[\/vc_column_inner][\/vc_row_inner][\/vc_column][\/vc_row][vc_row css_animation=&#8221;&#8221; row_type=&#8221;row&#8221; use_row_as_full_screen_section=&#8221;yes&#8221; type=&#8221;full_width&#8221; angled_section=&#8221;no&#8221; text_align=&#8221;left&#8221; background_image_as_pattern=&#8221;without_pattern&#8221; z_index=&#8221;&#8221; el_class=&#8221;home-footer&#8221;][vc_column offset=&#8221;vc_hidden-lg vc_hidden-md vc_hidden-sm vc_hidden-xs&#8221;][vc_row_inner row_type=&#8221;row&#8221; type=&#8221;grid&#8221; text_align=&#8221;left&#8221; css_animation=&#8221;&#8221; css=&#8221;.vc_custom_1535580968315{background-image: url(https:\/\/www.hybridsystem.ee\/wp-content\/uploads\/2017\/10\/footer-bckg-image.jpg?id=182) !important;}&#8221; el_class=&#8221;homefooter-widgets-row&#8221;][vc_column_inner width=&#8221;1\/4&#8243;][vc_widget_sidebar sidebar_id=&#8221;footer_column_1&#8243;][\/vc_column_inner][vc_column_inner width=&#8221;1\/4&#8243;][vc_widget_sidebar sidebar_id=&#8221;footer_column_2&#8243;][\/vc_column_inner][vc_column_inner width=&#8221;1\/4&#8243;][vc_widget_sidebar sidebar_id=&#8221;footer_column_3&#8243;][\/vc_column_inner][vc_column_inner width=&#8221;1\/4&#8243;][vc_widget_sidebar sidebar_id=&#8221;footer_column_4&#8243;][\/vc_column_inner][\/vc_row_inner][vc_row_inner row_type=&#8221;row&#8221; type=&#8221;grid&#8221; text_align=&#8221;left&#8221; row_negative_margin=&#8221;disable_negative_margin&#8221; css_animation=&#8221;&#8221; css=&#8221;.vc_custom_1535583012266{background-color: #0a0a0a !important;}&#8221; el_class=&#8221;home-footer-bottom&#8221;][vc_column_inner el_class=&#8221;left&#8221; width=&#8221;1\/2&#8243;][vc_widget_sidebar sidebar_id=&#8221;footer_text_left&#8221;][\/vc_column_inner][vc_column_inner el_class=&#8221;right&#8221; width=&#8221;1\/2&#8243;][vc_widget_sidebar sidebar_id=&#8221;footer_text_right&#8221;][\/vc_column_inner][\/vc_row_inner][\/vc_column][\/vc_row]<\/p>\n","protected":false},"excerpt":{"rendered":"<p>[vc_row css_animation=&#8221;&#8221; row_type=&#8221;row&#8221; use_row_as_full_screen_section=&#8221;yes&#8221; type=&#8221;full_width&#8221; angled_section=&#8221;no&#8221; text_align=&#8221;left&#8221; video=&#8221;show_video&#8221; video_overlay=&#8221;show_video_overlay&#8221; background_image_as_pattern=&#8221;without_pattern&#8221; z_index=&#8221;&#8221; el_class=&#8221;imagebg&#8221;][vc_column][rev_slider_vc alias=&#8221;home-slider&#8221;][\/vc_column][\/vc_row][vc_row css_animation=&#8221;&#8221; row_type=&#8221;row&#8221; use_row_as_full_screen_section=&#8221;yes&#8221; type=&#8221;full_width&#8221; angled_section=&#8221;no&#8221; text_align=&#8221;left&#8221; video=&#8221;show_video&#8221; video_overlay=&#8221;show_video_overlay&#8221; video_mp4=&#8221;https:\/\/www.hybridsystem.ee\/wp-content\/uploads\/2018\/12\/2.mp4&#8243; background_image=&#8221;290&#8243; background_image_as_pattern=&#8221;with_pattern&#8221; background_color=&#8221;rgba(0,0,0,0.48)&#8221; padding_top=&#8221;120&#8243; padding_bottom=&#8221;70&#8243; z_index=&#8221;&#8221; el_class=&#8221;imagebg&#8221;][vc_column][vc_row_inner row_type=&#8221;row&#8221; type=&#8221;grid&#8221; text_align=&#8221;left&#8221; css_animation=&#8221;&#8221; el_class=&#8221;progress-line&#8221;][vc_column_inner width=&#8221;1\/2&#8243;][vc_single_image image=&#8221;1382&#8243; img_size=&#8221;full&#8221; alignment=&#8221;center&#8221; qode_css_animation=&#8221;&#8221;][vc_empty_space height=&#8221;30px&#8221;][\/vc_column_inner][vc_column_inner width=&#8221;1\/2&#8243;][vc_column_text] F\u00f6rdelarna med Hybrid Well&#8230;<\/p>\n","protected":false},"author":1,"featured_media":0,"parent":0,"menu_order":0,"comment_status":"closed","ping_status":"closed","template":"full_width.php","meta":{"footnotes":""},"_links":{"self":[{"href":"https:\/\/hybridsystem.ee\/sv\/wp-json\/wp\/v2\/pages\/1745"}],"collection":[{"href":"https:\/\/hybridsystem.ee\/sv\/wp-json\/wp\/v2\/pages"}],"about":[{"href":"https:\/\/hybridsystem.ee\/sv\/wp-json\/wp\/v2\/types\/page"}],"author":[{"embeddable":true,"href":"https:\/\/hybridsystem.ee\/sv\/wp-json\/wp\/v2\/users\/1"}],"replies":[{"embeddable":true,"href":"https:\/\/hybridsystem.ee\/sv\/wp-json\/wp\/v2\/comments?post=1745"}],"version-history":[{"count":4,"href":"https:\/\/hybridsystem.ee\/sv\/wp-json\/wp\/v2\/pages\/1745\/revisions"}],"predecessor-version":[{"id":1759,"href":"https:\/\/hybridsystem.ee\/sv\/wp-json\/wp\/v2\/pages\/1745\/revisions\/1759"}],"wp:attachment":[{"href":"https:\/\/hybridsystem.ee\/sv\/wp-json\/wp\/v2\/media?parent=1745"}],"curies":[{"name":"wp","href":"https:\/\/api.w.org\/{rel}","templated":true}]}}