

{"id":1971,"date":"2019-05-13T00:09:59","date_gmt":"2019-05-12T19:09:59","guid":{"rendered":"https:\/\/www.hybridsystem.ee\/?page_id=1971"},"modified":"2020-01-15T13:07:20","modified_gmt":"2020-01-15T08:07:20","slug":"yhteistyokumppanimme","status":"publish","type":"page","link":"https:\/\/hybridsystem.ee\/fi\/yhteistyokumppanimme\/","title":{"rendered":"Yhteisty\u00f6kumppanimme"},"content":{"rendered":"<p>[vc_row css_animation=&#8221;&#8221; row_type=&#8221;row&#8221; use_row_as_full_screen_section=&#8221;no&#8221; type=&#8221;grid&#8221; angled_section=&#8221;no&#8221; text_align=&#8221;left&#8221; background_image_as_pattern=&#8221;without_pattern&#8221; padding_top=&#8221;90&#8243; padding_bottom=&#8221;40&#8243; z_index=&#8221;&#8221;][vc_column width=&#8221;1\/3&#8243;][vc_column_text]<\/p>\n<h4><a href=\"https:\/\/www.holmgrensplast.se\/sv-SE\"><img decoding=\"async\" loading=\"lazy\" class=\"alignnone size-full wp-image-874\" src=\"https:\/\/www.hybridsystem.ee\/wp-content\/uploads\/2018\/11\/holmgrensplast.png\" alt=\"\" width=\"216\" height=\"67\" \/><\/a><\/h4>\n<h4><a style=\"color: #249bd2;\" href=\"https:\/\/www.holmgrensplast.se\/sv-SE\">Holmgrens Plast<\/a><\/h4>\n<h4>Kumppanit<\/h4>\n<p>[\/vc_column_text][vc_empty_space height=&#8221;15px&#8221;][vc_column_text]Ty\u00f6skentelemme t\u00e4ll\u00e4 hetkell\u00e4 huipputasoisen ISO sertifioidun tuotantoyhti\u00f6n \u201cHolmgrens Plast\u201d:in kanssa. Holgrens on aktiivinen tavoitteeseemme osallistuja maailman parantamisessa.[\/vc_column_text][vc_empty_space height=&#8221;15px&#8221;][vc_column_text]<\/p>\n<h6><span style=\"color: #35c7c9;\">office@holmgrensplast.se<\/span><\/h6>\n<p>[\/vc_column_text][\/vc_column][vc_column width=&#8221;1\/3&#8243;][vc_column_text]<\/p>\n<h4><a href=\"http:\/\/www.nordicplast.lv\/lv\/\"><img decoding=\"async\" loading=\"lazy\" class=\"alignnone wp-image-873\" style=\"background: #fff; padding: 10px;\" src=\"https:\/\/www.hybridsystem.ee\/wp-content\/uploads\/2018\/11\/nordicplast-logo.png\" alt=\"\" width=\"199\" height=\"70\" \/><\/a><\/h4>\n<h4><a style=\"color: #249bd2;\" href=\"http:\/\/www.nordicplast.lv\/lv\/\">Nordic Plast<\/a><\/h4>\n<h4>Kumppani<\/h4>\n<p>[\/vc_column_text][vc_empty_space height=&#8221;15px&#8221;][vc_column_text]Nordic Plast Ltd. on kierr\u00e4tysyritys, joka on erikoistunut kierr\u00e4tt\u00e4m\u00e4\u00e4n LDPE kalvoa sek\u00e4 kovaa HDPE muovia.[\/vc_column_text][vc_empty_space height=&#8221;15px&#8221;][vc_column_text]<\/p>\n<h6><span style=\"color: #35c7c9;\">np@nordicplast.lv<\/span><\/h6>\n<p>[\/vc_column_text][\/vc_column][vc_column width=&#8221;1\/3&#8243;][vc_column_text]<\/p>\n<h4><a style=\"color: #249bd2;\" href=\"https:\/\/www.meltex.fi\/fi\/tuote\/infra-ja-maanrakentaminen\/rumpuputket-ja-osat\/rumpuputkien-osat\/rannikaivot\/126736\/hybrid-kaivo-315-sis-suppilon#\/productinfo\"><img decoding=\"async\" loading=\"lazy\" class=\"alignnone size-medium wp-image-2015\" src=\"https:\/\/www.hybridsystem.ee\/wp-content\/uploads\/2019\/06\/meltex-logo-300x94.png\" alt=\"\" width=\"300\" height=\"94\" srcset=\"https:\/\/hybridsystem.ee\/wp-content\/uploads\/2019\/06\/meltex-logo-300x94.png 300w, https:\/\/hybridsystem.ee\/wp-content\/uploads\/2019\/06\/meltex-logo-768x240.png 768w, https:\/\/hybridsystem.ee\/wp-content\/uploads\/2019\/06\/meltex-logo-1024x320.png 1024w, https:\/\/hybridsystem.ee\/wp-content\/uploads\/2019\/06\/meltex-logo-700x219.png 700w\" sizes=\"(max-width: 300px) 100vw, 300px\" \/><\/a><\/h4>\n<h4><a style=\"color: #249bd2;\" href=\"https:\/\/www.meltex.fi\/fi\/tuote\/infra-ja-maanrakentaminen\/rumpuputket-ja-osat\/rumpuputkien-osat\/rannikaivot\/126736\/hybrid-kaivo-315-sis-suppilon#\/productinfo\">Meltex<\/a><\/h4>\n<h4>Kumppani<\/h4>\n<p>[\/vc_column_text][vc_empty_space height=&#8221;15px&#8221;][vc_column_text]<\/p>\n<h6><span style=\"color: #35c7c9;\">myynti@meltex.fi<\/span><\/h6>\n<p>[\/vc_column_text][\/vc_column][\/vc_row][vc_row css_animation=&#8221;&#8221; row_type=&#8221;row&#8221; use_row_as_full_screen_section=&#8221;no&#8221; type=&#8221;grid&#8221; angled_section=&#8221;no&#8221; text_align=&#8221;left&#8221; background_image_as_pattern=&#8221;without_pattern&#8221; padding_top=&#8221;90&#8243; padding_bottom=&#8221;40&#8243; z_index=&#8221;&#8221;][vc_column width=&#8221;1\/3&#8243;][vc_column_text]<\/p>\n<h4><a href=\"https:\/\/www.lakkapaa.com\/\"><img decoding=\"async\" loading=\"lazy\" class=\"alignnone size-full wp-image-874\" src=\"https:\/\/www.hybridsystem.ee\/wp-content\/uploads\/2020\/01\/LP_Lakkapaa_logo.jpg\" alt=\"\" width=\"216\" height=\"67\" \/><\/a><\/h4>\n<h4><\/h4>\n<p>[\/vc_column_text][\/vc_column][vc_column width=&#8221;1\/3&#8243;][vc_column_text]<\/p>\n<h4><a href=\"https:\/\/www.onninen.com\/estonia\/pages\/default.aspx\"><img decoding=\"async\" loading=\"lazy\" class=\"alignnone size-full wp-image-874\" src=\"https:\/\/www.hybridsystem.ee\/wp-content\/uploads\/2020\/01\/onninen_logo.jpg\" alt=\"\" width=\"216\" height=\"67\" \/><\/a><\/h4>\n<h4><\/h4>\n<p>[\/vc_column_text][\/vc_column][vc_column width=&#8221;1\/3&#8243;][vc_column_text]<\/p>\n<h4><a href=\"https:\/\/www.k-rauta.ee\/\"><img decoding=\"async\" loading=\"lazy\" class=\"alignnone size-full wp-image-874\" src=\"https:\/\/www.hybridsystem.ee\/wp-content\/uploads\/2020\/01\/k-rauta_logo.jpg\" alt=\"\" width=\"216\" height=\"67\" \/><\/a><\/h4>\n<h4><\/h4>\n<p>[\/vc_column_text][\/vc_column][\/vc_row]<\/p>\n","protected":false},"excerpt":{"rendered":"<p>[vc_row css_animation=&#8221;&#8221; row_type=&#8221;row&#8221; use_row_as_full_screen_section=&#8221;no&#8221; type=&#8221;grid&#8221; angled_section=&#8221;no&#8221; text_align=&#8221;left&#8221; background_image_as_pattern=&#8221;without_pattern&#8221; padding_top=&#8221;90&#8243; padding_bottom=&#8221;40&#8243; z_index=&#8221;&#8221;][vc_column width=&#8221;1\/3&#8243;][vc_column_text] Holmgrens Plast Kumppanit [\/vc_column_text][vc_empty_space height=&#8221;15px&#8221;][vc_column_text]Ty\u00f6skentelemme t\u00e4ll\u00e4 hetkell\u00e4 huipputasoisen ISO sertifioidun tuotantoyhti\u00f6n \u201cHolmgrens Plast\u201d:in kanssa. Holgrens on aktiivinen tavoitteeseemme osallistuja maailman parantamisessa.[\/vc_column_text][vc_empty_space height=&#8221;15px&#8221;][vc_column_text] office@holmgrensplast.se [\/vc_column_text][\/vc_column][vc_column width=&#8221;1\/3&#8243;][vc_column_text] Nordic Plast Kumppani [\/vc_column_text][vc_empty_space height=&#8221;15px&#8221;][vc_column_text]Nordic Plast Ltd. on&#8230;<\/p>\n","protected":false},"author":1,"featured_media":0,"parent":0,"menu_order":0,"comment_status":"closed","ping_status":"closed","template":"","meta":{"footnotes":""},"_links":{"self":[{"href":"https:\/\/hybridsystem.ee\/fi\/wp-json\/wp\/v2\/pages\/1971"}],"collection":[{"href":"https:\/\/hybridsystem.ee\/fi\/wp-json\/wp\/v2\/pages"}],"about":[{"href":"https:\/\/hybridsystem.ee\/fi\/wp-json\/wp\/v2\/types\/page"}],"author":[{"embeddable":true,"href":"https:\/\/hybridsystem.ee\/fi\/wp-json\/wp\/v2\/users\/1"}],"replies":[{"embeddable":true,"href":"https:\/\/hybridsystem.ee\/fi\/wp-json\/wp\/v2\/comments?post=1971"}],"version-history":[{"count":3,"href":"https:\/\/hybridsystem.ee\/fi\/wp-json\/wp\/v2\/pages\/1971\/revisions"}],"predecessor-version":[{"id":2065,"href":"https:\/\/hybridsystem.ee\/fi\/wp-json\/wp\/v2\/pages\/1971\/revisions\/2065"}],"wp:attachment":[{"href":"https:\/\/hybridsystem.ee\/fi\/wp-json\/wp\/v2\/media?parent=1971"}],"curies":[{"name":"wp","href":"https:\/\/api.w.org\/{rel}","templated":true}]}}