

{"id":1923,"date":"2019-05-12T23:44:13","date_gmt":"2019-05-12T18:44:13","guid":{"rendered":"https:\/\/www.hybridsystem.ee\/?page_id=1923"},"modified":"2024-07-29T16:03:35","modified_gmt":"2024-07-29T13:03:35","slug":"meista","status":"publish","type":"page","link":"https:\/\/hybridsystem.ee\/fi\/meista\/","title":{"rendered":"MEIST\u00c4"},"content":{"rendered":"<p>[vc_row row_type=&#8221;parallax&#8221; parallax_content_width=&#8221;in_grid&#8221; text_align=&#8221;center&#8221; background_image=&#8221;417&#8243; full_screen_section_height=&#8221;no&#8221; el_class=&#8221;about-row-main&#8221; css=&#8221;.vc_custom_1541402629597{background-image: url(https:\/\/www.hybridsystem.ee\/wp-content\/uploads\/2018\/08\/alphabets-ancient-box-529926-min.jpg?id=486) !important;}&#8221;][vc_column offset=&#8221;vc_col-xs-12&#8243; css=&#8221;.vc_custom_1541402595857{padding-top: 30px !important;padding-right: 80px !important;padding-bottom: 30px !important;padding-left: 80px !important;background-color: rgba(10,10,10,0.8) !important;*background-color: rgb(10,10,10) !important;}&#8221;][vc_row_inner row_type=&#8221;row&#8221; type=&#8221;full_width&#8221; text_align=&#8221;left&#8221; css_animation=&#8221;&#8221; css=&#8221;.vc_custom_1535820866025{padding-right: 30px !important;padding-left: 30px !important;}&#8221; el_class=&#8221;about-sec2&#8243;][vc_column_inner offset=&#8221;vc_hidden-lg vc_hidden-md vc_hidden-sm vc_hidden-xs&#8221;][vc_empty_space height=&#8221;50px&#8221;][vc_column_text]<\/p>\n<h2 style=\"text-align: center;\">Our Values<\/h2>\n<p>[\/vc_column_text][vc_empty_space height=&#8221;10px&#8221;][vc_column_text]<\/p>\n<p style=\"text-align: center;\">Our core values are a reflection of our vision and mission. Our values are established on a foundation so unique yet mutual to each of our clients; we are the future of sustainable water and that in itself is a foundation too concrete. We desire to grow the idea of the \u2018Hybrid Well\u2019 and persist in our efforts to maintain the water program while preserving the core concept of \u2018Hybrid System\u2019.<\/p>\n<p>[\/vc_column_text][vc_empty_space height=&#8221;50px&#8221;]<div class='q_icon_with_title tiny circle '><div class=\"icon_holder \" style=\" \"><span data-icon-type=\"circle\" data-icon-hover-color=\"#1c75bc\" data-icon-hover-bg-color=\"#ffffff\" class=\"qode_iwt_icon_holder fa-stack fa-lg  \" style=\"font-size: 75px;border-color: #ffffff;background-color: #ffffff;\"><i class=\"qode_icon_font_awesome fa fa-bullseye qode_iwt_icon_element\" style=\"font-size: 115px;\" ><\/i><\/span><\/div><div class=\"icon_text_holder\" style=\"\"><div class=\"icon_text_inner\" style=\"\"><h3 class=\"icon_title\" style=\"color: #1c75bc;font-weight: 500;\">Consistency is the Key<\/h3><p style=''>We aim to constantly enhance our perception about invention by emerging with underdrain and rainwater solutions that the world has not yet visualised and experienced. We wish to further make this practice easier in ways that will promote maximum sustainability while providing a convenient, economical and advantageous end-solution to all our customers.<\/p><\/div><\/div><\/div>[vc_empty_space height=&#8221;20px&#8221;]<div class='q_icon_with_title tiny circle '><div class=\"icon_holder \" style=\" \"><span data-icon-type=\"circle\" data-icon-hover-color=\"#1c75bc\" data-icon-hover-bg-color=\"#ffffff\" class=\"qode_iwt_icon_holder fa-stack fa-lg  \" style=\"font-size: 75px;border-color: #ffffff;background-color: #ffffff;\"><i class=\"qode_icon_font_awesome fa fa-bullseye qode_iwt_icon_element\" style=\"font-size: 115px;\" ><\/i><\/span><\/div><div class=\"icon_text_holder\" style=\"\"><div class=\"icon_text_inner\" style=\"\"><h3 class=\"icon_title\" style=\"color: #1c75bc;font-weight: 500;\">Investment is not all about Capitalisation<\/h3><p style=''>We invested all our efforts, time and resources turning our dream into a reality. Today, we do not just expect our client to exhaust their valuable assets over something that will not benefit them or be reliable for them. We are sure that the \u2018Hybrid Well\u2019 is a sustainable water solution that will not just benefit one, but all. Therefore, we do not let our consumer\u2019s trust or investment go to waste.<\/p><\/div><\/div><\/div>[vc_empty_space height=&#8221;10px&#8221;]<div class='q_icon_with_title tiny circle '><div class=\"icon_holder \" style=\" \"><span data-icon-type=\"circle\" data-icon-hover-color=\"#1c75bc\" data-icon-hover-bg-color=\"#ffffff\" class=\"qode_iwt_icon_holder fa-stack fa-lg  \" style=\"font-size: 75px;border-color: #ffffff;background-color: #ffffff;\"><i class=\"qode_icon_font_awesome fa fa-bullseye qode_iwt_icon_element\" style=\"font-size: 115px;\" ><\/i><\/span><\/div><div class=\"icon_text_holder\" style=\"\"><div class=\"icon_text_inner\" style=\"\"><h3 class=\"icon_title\" style=\"color: #1c75bc;font-weight: 500;\">Excellence is Priority<\/h3><p style=''>Our team is never reluctant to learn; we aim to pursue endless knowledge and so gain expertise in what we have already been doing and that is, executing the art of innovation beyond imagination. We are confident that the \u2018Hybrid Well\u2019 will last, not just in the market, but in the future world to come; and it is because of the success of this product that we are confident and eager to produce new products which could meet rainwater and underdrain concerns. There could surely be further modifications, additions, subtractions or even a replication, but what we created we are sure to let it stand out among the rest.<\/p><\/div><\/div><\/div>[\/vc_column_inner][\/vc_row_inner][vc_row_inner row_type=&#8221;row&#8221; type=&#8221;full_width&#8221; text_align=&#8221;center&#8221; css_animation=&#8221;&#8221; el_class=&#8221;about-sec1&#8243;][vc_column_inner][vc_column_text]<\/p>\n<h2>Meist\u00e4<\/h2>\n<p>[\/vc_column_text][vc_empty_space height=&#8221;15px&#8221;][vc_column_text]<\/p>\n<p style=\"text-align: center;\">Keksimme Hybrid-kaivon vuonna 2013 ja se valmistui lopulta vuonna 2018; alkuper\u00e4inen keksint\u00f6 oli keksij\u00e4ns\u00e4 Petterin mestariteos. Aikanaan h\u00e4n tarkasteli olemassa olevaa rakennustapaa, jossa sadevesij\u00e4rjestelm\u00e4 ja salaojaj\u00e4rjestelm\u00e4 asennetaan rinnakkain kiinteist\u00f6n ymp\u00e4rille. Petteri alkoi pohtimaan mahdollisuutta, ett\u00e4 ratkaisun voisi saavuttaa lyhyemm\u00e4ss\u00e4 ajassa ja ymp\u00e4rist\u00f6yst\u00e4v\u00e4llisemmin. H\u00e4nen ajatuksestaan syntyi idea, joka muuttui todellisuudeksi vuosien omistautumisen, tutkimuksen ja sijoitusten j\u00e4lkeen. T\u00e4m\u00e4 idea kulkee nyt nimell\u00e4 \u201dHybrid-kaivo (Hybrid Well)\u201d. Petterin nerous n\u00e4kyy Hybrid-kaivo innovaation takana. H\u00e4n oli vakuuttunut ja tietoinen siit\u00e4, ett\u00e4 keksint\u00f6 tulisi vaikuttamaan sek\u00e4 muuttamaan merkitt\u00e4v\u00e4ll\u00e4 tavalla olemassa olevaa j\u00e4rjestelm\u00e4\u00e4. Huomioiden vaadittavan ty\u00f6n m\u00e4\u00e4r\u00e4n ja tutkimuksen haasteellisuuden, joita projekti vaatisi, h\u00e4n p\u00e4\u00e4tti toteuttaa ideansa projektina yhti\u00f6kumppanin kanssa. N\u00e4ill\u00e4 kahdella yhti\u00f6kumppanilla on 39 vuoden bisneskokemus. He molemmat nousivat yrityksen selk\u00e4rangaksi mahdollistaen \u201dHybrid Systemin\u201d. Tarkoituksena luoda mainetta markkinoilla sen operatiivisiin ominaisuuksiin liittyen ja rakentamaan huiman menestystarinan.<\/p>\n<p>[\/vc_column_text][vc_empty_space height=&#8221;50px&#8221;][qode_elements_holder number_of_columns=&#8221;one_column&#8221; alignment_one_column=&#8221;left&#8221;][qode_elements_holder_item item_padding=&#8221;0 10%&#8221; vertical_alignment=&#8221;top&#8221; horizontal_alignment=&#8221;left&#8221; advanced_animations=&#8221;no&#8221;]<div class='q_icon_with_title tiny circle '><div class=\"icon_holder \" style=\" \"><span data-icon-type=\"circle\"  data-icon-hover-bg-color=\"rgba(0,0,0,0.01)\" class=\"qode_iwt_icon_holder fa-stack fa-lg  \" style=\"font-size: 55px;border-color: #257cc2;background-color: rgba(0,0,0,0.01);\"><i class=\"qode_icon_font_awesome fa fa-book qode_iwt_icon_element\" style=\"font-size: 55px;color: #257cc2;\" ><\/i><\/span><\/div><div class=\"icon_text_holder\" style=\"\"><div class=\"icon_text_inner\" style=\"\"><h3 class=\"icon_title\" style=\"\">Me uskomme <\/h3><p style=''>Keksint\u00f6 ja kest\u00e4v\u00e4n kehityksen suunta ``Vihre\u00e4n luomiseksi``, hy\u00f6dynt\u00e4\u00e4 nykyhetke\u00e4 ja ennen kaikkea tulevaisuuttamme.<\/p><\/div><\/div><\/div>[vc_empty_space height=&#8221;15px&#8221;]<div class='q_icon_with_title tiny circle '><div class=\"icon_holder \" style=\" \"><span data-icon-type=\"circle\"  data-icon-hover-bg-color=\"rgba(0,0,0,0.01)\" class=\"qode_iwt_icon_holder fa-stack fa-lg  \" style=\"font-size: 55px;border-color: #257cc2;background-color: rgba(0,0,0,0.01);\"><i class=\"qode_icon_font_awesome fa fa-handshake-o qode_iwt_icon_element\" style=\"font-size: 55px;color: #257cc2;\" ><\/i><\/span><\/div><div class=\"icon_text_holder\" style=\"\"><div class=\"icon_text_inner\" style=\"\"><h3 class=\"icon_title\" style=\"\">Visiomme<\/h3><p style=''>J\u00e4rjestelm\u00e4, jonka tarkoitus on olla ekologista designia. Yritys, joka keksii ja esittelee ymm\u00e4rrett\u00e4vi\u00e4 ratkaisuja sek\u00e4 tuotteita sadevesi- ja salaojaj\u00e4rjestelmi\u00e4 varten. <\/p><\/div><\/div><\/div>[vc_empty_space height=&#8221;15px&#8221;]<div class='q_icon_with_title tiny circle '><div class=\"icon_holder \" style=\" \"><span data-icon-type=\"circle\"  data-icon-hover-bg-color=\"rgba(0,0,0,0.01)\" class=\"qode_iwt_icon_holder fa-stack fa-lg  \" style=\"font-size: 55px;border-color: #257cc2;background-color: rgba(0,0,0,0.01);\"><i class=\"qode_icon_font_awesome fa fa-tint qode_iwt_icon_element\" style=\"font-size: 55px;color: #257cc2;\" ><\/i><\/span><\/div><div class=\"icon_text_holder\" style=\"\"><div class=\"icon_text_inner\" style=\"\"><h3 class=\"icon_title\" style=\"\">Missiomme <\/h3><p style=''>Me Hybrid Systemill\u00e4 aiomme jatkaa innovatiivisten tarvikkeiden levitt\u00e4mist\u00e4 ymp\u00e4ri maailmaa \u2013 Kest\u00e4vien keksint\u00f6jen luominen on yrityksemme motiivi. Motivaatiomme on toteuttaa n\u00e4it\u00e4 ratkaisuja, joilla pystymme p\u00e4\u00e4sem\u00e4\u00e4n taloudelliseen ja ymp\u00e4rist\u00f6yst\u00e4v\u00e4lliseen lopputulokseen. Ratkaisuja, jotka sis\u00e4lt\u00e4v\u00e4t monipuolisia toimivia putkia, eri kokoisia sadevesikaivoja, salaojakaivoja, viem\u00e4reit\u00e4 sek\u00e4 muita vastaavia tuotteita, joissa ymp\u00e4rist\u00f6yst\u00e4v\u00e4llinen ja taloudellinen l\u00e4hestymistapa on huomioitu. <\/p><\/div><\/div><\/div>[\/qode_elements_holder_item][\/qode_elements_holder][\/vc_column_inner][\/vc_row_inner][vc_row_inner row_type=&#8221;row&#8221; type=&#8221;full_width&#8221; anchor=&#8221;meet-the-team&#8221; text_align=&#8221;left&#8221; padding_top=&#8221;70&#8243; padding_bottom=&#8221;30&#8243; css_animation=&#8221;&#8221;][vc_column_inner][vc_column_text]<\/p>\n<h2>Tapaa tiimimme<\/h2>\n<p>[\/vc_column_text][vc_empty_space height=&#8221;20px&#8221;][vc_column_text]Hybrid System on kuuden j\u00e4senen tiimi, jossa Hybrid-kaivon konsepti on kehitetty ja aikeenamme on m\u00e4\u00e4r\u00e4tietoisesti jatkaa innovatiivisten, ymp\u00e4rist\u00f6yst\u00e4v\u00e4llisten ja kest\u00e4v\u00e4n kehityksen mukaisten sadevesi- ja salaojaratkaisuiden tarjoamista Maapallolle ja ihmisille, lopettamatta koskaan halua menesty\u00e4 ja laajentua.[\/vc_column_text][\/vc_column_inner][\/vc_row_inner][vc_row_inner row_type=&#8221;row&#8221; type=&#8221;full_width&#8221; text_align=&#8221;left&#8221; padding_top=&#8221;30&#8243; css_animation=&#8221;&#8221; el_class=&#8221;team-s-info&#8221;][vc_column_inner width=&#8221;1\/3&#8243;][vc_single_image image=&#8221;1946&#8243; img_size=&#8221;full&#8221; alignment=&#8221;center&#8221; qode_css_animation=&#8221;&#8221;][vc_empty_space height=&#8221;50px&#8221;][\/vc_column_inner][vc_column_inner width=&#8221;1\/3&#8243;][vc_single_image image=&#8221;1926&#8243; img_size=&#8221;full&#8221; alignment=&#8221;center&#8221; qode_css_animation=&#8221;&#8221;][vc_empty_space height=&#8221;50px&#8221;][\/vc_column_inner][\/vc_row_inner][\/vc_column][\/vc_row]<\/p>\n","protected":false},"excerpt":{"rendered":"<p>[vc_row row_type=&#8221;parallax&#8221; parallax_content_width=&#8221;in_grid&#8221; text_align=&#8221;center&#8221; background_image=&#8221;417&#8243; full_screen_section_height=&#8221;no&#8221; el_class=&#8221;about-row-main&#8221; css=&#8221;.vc_custom_1541402629597{background-image: url(https:\/\/www.hybridsystem.ee\/wp-content\/uploads\/2018\/08\/alphabets-ancient-box-529926-min.jpg?id=486) !important;}&#8221;][vc_column offset=&#8221;vc_col-xs-12&#8243; css=&#8221;.vc_custom_1541402595857{padding-top: 30px !important;padding-right: 80px !important;padding-bottom: 30px !important;padding-left: 80px !important;background-color: rgba(10,10,10,0.8) !important;*background-color: rgb(10,10,10) !important;}&#8221;][vc_row_inner row_type=&#8221;row&#8221; type=&#8221;full_width&#8221; text_align=&#8221;left&#8221; css_animation=&#8221;&#8221; css=&#8221;.vc_custom_1535820866025{padding-right: 30px !important;padding-left: 30px !important;}&#8221; el_class=&#8221;about-sec2&#8243;][vc_column_inner offset=&#8221;vc_hidden-lg vc_hidden-md vc_hidden-sm vc_hidden-xs&#8221;][vc_empty_space height=&#8221;50px&#8221;][vc_column_text] Our Values [\/vc_column_text][vc_empty_space height=&#8221;10px&#8221;][vc_column_text] Our core&#8230;<\/p>\n","protected":false},"author":1,"featured_media":0,"parent":0,"menu_order":0,"comment_status":"closed","ping_status":"closed","template":"full_width.php","meta":{"footnotes":""},"_links":{"self":[{"href":"https:\/\/hybridsystem.ee\/fi\/wp-json\/wp\/v2\/pages\/1923"}],"collection":[{"href":"https:\/\/hybridsystem.ee\/fi\/wp-json\/wp\/v2\/pages"}],"about":[{"href":"https:\/\/hybridsystem.ee\/fi\/wp-json\/wp\/v2\/types\/page"}],"author":[{"embeddable":true,"href":"https:\/\/hybridsystem.ee\/fi\/wp-json\/wp\/v2\/users\/1"}],"replies":[{"embeddable":true,"href":"https:\/\/hybridsystem.ee\/fi\/wp-json\/wp\/v2\/comments?post=1923"}],"version-history":[{"count":5,"href":"https:\/\/hybridsystem.ee\/fi\/wp-json\/wp\/v2\/pages\/1923\/revisions"}],"predecessor-version":[{"id":2446,"href":"https:\/\/hybridsystem.ee\/fi\/wp-json\/wp\/v2\/pages\/1923\/revisions\/2446"}],"wp:attachment":[{"href":"https:\/\/hybridsystem.ee\/fi\/wp-json\/wp\/v2\/media?parent=1923"}],"curies":[{"name":"wp","href":"https:\/\/api.w.org\/{rel}","templated":true}]}}