

{"id":1916,"date":"2019-05-12T23:35:42","date_gmt":"2019-05-12T18:35:42","guid":{"rendered":"https:\/\/www.hybridsystem.ee\/?page_id=1916"},"modified":"2019-05-14T15:54:55","modified_gmt":"2019-05-14T10:54:55","slug":"koti","status":"publish","type":"page","link":"https:\/\/hybridsystem.ee\/fi\/","title":{"rendered":"KOTI"},"content":{"rendered":"<p>[vc_row css_animation=&#8221;&#8221; row_type=&#8221;row&#8221; use_row_as_full_screen_section=&#8221;yes&#8221; type=&#8221;full_width&#8221; angled_section=&#8221;no&#8221; text_align=&#8221;left&#8221; video=&#8221;show_video&#8221; video_overlay=&#8221;show_video_overlay&#8221; background_image_as_pattern=&#8221;without_pattern&#8221; z_index=&#8221;&#8221; el_class=&#8221;imagebg&#8221;][vc_column][rev_slider_vc alias=&#8221;home-slider&#8221;][\/vc_column][\/vc_row][vc_row css_animation=&#8221;&#8221; row_type=&#8221;row&#8221; use_row_as_full_screen_section=&#8221;yes&#8221; type=&#8221;full_width&#8221; angled_section=&#8221;no&#8221; text_align=&#8221;left&#8221; video=&#8221;show_video&#8221; video_overlay=&#8221;show_video_overlay&#8221; video_mp4=&#8221;https:\/\/www.hybridsystem.ee\/wp-content\/uploads\/2018\/12\/2.mp4&#8243; background_image=&#8221;290&#8243; background_image_as_pattern=&#8221;with_pattern&#8221; background_color=&#8221;rgba(0,0,0,0.48)&#8221; padding_top=&#8221;120&#8243; padding_bottom=&#8221;70&#8243; z_index=&#8221;&#8221; el_class=&#8221;imagebg&#8221;][vc_column][vc_row_inner row_type=&#8221;row&#8221; type=&#8221;grid&#8221; text_align=&#8221;left&#8221; css_animation=&#8221;&#8221; el_class=&#8221;progress-line&#8221;][vc_column_inner width=&#8221;1\/2&#8243;][vc_single_image image=&#8221;1381&#8243; img_size=&#8221;full&#8221; alignment=&#8221;center&#8221; qode_css_animation=&#8221;&#8221;][vc_empty_space height=&#8221;30px&#8221;][\/vc_column_inner][vc_column_inner width=&#8221;1\/2&#8243;][vc_column_text]<\/p>\n<h2>Hybvrid-kaivon hy\u00f6dyt<\/h2>\n<p>[\/vc_column_text][vc_empty_space height=&#8221;18px&#8221;][vc_column_text]Hy\u00f6dyllisen tuotteen luominen on elint\u00e4rke\u00e4\u00e4 mille tahansa yritykselle, ja niin my\u00f6s meille; teemme keksint\u00f6j\u00e4 hy\u00f6dytt\u00e4\u00e4ksemme kaikkia, emme vain itse\u00e4mme.<\/p>\n<p>T\u00e4ss\u00e4 pieni yhteenveto Hybrid-kaivolla saataviin hy\u00f6tyihin:[\/vc_column_text][vc_empty_space height=&#8221;50px&#8221;]<div class='q_progress_bar'><h4 class='progress_title_holder clearfix' style='color: #ffffff;'><span class='progress_title'><span>V\u00e4hentynyt kaivamisen m\u00e4\u00e4r\u00e4 s\u00e4\u00e4st\u00e4\u00e4 ty\u00f6n kustannuksista <\/span><\/span><span class='progress_number' style='color: #ffffff;font-size: 20px;font-weight: 600;'><span>0<\/span>%<\/span><\/h4><div class='progress_content_outer' style='height: 24px;border-radius: 5px;-moz-border-radius: 5px;-webkit-border-radius: 5px;background-color: rgba(0, 186, 2, 0);'><div data-percentage='65' class='progress_content' style='height: 24px;background-color: #1c75bc;border: 1px solid rgba(0,0,0,0.01);'><\/div><\/div><\/div><div class='q_progress_bar'><h4 class='progress_title_holder clearfix' style='color: #ffffff;'><span class='progress_title'><span>Kapean ojan kaivaminen s\u00e4\u00e4st\u00e4\u00e4 vihre\u00e4\u00e4 alaa <\/span><\/span><span class='progress_number' style='color: #ffffff;font-size: 20px;font-weight: 600;'><span>0<\/span>%<\/span><\/h4><div class='progress_content_outer' style='height: 24px;border-radius: 5px;-moz-border-radius: 5px;-webkit-border-radius: 5px;background-color: rgba(255, 255, 255, 0);'><div data-percentage='83' class='progress_content' style='height: 24px;background-color: #1c75bc;'><\/div><\/div><\/div><div class='q_progress_bar'><h4 class='progress_title_holder clearfix' style='color: #ffffff;'><span class='progress_title'><span> Kierr\u00e4tysmuovin k\u00e4ytt\u00e4minen on ymp\u00e4rist\u00f6yst\u00e4v\u00e4llist\u00e4 <\/span><\/span><span class='progress_number' style='color: #ffffff;font-size: 20px;font-weight: 600;'><span>0<\/span>%<\/span><\/h4><div class='progress_content_outer' style='height: 24px;border-radius: 5px;-moz-border-radius: 5px;-webkit-border-radius: 5px;background-color: rgba(255, 255, 255, 0);'><div data-percentage='75' class='progress_content' style='height: 24px;background-color: #1c75bc;'><\/div><\/div><\/div>[\/vc_column_inner][\/vc_row_inner][vc_row_inner row_type=&#8221;row&#8221; type=&#8221;grid&#8221; text_align=&#8221;left&#8221; css_animation=&#8221;&#8221; css=&#8221;.vc_custom_1535567387046{padding-top: 5% !important;}&#8221;][vc_column_inner width=&#8221;1\/2&#8243; css=&#8221;.vc_custom_1538457069563{padding-right: 15% !important;}&#8221; offset=&#8221;vc_col-lg-3 vc_col-md-3 vc_col-xs-12&#8243;]<div class=\"q_counter_holder  center\" style=\"\"><span class=\"counter  zero\" style=\"color: #ffffff;font-size: 70px;font-weight: 600;\"><\/span><p class=\"counter_text\" style=\"font-size: 21px;font-weight: 400;text-transform: none;color: #ffffff;\">Ainutlaatuinen ja kest\u00e4v\u00e4 sadevesiviem\u00e4r\u00f6intiratkaisu<\/p><\/div>[vc_empty_space height=&#8221;30px&#8221;][\/vc_column_inner][vc_column_inner width=&#8221;1\/2&#8243; css=&#8221;.vc_custom_1538457076283{padding-right: 15% !important;}&#8221; offset=&#8221;vc_col-lg-3 vc_col-md-3 vc_col-xs-12&#8243;]<div class=\"q_counter_holder  center\" style=\"\"><span class=\"counter  zero\" style=\"color: #ffffff;font-size: 70px;font-weight: 600;\">334<\/span><p class=\"counter_text\" style=\"font-size: 21px;font-weight: 400;text-transform: none;color: #ffffff;\">Yhteensopiva kaikkien olemassa olevien sadevesikansien sek\u00e4 ritil\u00f6iden kanssa<\/p><\/div>[vc_empty_space height=&#8221;30px&#8221;][\/vc_column_inner][vc_column_inner width=&#8221;1\/2&#8243; css=&#8221;.vc_custom_1538457085482{padding-right: 15% !important;}&#8221; offset=&#8221;vc_col-lg-3 vc_col-md-3 vc_col-xs-12&#8243;]<div class=\"q_counter_holder  center\" style=\"\"><span class=\"counter  zero\" style=\"color: #ffffff;font-size: 70px;font-weight: 600;\">289<\/span><p class=\"counter_text\" style=\"font-size: 21px;font-weight: 400;text-transform: none;color: #ffffff;\">Asennetaan salaojakaivon p\u00e4\u00e4lle<\/p><\/div>[vc_empty_space height=&#8221;30px&#8221;][\/vc_column_inner][vc_column_inner width=&#8221;1\/2&#8243; css=&#8221;.vc_custom_1538457092546{padding-right: 15% !important;}&#8221; offset=&#8221;vc_col-lg-3 vc_col-md-3 vc_col-xs-12&#8243;]<div class=\"q_counter_holder  center\" style=\"\"><span class=\"counter  zero\" style=\"color: #ffffff;font-size: 70px;font-weight: 600;\">416<\/span><p class=\"counter_text\" style=\"font-size: 21px;font-weight: 400;text-transform: none;color: #ffffff;\">Helppo p\u00e4\u00e4sy salaojaputkiin<\/p><\/div>[vc_empty_space height=&#8221;30px&#8221;][\/vc_column_inner][\/vc_row_inner][\/vc_column][\/vc_row][vc_row css_animation=&#8221;&#8221; row_type=&#8221;row&#8221; use_row_as_full_screen_section=&#8221;yes&#8221; type=&#8221;grid&#8221; angled_section=&#8221;no&#8221; text_align=&#8221;left&#8221; background_image_as_pattern=&#8221;without_pattern&#8221; padding_top=&#8221;100&#8243; padding_bottom=&#8221;100&#8243; z_index=&#8221;&#8221; el_class=&#8221;.whitebg&#8221;][vc_column][qode_elements_holder number_of_columns=&#8221;two_columns&#8221;][qode_elements_holder_item item_padding=&#8221;0 16% 0 0%&#8221; vertical_alignment=&#8221;middle&#8221; advanced_animations=&#8221;no&#8221;][vc_column_text]<\/p>\n<h2>Asennus<\/h2>\n<p>[\/vc_column_text][vc_empty_space][vc_column_text]Huippu innovaatio \u2013 Hybrid-kaivo on ainutlaatuinen konsepti, jota pystyt\u00e4\u00e4n hy\u00f6dynt\u00e4m\u00e4\u00e4n uudisrakentamisessa sek\u00e4 saneerauskohteissa. Yhteensopivuus kaikkien markkinoilla olevien (\u00d8315) kaivonkansien ja salaojakaivojen sek\u00e4 rumpuputkien kanssa.<\/p>\n<p>Kun sadevesij\u00e4rjestelm\u00e4 ja salaojaj\u00e4rjestelm\u00e4 on p\u00e4\u00e4llekk\u00e4in, kaikki vaadittava tekniikka on mahdollista asentaa yhteen kapeaan kaivantoon. Hybrid-kaivo konseptissa sadevesij\u00e4rjestelm\u00e4 ja salaojaj\u00e4rjestelm\u00e4 pysyv\u00e4t t\u00e4ysin erillisin\u00e4 j\u00e4rjestelmin\u00e4. Salaojaj\u00e4rjestelm\u00e4n huolto, tarkistaminen ja puhdistus suoritetaan Hybrid-kaivossa olevan tarkistuskorkin kautta.[\/vc_column_text][vc_empty_space height=&#8221;30px&#8221;][vc_column_text]<\/p>\n<h3>Voit katsoa my\u00f6s<\/h3>\n<p>[\/vc_column_text][vc_empty_space height=&#8221;20px&#8221;]<div class='q_icon_with_title small normal_icon '><div class=\"icon_holder \" style=\" \"><span data-icon-type=\"normal\"   style=\"\" class=\"qode_iwt_icon_holder q_font_awsome_icon fa-2x  \"><i class=\"qode_icon_font_awesome fa fa-clipboard qode_iwt_icon_element\" style=\"\" ><\/i><\/span><\/div><div class=\"icon_text_holder\" style=\"\"><div class=\"icon_text_inner\" style=\"\"><h5 class=\"icon_title\" style=\"\"><\/h5><p style=''><\/p><a itemprop='url' class='icon_with_title_link' href='https:\/\/www.hybridsystem.ee\/fi\/hybrid-kaivo\/#product-info' target='_self' style='color: #c8c8c8;'>K\u00e4ytt\u00f6ohje<\/a><\/div><\/div><\/div>[vc_empty_space height=&#8221;7px&#8221;]<div class='q_icon_with_title small normal_icon '><div class=\"icon_holder \" style=\" \"><span data-icon-type=\"normal\"   style=\"\" class=\"qode_iwt_icon_holder q_font_awsome_icon fa-2x  \"><i class=\"qode_icon_font_awesome fa fa-thumbs-o-up qode_iwt_icon_element\" style=\"\" ><\/i><\/span><\/div><div class=\"icon_text_holder\" style=\"\"><div class=\"icon_text_inner\" style=\"\"><h5 class=\"icon_title\" style=\"\"><\/h5><p style=''><\/p><a itemprop='url' class='icon_with_title_link' href='https:\/\/www.hybridsystem.ee\/fi\/hybrid-kaivo\/#product-info' target='_self' style='color: #c8c8c8;'>Ominaisuudet <\/a><\/div><\/div><\/div>[vc_empty_space height=&#8221;40px&#8221;]\n\n\t<a href=\"https:\/\/www.hybridsystem.ee\/fi\/hybrid-kaivo\/\" target=\"_self\"  class=\"qode-btn qode-btn-medium qode-btn-solid qode-btn-icon qodef-btn-icon-square qode-btn-icon-rotate\"  >\n\t    <span class=\"qode-btn-text\">Opi lis\u00e4\u00e4<\/span><span class=\"qode-button-v2-icon-holder\" style=\"font-size: 23px\" ><span aria-hidden=\"true\" class=\"qode_icon_font_elegant icon_plus qode-button-v2-icon-holder-inner\" ><\/span><\/span>\t<\/a>\n\n[vc_empty_space height=&#8221;55px&#8221;][\/qode_elements_holder_item][qode_elements_holder_item item_padding=&#8221;0px 0% 0 8%&#8221; vertical_alignment=&#8221;middle&#8221; advanced_animations=&#8221;no&#8221;]<div class='qode_image_gallery_no_space light'><div class='qode_image_gallery_holder' style='height: 500px;'><ul  ><li  ><div style=\"height: 500px; width:889px;\"><a itemprop=\"image\" class=\"prettyphoto\" data-rel=\"prettyPhoto[rel-261867443]\" href=\"https:\/\/hybridsystem.ee\/wp-content\/uploads\/2018\/12\/installation5_large.jpg\"><img itemprop=\"image\" src=\"https:\/\/hybridsystem.ee\/wp-content\/uploads\/2018\/12\/installation5_large.jpg\" alt=\"\" \/><\/a><\/div><\/li><li  ><div style=\"height: 500px; width:648px;\"><a itemprop=\"image\" class=\"prettyphoto\" data-rel=\"prettyPhoto[rel-261867443]\" href=\"https:\/\/hybridsystem.ee\/wp-content\/uploads\/2018\/12\/installation2_large.jpg\"><img itemprop=\"image\" src=\"https:\/\/hybridsystem.ee\/wp-content\/uploads\/2018\/12\/installation2_large.jpg\" alt=\"\" \/><\/a><\/div><\/li><li  ><div style=\"height: 500px; width:647px;\"><a itemprop=\"image\" class=\"prettyphoto\" data-rel=\"prettyPhoto[rel-261867443]\" href=\"https:\/\/hybridsystem.ee\/wp-content\/uploads\/2018\/12\/installation1_large.jpg\"><img itemprop=\"image\" src=\"https:\/\/hybridsystem.ee\/wp-content\/uploads\/2018\/12\/installation1_large.jpg\" alt=\"\" \/><\/a><\/div><\/li><li  ><div style=\"height: 500px; width:889px;\"><a itemprop=\"image\" class=\"prettyphoto\" data-rel=\"prettyPhoto[rel-261867443]\" href=\"https:\/\/hybridsystem.ee\/wp-content\/uploads\/2018\/12\/installation3_large.jpg\"><img itemprop=\"image\" src=\"https:\/\/hybridsystem.ee\/wp-content\/uploads\/2018\/12\/installation3_large.jpg\" alt=\"\" \/><\/a><\/div><\/li><li  ><div style=\"height: 500px; width:889px;\"><a itemprop=\"image\" class=\"prettyphoto\" data-rel=\"prettyPhoto[rel-261867443]\" href=\"https:\/\/hybridsystem.ee\/wp-content\/uploads\/2018\/12\/installation4_large.jpg\"><img itemprop=\"image\" src=\"https:\/\/hybridsystem.ee\/wp-content\/uploads\/2018\/12\/installation4_large.jpg\" alt=\"\" \/><\/a><\/div><\/li><\/ul><\/div><div class=\"controls\"><a class=\"prev-slide\" href=\"#\"><span><i class=\"fa fa-angle-left\"><\/i><\/span><\/a><a class=\"next-slide\" href=\"#\"><span><i class=\"fa fa-angle-right\"><\/i><\/span><\/a><\/div><\/div>[\/qode_elements_holder_item][\/qode_elements_holder][\/vc_column][\/vc_row][vc_row row_type=&#8221;parallax&#8221; parallax_content_width=&#8221;in_grid&#8221; text_align=&#8221;left&#8221; background_image=&#8221;896&#8243; full_screen_section_height=&#8221;no&#8221;][vc_column][vc_row_inner row_type=&#8221;row&#8221; type=&#8221;grid&#8221; text_align=&#8221;left&#8221; padding_top=&#8221;70&#8243; padding_bottom=&#8221;70&#8243; css_animation=&#8221;&#8221;][vc_column_inner width=&#8221;2\/3&#8243; offset=&#8221;vc_col-sm-offset-2&#8243;][vc_single_image image=&#8221;1273&#8243; img_size=&#8221;full&#8221; alignment=&#8221;center&#8221; qode_css_animation=&#8221;&#8221;][vc_column_text css=&#8221;.vc_custom_1557686138426{margin-top: -8% !important;}&#8221;]<\/p>\n<h2 style=\"color: rgba(255,255,255,0.95);\">Asiakkaidemme sanomana<\/h2>\n<p>[\/vc_column_text]<div class='testimonials_c_holder clearfix light'><div class=\"testimonials_c testimonials_c_carousel\" data-show-navigation=\"yes\" data-animation-speed=\"\" data-auto-rotate-slides=\"5\" data-number-per-slide=\"1\"><ul class=\"slides\"><li id=\"testimonials-c-1922\" class=\"testimonial_content\"><div class=\"testimonial_content_inner\"><div class=\"testimonial_text_holder\"><div class=\"testimonial_text_inner\" style=\"color: rgba(255,255,255,0.95);\"><p style='font-size:20px;color:rgba(255,255,255,0.95);'>Heid\u00e4n ty\u00f6ns\u00e4 kodilleni oli niin loistavaa, ett\u00e4 tajusin tarvitsevani heid\u00e4n apuansa yrityksenikin kanssa. He eiv\u00e4t tarjonneet minulle vain sopivaa ratkaisua sadevesij\u00e4rjestelm\u00e4n ja salaojituksen kanssa, vaan my\u00f6skin laskivat ty\u00f6n kustannuksia ja v\u00e4hensiv\u00e4t aiemmin kokemaamme s\u00e4hellyst\u00e4 sateen j\u00e4lkeen.<\/p><p class=\"testimonial_author\" style=\"color: rgba(255,255,255,0.95);font-weight: 500;color: rgba(255,255,255,0.95);font-size: 16px;\">- Jeans Stoner -<\/p><\/div><\/div><\/div><\/li><li id=\"testimonials-c-1921\" class=\"testimonial_content\"><div class=\"testimonial_content_inner\"><div class=\"testimonial_text_holder\"><div class=\"testimonial_text_inner\" style=\"color: rgba(255,255,255,0.95);\"><p style='font-size:20px;color:rgba(255,255,255,0.95);'>Hybrid Systems ei pelk\u00e4st\u00e4\u00e4n myy tuotteita. Kest\u00e4v\u00e4n kehityksen ja kierr\u00e4tett\u00e4vyyden ansiosta sain itsevarmuutta soveltaa uusia tekniikoita yrityksess\u00e4ni.<\/p><p class=\"testimonial_author\" style=\"color: rgba(255,255,255,0.95);font-weight: 500;color: rgba(255,255,255,0.95);font-size: 16px;\">- Jane Palmer -<\/p><\/div><\/div><\/div><\/li><li id=\"testimonials-c-1920\" class=\"testimonial_content\"><div class=\"testimonial_content_inner\"><div class=\"testimonial_text_holder\"><div class=\"testimonial_text_inner\" style=\"color: rgba(255,255,255,0.95);\"><p style='font-size:20px;color:rgba(255,255,255,0.95);'>Luonnonvarojen suojeleminen, monet yritykset tarjoavat samaa, mutta Hybrid Systems todella auttanut minua toteuttamaan sen ja voin vakuuttaa, ett\u00e4 se oli joka pennin arvoista.<\/p><p class=\"testimonial_author\" style=\"color: rgba(255,255,255,0.95);font-weight: 500;color: rgba(255,255,255,0.95);font-size: 16px;\">- David May -<\/p><\/div><\/div><\/div><\/li><li id=\"testimonials-c-1919\" class=\"testimonial_content\"><div class=\"testimonial_content_inner\"><div class=\"testimonial_text_holder\"><div class=\"testimonial_text_inner\" style=\"color: rgba(255,255,255,0.95);\"><p style='font-size:20px;color:rgba(255,255,255,0.95);'>Ollessani huolissani ymp\u00e4rist\u00f6n tilasta ja jatkuvasti nousevista kustannuksista, Hybrid Systems tarjosi minulle ratkaisun ongelmaan. Heid\u00e4n tiimins\u00e4 ja heid\u00e4n prioriteettinsa motivoivat minua ty\u00f6skentelem\u00e4\u00e4 heid\u00e4n kanssaan tontillani viel\u00e4 lis\u00e4\u00e4. T\u00e4m\u00e4 ei tehnyt minusta vain luontoyst\u00e4v\u00e4llist\u00e4 asukasta, vaan my\u00f6skin kuluja s\u00e4\u00e4st\u00e4v\u00e4n asukkaan.<\/p><p class=\"testimonial_author\" style=\"color: rgba(255,255,255,0.95);font-weight: 500;color: rgba(255,255,255,0.95);font-size: 16px;\">- Andrew Fisher -<\/p><\/div><\/div><\/div><\/li><\/ul><\/div><\/div>[\/vc_column_inner][\/vc_row_inner][\/vc_column][\/vc_row][vc_row css_animation=&#8221;&#8221; row_type=&#8221;row&#8221; use_row_as_full_screen_section=&#8221;yes&#8221; type=&#8221;full_width&#8221; angled_section=&#8221;no&#8221; text_align=&#8221;left&#8221; background_image_as_pattern=&#8221;without_pattern&#8221; z_index=&#8221;&#8221; el_class=&#8221;home-footer&#8221;][vc_column offset=&#8221;vc_hidden-lg vc_hidden-md vc_hidden-sm vc_hidden-xs&#8221;][vc_row_inner row_type=&#8221;row&#8221; type=&#8221;grid&#8221; text_align=&#8221;left&#8221; css_animation=&#8221;&#8221; css=&#8221;.vc_custom_1535580968315{background-image: url(https:\/\/www.hybridsystem.ee\/wp-content\/uploads\/2017\/10\/footer-bckg-image.jpg?id=182) !important;}&#8221; el_class=&#8221;homefooter-widgets-row&#8221;][vc_column_inner width=&#8221;1\/4&#8243;][vc_widget_sidebar sidebar_id=&#8221;footer_column_1&#8243;][\/vc_column_inner][vc_column_inner width=&#8221;1\/4&#8243;][vc_widget_sidebar sidebar_id=&#8221;footer_column_2&#8243;][\/vc_column_inner][vc_column_inner width=&#8221;1\/4&#8243;][vc_widget_sidebar sidebar_id=&#8221;footer_column_3&#8243;][\/vc_column_inner][vc_column_inner width=&#8221;1\/4&#8243;][vc_widget_sidebar sidebar_id=&#8221;footer_column_4&#8243;][\/vc_column_inner][\/vc_row_inner][vc_row_inner row_type=&#8221;row&#8221; type=&#8221;grid&#8221; text_align=&#8221;left&#8221; row_negative_margin=&#8221;disable_negative_margin&#8221; css_animation=&#8221;&#8221; css=&#8221;.vc_custom_1535583012266{background-color: #0a0a0a !important;}&#8221; el_class=&#8221;home-footer-bottom&#8221;][vc_column_inner el_class=&#8221;left&#8221; width=&#8221;1\/2&#8243;][vc_widget_sidebar sidebar_id=&#8221;footer_text_left&#8221;][\/vc_column_inner][vc_column_inner el_class=&#8221;right&#8221; width=&#8221;1\/2&#8243;][vc_widget_sidebar sidebar_id=&#8221;footer_text_right&#8221;][\/vc_column_inner][\/vc_row_inner][\/vc_column][\/vc_row]<\/p>\n","protected":false},"excerpt":{"rendered":"<p>[vc_row css_animation=&#8221;&#8221; row_type=&#8221;row&#8221; use_row_as_full_screen_section=&#8221;yes&#8221; type=&#8221;full_width&#8221; angled_section=&#8221;no&#8221; text_align=&#8221;left&#8221; video=&#8221;show_video&#8221; video_overlay=&#8221;show_video_overlay&#8221; background_image_as_pattern=&#8221;without_pattern&#8221; z_index=&#8221;&#8221; el_class=&#8221;imagebg&#8221;][vc_column][rev_slider_vc alias=&#8221;home-slider&#8221;][\/vc_column][\/vc_row][vc_row css_animation=&#8221;&#8221; row_type=&#8221;row&#8221; use_row_as_full_screen_section=&#8221;yes&#8221; type=&#8221;full_width&#8221; angled_section=&#8221;no&#8221; text_align=&#8221;left&#8221; video=&#8221;show_video&#8221; video_overlay=&#8221;show_video_overlay&#8221; video_mp4=&#8221;https:\/\/www.hybridsystem.ee\/wp-content\/uploads\/2018\/12\/2.mp4&#8243; background_image=&#8221;290&#8243; background_image_as_pattern=&#8221;with_pattern&#8221; background_color=&#8221;rgba(0,0,0,0.48)&#8221; padding_top=&#8221;120&#8243; padding_bottom=&#8221;70&#8243; z_index=&#8221;&#8221; el_class=&#8221;imagebg&#8221;][vc_column][vc_row_inner row_type=&#8221;row&#8221; type=&#8221;grid&#8221; text_align=&#8221;left&#8221; css_animation=&#8221;&#8221; el_class=&#8221;progress-line&#8221;][vc_column_inner width=&#8221;1\/2&#8243;][vc_single_image image=&#8221;1381&#8243; img_size=&#8221;full&#8221; alignment=&#8221;center&#8221; qode_css_animation=&#8221;&#8221;][vc_empty_space height=&#8221;30px&#8221;][\/vc_column_inner][vc_column_inner width=&#8221;1\/2&#8243;][vc_column_text] Hybvrid-kaivon hy\u00f6dyt [\/vc_column_text][vc_empty_space height=&#8221;18px&#8221;][vc_column_text]Hy\u00f6dyllisen&#8230;<\/p>\n","protected":false},"author":1,"featured_media":0,"parent":0,"menu_order":0,"comment_status":"closed","ping_status":"closed","template":"full_width.php","meta":{"footnotes":""},"_links":{"self":[{"href":"https:\/\/hybridsystem.ee\/fi\/wp-json\/wp\/v2\/pages\/1916"}],"collection":[{"href":"https:\/\/hybridsystem.ee\/fi\/wp-json\/wp\/v2\/pages"}],"about":[{"href":"https:\/\/hybridsystem.ee\/fi\/wp-json\/wp\/v2\/types\/page"}],"author":[{"embeddable":true,"href":"https:\/\/hybridsystem.ee\/fi\/wp-json\/wp\/v2\/users\/1"}],"replies":[{"embeddable":true,"href":"https:\/\/hybridsystem.ee\/fi\/wp-json\/wp\/v2\/comments?post=1916"}],"version-history":[{"count":5,"href":"https:\/\/hybridsystem.ee\/fi\/wp-json\/wp\/v2\/pages\/1916\/revisions"}],"predecessor-version":[{"id":2009,"href":"https:\/\/hybridsystem.ee\/fi\/wp-json\/wp\/v2\/pages\/1916\/revisions\/2009"}],"wp:attachment":[{"href":"https:\/\/hybridsystem.ee\/fi\/wp-json\/wp\/v2\/media?parent=1916"}],"curies":[{"name":"wp","href":"https:\/\/api.w.org\/{rel}","templated":true}]}}