

{"id":1672,"date":"2019-05-12T15:21:52","date_gmt":"2019-05-12T10:21:52","guid":{"rendered":"https:\/\/www.hybridsystem.ee\/?page_id=1672"},"modified":"2019-09-25T01:09:22","modified_gmt":"2019-09-24T20:09:22","slug":"kontakt","status":"publish","type":"page","link":"https:\/\/hybridsystem.ee\/et\/kontakt\/","title":{"rendered":"Kontakt"},"content":{"rendered":"<p>[vc_row css_animation=&#8221;&#8221; row_type=&#8221;row&#8221; use_row_as_full_screen_section=&#8221;no&#8221; type=&#8221;full_width&#8221; angled_section=&#8221;no&#8221; text_align=&#8221;left&#8221; background_image_as_pattern=&#8221;without_pattern&#8221; z_index=&#8221;&#8221;][vc_column][vc_raw_html]JTNDaWZyYW1lJTIwc3JjJTNEJTIyaHR0cHMlM0ElMkYlMkZ3d3cuZ29vZ2xlLmNvbSUyRm1hcHMlMkZlbWJlZCUzRnBiJTNEJTIxMW0xOCUyMTFtMTIlMjExbTMlMjExZDIwMjkuNDI3NzY3NDcxMTU4MiUyMTJkMjQuNzMyNDgxNDUxNjAzMDk2JTIxM2Q1OS40MjU5Mzk5MTAyMjQ5MiUyMTJtMyUyMTFmMCUyMTJmMCUyMTNmMCUyMTNtMiUyMTFpMTAyNCUyMTJpNzY4JTIxNGYxMy4xJTIxM20zJTIxMW0yJTIxMXMweDQ2OTI5NDlhMDZlMzQ2ZGYlMjUzQTB4Njk4OGVhMWI4N2I3MTc2YyUyMTJzViUyNUMzJTI1QTRpa2UtQW1lZXJpa2ElMjUyMDglMjUyQyUyNTIwMTAxMjklMjUyMFRhbGxpbm4lMjE1ZTAlMjEzbTIlMjExc2V0JTIxMnNlZSUyMTR2MTU2OTM1NTU4NDAxMSUyMTVtMiUyMTFzZXQlMjEyc2VlJTIyJTIwd2lkdGglM0QlMjIxMDAlMjUlMjIlMjBoZWlnaHQlM0QlMjI0NzAlMjIlMjBmcmFtZWJvcmRlciUzRCUyMjAlMjIlMjBzdHlsZSUzRCUyMmJvcmRlciUzQTAlM0IlMjIlMjBhbGxvd2Z1bGxzY3JlZW4lM0QlMjIlMjIlM0UlM0MlMkZpZnJhbWUlM0U=[\/vc_raw_html][\/vc_column][\/vc_row][vc_row css_animation=&#8221;&#8221; row_type=&#8221;row&#8221; use_row_as_full_screen_section=&#8221;no&#8221; type=&#8221;grid&#8221; angled_section=&#8221;no&#8221; text_align=&#8221;left&#8221; background_image_as_pattern=&#8221;without_pattern&#8221; padding_top=&#8221;70&#8243; padding_bottom=&#8221;70&#8243; z_index=&#8221;&#8221;][vc_column css=&#8221;.vc_custom_1509450120591{padding-right: 0px !important;}&#8221; offset=&#8221;vc_col-lg-6 vc_col-md-12&#8243;][vc_column_text]<\/p>\n<h2>V\u00f5ta meiega \u00fchendust<\/h2>\n<p>[\/vc_column_text][vc_empty_space height=&#8221;20px&#8221;][qode_elements_holder number_of_columns=&#8221;one_column&#8221;][qode_elements_holder_item advanced_animations=&#8221;no&#8221;]\n<div class=\"wpcf7 no-js\" id=\"wpcf7-f1676-o1\" lang=\"en-US\" dir=\"ltr\">\n<div class=\"screen-reader-response\"><p role=\"status\" aria-live=\"polite\" aria-atomic=\"true\"><\/p> <ul><\/ul><\/div>\n<form action=\"\/et\/wp-json\/wp\/v2\/pages\/1672#wpcf7-f1676-o1\" method=\"post\" class=\"wpcf7-form init cf7_custom_style_1\" aria-label=\"Contact form\" novalidate=\"novalidate\" data-status=\"init\">\n<div style=\"display: none;\">\n<input type=\"hidden\" name=\"_wpcf7\" value=\"1676\" \/>\n<input type=\"hidden\" name=\"_wpcf7_version\" value=\"5.9.8\" \/>\n<input type=\"hidden\" name=\"_wpcf7_locale\" value=\"en_US\" \/>\n<input type=\"hidden\" name=\"_wpcf7_unit_tag\" value=\"wpcf7-f1676-o1\" \/>\n<input type=\"hidden\" name=\"_wpcf7_container_post\" value=\"0\" \/>\n<input type=\"hidden\" name=\"_wpcf7_posted_data_hash\" value=\"\" \/>\n<\/div>\n<div class=\"vc_row\">\n\t<div class=\"vc_col-md-6\">\n\t\t<p><span class=\"wpcf7-form-control-wrap\" data-name=\"your-name\"><input size=\"40\" maxlength=\"400\" class=\"wpcf7-form-control wpcf7-text\" aria-invalid=\"false\" placeholder=\"Nimi\" value=\"\" type=\"text\" name=\"your-name\" \/><\/span>\n\t\t<\/p>\n\t<\/div>\n\t<div class=\"vc_col-md-6\">\n\t\t<p><span class=\"wpcf7-form-control-wrap\" data-name=\"number\"><input size=\"40\" maxlength=\"400\" class=\"wpcf7-form-control wpcf7-tel wpcf7-text wpcf7-validates-as-tel\" aria-invalid=\"false\" placeholder=\"Kontaktnumber\" value=\"\" type=\"tel\" name=\"number\" \/><\/span>\n\t\t<\/p>\n\t<\/div>\n\t<div class=\"vc_col-md-6\">\n\t\t<p><span class=\"wpcf7-form-control-wrap\" data-name=\"your-email\"><input size=\"40\" maxlength=\"400\" class=\"wpcf7-form-control wpcf7-email wpcf7-validates-as-required wpcf7-text wpcf7-validates-as-email\" aria-required=\"true\" aria-invalid=\"false\" placeholder=\"E-postiaadress\" value=\"\" type=\"email\" name=\"your-email\" \/><\/span>\n\t\t<\/p>\n\t<\/div>\n\t<div class=\"vc_col-md-6\">\n\t\t<p><span class=\"wpcf7-form-control-wrap\" data-name=\"enquiry-type\"><select class=\"wpcf7-form-control wpcf7-select\" aria-invalid=\"false\" name=\"enquiry-type\"><option value=\"P\u00e4ringu t\u00fc\u00fcp\">P\u00e4ringu t\u00fc\u00fcp<\/option><option value=\"\u00dcldine\">\u00dcldine<\/option><option value=\"Toode\">Toode<\/option><option value=\"Hind\">Hind<\/option><option value=\"Probleem\">Probleem<\/option><option value=\"Tagasiside\">Tagasiside<\/option><option value=\"Midagi muud\">Midagi muud<\/option><\/select><\/span>\n\t\t<\/p>\n\t<\/div>\n\t<div class=\"vc_col-md-12\">\n\t\t<p>Eelistatav kuup\u00e4ev, mil saame teiega edasi tegutseda<br \/>\n<span class=\"wpcf7-form-control-wrap\" data-name=\"follow-up-date\"><input class=\"wpcf7-form-control wpcf7-date wpcf7-validates-as-required wpcf7-validates-as-date\" aria-required=\"true\" aria-invalid=\"false\" value=\"\" type=\"date\" name=\"follow-up-date\" \/><\/span>\n\t\t<\/p>\n\t<\/div>\n\t<div class=\"vc_col-md-12\" style=\"margin-bottom: 10px;\">\n\t\t<p>Kas soovid r\u00e4\u00e4kida m\u00f5ne kindla isiku v\u00f5i osakonnaga?<br \/>\n<span class=\"wpcf7-form-control-wrap\" data-name=\"specific-person\"><span class=\"wpcf7-form-control wpcf7-radio\"><span class=\"wpcf7-list-item first\"><label><input type=\"radio\" name=\"specific-person\" value=\"Jah\" checked=\"checked\" \/><span class=\"wpcf7-list-item-label\">Jah<\/span><\/label><\/span><span class=\"wpcf7-list-item last\"><label><input type=\"radio\" name=\"specific-person\" value=\"Ei\" \/><span class=\"wpcf7-list-item-label\">Ei<\/span><\/label><\/span><\/span><\/span>\n\t\t<\/p>\n\t<\/div>\n\t<div class=\"vc_col-md-12\" style=\"margin-bottom: 20px;\">\n\t\t<p>Kas soovid saada meie uudiskirja <span class=\"wpcf7-form-control-wrap\" data-name=\"radio-725\"><span class=\"wpcf7-form-control wpcf7-radio\"><span class=\"wpcf7-list-item first\"><span class=\"wpcf7-list-item-label\">Jah<\/span><input type=\"radio\" name=\"radio-725\" value=\"Jah\" checked=\"checked\" \/><\/span><span class=\"wpcf7-list-item last\"><span class=\"wpcf7-list-item-label\">Ei<\/span><input type=\"radio\" name=\"radio-725\" value=\"Ei\" \/><\/span><\/span><\/span>\n\t\t<\/p>\n\t<\/div>\n<\/div>\n<div class=\"vc_row\">\n\t<div class=\"vc_col-md-12\">\n\t\t<p><input class=\"wpcf7-form-control wpcf7-submit has-spinner\" type=\"submit\" value=\"Saada\" \/>\n\t\t<\/p>\n\t<\/div>\n<\/div><input type='hidden' class='wpcf7-pum' value='{\"closepopup\":false,\"closedelay\":0,\"openpopup\":false,\"openpopup_id\":0}' \/><div class=\"wpcf7-response-output\" aria-hidden=\"true\"><\/div>\n<\/form>\n<\/div>\n[\/qode_elements_holder_item][\/qode_elements_holder][\/vc_column][vc_column css=&#8221;.vc_custom_1509450133012{padding-left: 0px !important;}&#8221; offset=&#8221;vc_col-lg-6 vc_col-md-12&#8243;][qode_elements_holder number_of_columns=&#8221;two_columns&#8221;][qode_elements_holder_item item_padding=&#8221;0 0 0 40px&#8221; advanced_animations=&#8221;no&#8221; item_padding_1024_1280=&#8221;0 0 0 35px&#8221; item_padding_768_1024=&#8221;0 0 0 15px&#8221; item_padding_600_768=&#8221;0 0 35px 15px &#8221; item_padding_480=&#8221;0 0 35px 15px &#8220;][vc_single_image image=&#8221;664&#8243; img_size=&#8221;full&#8221; qode_css_animation=&#8221;&#8221;][vc_empty_space][vc_column_text]<\/p>\n<h3>Details<\/h3>\n<p>[\/vc_column_text][vc_empty_space height=&#8221;12px&#8221;]<div class='q_icon_with_title tiny normal_icon left_from_title '><div class=\"icon_text_holder\" style=\"\"><div class=\"icon_text_inner\" style=\"\"><div class=\"icon_title_holder\"><div class=\"icon_holder \" style=\" \"><span data-icon-type=\"normal\"   style=\"\" class=\"qode_iwt_icon_holder q_font_awsome_icon fa-lg  \"><i class=\"qode_icon_font_awesome fa fa-map-marker qode_iwt_icon_element\" style=\"\" ><\/i><\/span><\/div><h5 class=\"icon_title\" style=\"\">Hybrid System O\u00dc, V\u00e4ike-Ameerika tn 8, Tallinn<\/h5><\/div><p style=''><\/p><\/div><\/div><\/div><div class='q_icon_with_title tiny normal_icon left_from_title '><div class=\"icon_text_holder\" style=\"\"><div class=\"icon_text_inner\" style=\"\"><div class=\"icon_title_holder\"><div class=\"icon_holder \" style=\" \"><span data-icon-type=\"normal\"   style=\"\" class=\"qode_iwt_icon_holder q_font_awsome_icon fa-lg  \"><i class=\"qode_icon_font_awesome fa fa-phone-square qode_iwt_icon_element\" style=\"\" ><\/i><\/span><\/div><h5 class=\"icon_title\" style=\"\">+372 6501808<\/h5><\/div><p style=''><\/p><\/div><\/div><\/div><div class='q_icon_with_title tiny normal_icon left_from_title '><div class=\"icon_text_holder\" style=\"\"><div class=\"icon_text_inner\" style=\"\"><div class=\"icon_title_holder\"><div class=\"icon_holder \" style=\" \"><span data-icon-type=\"normal\"   style=\"\" class=\"qode_iwt_icon_holder q_font_awsome_icon fa-lg  \"><i class=\"qode_icon_font_awesome fa fa-envelope qode_iwt_icon_element\" style=\"\" ><\/i><\/span><\/div><h5 class=\"icon_title\" style=\"\">info@hybridsystem.ee<\/h5><\/div><p style=''><\/p><\/div><\/div><\/div>[vc_empty_space][vc_column_text]<\/p>\n<h3>Koost\u00f6\u00f6partnerid<\/h3>\n<p>[\/vc_column_text][vc_empty_space][vc_column_text]<img decoding=\"async\" loading=\"lazy\" class=\"alignnone wp-image-2013 \" src=\"https:\/\/www.hybridsystem.ee\/wp-content\/uploads\/2019\/06\/meltex-logo-300x94.png\" alt=\"\" width=\"156\" height=\"49\" srcset=\"https:\/\/hybridsystem.ee\/wp-content\/uploads\/2019\/06\/meltex-logo-300x94.png 300w, https:\/\/hybridsystem.ee\/wp-content\/uploads\/2019\/06\/meltex-logo-768x240.png 768w, https:\/\/hybridsystem.ee\/wp-content\/uploads\/2019\/06\/meltex-logo-1024x320.png 1024w, https:\/\/hybridsystem.ee\/wp-content\/uploads\/2019\/06\/meltex-logo-700x219.png 700w\" sizes=\"(max-width: 156px) 100vw, 156px\" \/>[\/vc_column_text][\/qode_elements_holder_item][\/qode_elements_holder][\/vc_column][\/vc_row]<\/p>\n","protected":false},"excerpt":{"rendered":"<p>[vc_row css_animation=&#8221;&#8221; row_type=&#8221;row&#8221; use_row_as_full_screen_section=&#8221;no&#8221; type=&#8221;full_width&#8221; angled_section=&#8221;no&#8221; text_align=&#8221;left&#8221; background_image_as_pattern=&#8221;without_pattern&#8221; z_index=&#8221;&#8221;][vc_column][vc_raw_html]JTNDaWZyYW1lJTIwc3JjJTNEJTIyaHR0cHMlM0ElMkYlMkZ3d3cuZ29vZ2xlLmNvbSUyRm1hcHMlMkZlbWJlZCUzRnBiJTNEJTIxMW0xOCUyMTFtMTIlMjExbTMlMjExZDIwMjkuNDI3NzY3NDcxMTU4MiUyMTJkMjQuNzMyNDgxNDUxNjAzMDk2JTIxM2Q1OS40MjU5Mzk5MTAyMjQ5MiUyMTJtMyUyMTFmMCUyMTJmMCUyMTNmMCUyMTNtMiUyMTFpMTAyNCUyMTJpNzY4JTIxNGYxMy4xJTIxM20zJTIxMW0yJTIxMXMweDQ2OTI5NDlhMDZlMzQ2ZGYlMjUzQTB4Njk4OGVhMWI4N2I3MTc2YyUyMTJzViUyNUMzJTI1QTRpa2UtQW1lZXJpa2ElMjUyMDglMjUyQyUyNTIwMTAxMjklMjUyMFRhbGxpbm4lMjE1ZTAlMjEzbTIlMjExc2V0JTIxMnNlZSUyMTR2MTU2OTM1NTU4NDAxMSUyMTVtMiUyMTFzZXQlMjEyc2VlJTIyJTIwd2lkdGglM0QlMjIxMDAlMjUlMjIlMjBoZWlnaHQlM0QlMjI0NzAlMjIlMjBmcmFtZWJvcmRlciUzRCUyMjAlMjIlMjBzdHlsZSUzRCUyMmJvcmRlciUzQTAlM0IlMjIlMjBhbGxvd2Z1bGxzY3JlZW4lM0QlMjIlMjIlM0UlM0MlMkZpZnJhbWUlM0U=[\/vc_raw_html][\/vc_column][\/vc_row][vc_row css_animation=&#8221;&#8221; row_type=&#8221;row&#8221; use_row_as_full_screen_section=&#8221;no&#8221; type=&#8221;grid&#8221; angled_section=&#8221;no&#8221; text_align=&#8221;left&#8221; background_image_as_pattern=&#8221;without_pattern&#8221; padding_top=&#8221;70&#8243; padding_bottom=&#8221;70&#8243; z_index=&#8221;&#8221;][vc_column css=&#8221;.vc_custom_1509450120591{padding-right: 0px !important;}&#8221; offset=&#8221;vc_col-lg-6 vc_col-md-12&#8243;][vc_column_text] V\u00f5ta meiega \u00fchendust [\/vc_column_text][vc_empty_space height=&#8221;20px&#8221;][qode_elements_holder number_of_columns=&#8221;one_column&#8221;][qode_elements_holder_item advanced_animations=&#8221;no&#8221;][\/qode_elements_holder_item][\/qode_elements_holder][\/vc_column][vc_column css=&#8221;.vc_custom_1509450133012{padding-left: 0px !important;}&#8221; offset=&#8221;vc_col-lg-6 vc_col-md-12&#8243;][qode_elements_holder number_of_columns=&#8221;two_columns&#8221;][qode_elements_holder_item item_padding=&#8221;0 0 0 40px&#8221; advanced_animations=&#8221;no&#8221; item_padding_1024_1280=&#8221;0 0 0&#8230;<\/p>\n","protected":false},"author":1,"featured_media":0,"parent":0,"menu_order":0,"comment_status":"closed","ping_status":"closed","template":"full_width.php","meta":{"footnotes":""},"_links":{"self":[{"href":"https:\/\/hybridsystem.ee\/et\/wp-json\/wp\/v2\/pages\/1672"}],"collection":[{"href":"https:\/\/hybridsystem.ee\/et\/wp-json\/wp\/v2\/pages"}],"about":[{"href":"https:\/\/hybridsystem.ee\/et\/wp-json\/wp\/v2\/types\/page"}],"author":[{"embeddable":true,"href":"https:\/\/hybridsystem.ee\/et\/wp-json\/wp\/v2\/users\/1"}],"replies":[{"embeddable":true,"href":"https:\/\/hybridsystem.ee\/et\/wp-json\/wp\/v2\/comments?post=1672"}],"version-history":[{"count":5,"href":"https:\/\/hybridsystem.ee\/et\/wp-json\/wp\/v2\/pages\/1672\/revisions"}],"predecessor-version":[{"id":2043,"href":"https:\/\/hybridsystem.ee\/et\/wp-json\/wp\/v2\/pages\/1672\/revisions\/2043"}],"wp:attachment":[{"href":"https:\/\/hybridsystem.ee\/et\/wp-json\/wp\/v2\/media?parent=1672"}],"curies":[{"name":"wp","href":"https:\/\/api.w.org\/{rel}","templated":true}]}}