

{"id":1645,"date":"2019-05-12T15:10:39","date_gmt":"2019-05-12T10:10:39","guid":{"rendered":"https:\/\/www.hybridsystem.ee\/?page_id=1645"},"modified":"2019-05-12T15:10:39","modified_gmt":"2019-05-12T10:10:39","slug":"miks-valida-just-meid","status":"publish","type":"page","link":"https:\/\/hybridsystem.ee\/et\/miks-valida-just-meid\/","title":{"rendered":"MIKS VALIDA JUST MEID?"},"content":{"rendered":"<p>[vc_row css_animation=&#8221;&#8221; row_type=&#8221;row&#8221; use_row_as_full_screen_section=&#8221;no&#8221; type=&#8221;grid&#8221; angled_section=&#8221;no&#8221; text_align=&#8221;left&#8221; background_image_as_pattern=&#8221;without_pattern&#8221; css=&#8221;.vc_custom_1536090424876{padding-top: 100px !important;padding-bottom: 60px !important;}&#8221; z_index=&#8221;&#8221;][vc_column][qode_elements_holder number_of_columns=&#8221;two_columns&#8221; switch_to_one_column=&#8221;1000&#8243;][qode_elements_holder_item item_padding=&#8221;0 25px 0 0&#8243; advanced_animations=&#8221;no&#8221;][vc_single_image image=&#8221;1467&#8243; img_size=&#8221;full&#8221; qode_css_animation=&#8221;&#8221; qode_hover_animation=&#8221;zoom_in&#8221;][\/qode_elements_holder_item][qode_elements_holder_item advanced_animations=&#8221;no&#8221; item_padding_1280_1440=&#8221;0 0 130px 25px&#8221; item_padding_1024_1280=&#8221;0 0 50px 25px&#8221; item_padding_600_768=&#8221;40px 0px 0px 0px&#8221; item_padding_480=&#8221;40px 0px 0px 0px&#8221;][vc_column_text]<\/p>\n<h2><strong>Me pakume rahulolu<br \/>\n<\/strong><\/h2>\n<p>[\/vc_column_text][vc_empty_space height=&#8221;27px&#8221;][vc_column_text]Meie ettev\u00f5te Hybrid System leiutas h\u00fcbriidkaevu, et pakkuda mugavat lahendust vihmavee &#8211; ja \u00e4ravoolus\u00fcsteemide\u00a0 jaoks v\u00f5imaldades m\u00f5lema s\u00fcsteemi paigaldamist \u00fcksteise peale, alandades seega t\u00f6\u00f6j\u00f5ukulusid ja s\u00e4\u00e4stes kliente vaevast kaevata kaks kraavi, mis l\u00f5puks kahjustab rohealasid koduaedades. Mitte just palju ettev\u00f5tteid ei ole v\u00e4lja pakkunud j\u00e4tkusuutlikku, \u00f6konoomset ja v\u00e4hem vaeva n\u00f5udvat\u00a0 drenaa\u017eis\u00fcsteemi, millega kaasneb vaid minimaalselt keskkonnakahjustusi ja mis toob kaasa h\u00fcvesid maailma kui terviku jaoks. Me peame ennast piisavalt privilegeerituiks, et suuta tajuda h\u00fcbriidkaevu ideed ja seda\u00a0 reaalselt ellu viia.[\/vc_column_text][vc_empty_space height=&#8221;35px&#8221;][\/qode_elements_holder_item][\/qode_elements_holder][\/vc_column][\/vc_row][vc_row css_animation=&#8221;&#8221; row_type=&#8221;row&#8221; use_row_as_full_screen_section=&#8221;no&#8221; type=&#8221;grid&#8221; angled_section=&#8221;no&#8221; text_align=&#8221;left&#8221; background_image_as_pattern=&#8221;without_pattern&#8221; css=&#8221;.vc_custom_1536090433106{padding-top: 30px !important;padding-bottom: 60px !important;}&#8221; z_index=&#8221;&#8221;][vc_column][qode_elements_holder number_of_columns=&#8221;two_columns&#8221; switch_to_one_column=&#8221;1000&#8243;][qode_elements_holder_item advanced_animations=&#8221;no&#8221; item_padding_1280_1440=&#8221;0 25px 130px 0px&#8221; item_padding_1024_1280=&#8221;0 25px 50px 0px&#8221; item_padding_600_768=&#8221;40px 0px 0px 0px&#8221;][vc_column_text]<\/p>\n<h2>Meil on roheline maailmak\u00e4sitlus<\/h2>\n<p>[\/vc_column_text][vc_empty_space height=&#8221;27px&#8221;][vc_column_text]Me usume, et meie panus \u00f6konoomse ja otstarbekalt paigaldatud h\u00fcbriidkaevu loomisse\u00a0 on vaid samm parema tuleviku suunas, kui meil ei ole oma usaldusv\u00e4\u00e4rsete klientide toetust.\u00a0 Teie otsus valida h\u00fcbriidkaev ei aita ainult edendada paremaid tulevikulahendusi, vaid aitab teil\u00a0 ka olulisel m\u00e4\u00e4ral panustada keskkonnas\u00f5bralike leiutustehnikate aktsepteerimisse ja kasutuselev\u00f5ttu. \u00a0Me julgustame plastikut ringlusse v\u00f5tma, millest on n\u00fc\u00fcd saamas majanduslikult teostatav protsess, mida suuremahuliselt kaaluda, ja meie esimene toode on toodetud ringlussev\u00f5etud plastist, et saaksime samal ajal aidata kaasa puhtale keskkonnale ja luua \u00fchtlasi midagi kasulikku tervikuna.[\/vc_column_text][vc_empty_space height=&#8221;35px&#8221;][\/qode_elements_holder_item][qode_elements_holder_item item_padding=&#8221;0 0px 0 25px&#8221; advanced_animations=&#8221;no&#8221; item_padding_600_768=&#8221;50px 0px 0 0px&#8221; item_padding_480=&#8221;50px 0px 0 0px&#8221;][vc_single_image image=&#8221;1521&#8243; img_size=&#8221;full&#8221; qode_css_animation=&#8221;&#8221; qode_hover_animation=&#8221;zoom_in&#8221;][\/qode_elements_holder_item][\/qode_elements_holder][\/vc_column][\/vc_row][vc_row css_animation=&#8221;&#8221; row_type=&#8221;row&#8221; use_row_as_full_screen_section=&#8221;no&#8221; type=&#8221;grid&#8221; angled_section=&#8221;no&#8221; text_align=&#8221;left&#8221; background_image_as_pattern=&#8221;without_pattern&#8221; css=&#8221;.vc_custom_1536090442034{padding-top: 40px !important;padding-bottom: 60px !important;}&#8221; z_index=&#8221;&#8221;][vc_column][qode_elements_holder number_of_columns=&#8221;two_columns&#8221; switch_to_one_column=&#8221;1000&#8243;][qode_elements_holder_item item_padding=&#8221;0 25px 0 0&#8243; advanced_animations=&#8221;no&#8221;][vc_single_image image=&#8221;1362&#8243; img_size=&#8221;full&#8221; qode_css_animation=&#8221;&#8221; qode_hover_animation=&#8221;zoom_in&#8221;][\/qode_elements_holder_item][qode_elements_holder_item advanced_animations=&#8221;no&#8221; item_padding_1280_1440=&#8221;0 0 130px 25px&#8221; item_padding_1024_1280=&#8221;0 0 50px 25px&#8221; item_padding_600_768=&#8221;40px 0px 0px 0px&#8221; item_padding_480=&#8221;40px 0px 0px 0px&#8221;][vc_column_text]<\/p>\n<h2>Me pakume kogulahendusi<\/h2>\n<p>[\/vc_column_text][vc_empty_space height=&#8221;27px&#8221;][vc_column_text]H\u00fcbriidkaevu keskseks ideeks on keskkonnakaitse, paigaldamise lihtsustamine ning kulut\u00f5husa l\u00e4henemisviisi s\u00e4ilitamine, kasutades ringlussev\u00f5etud ja s\u00e4\u00e4stvat materjali \u00a0&#8211; need kolm tegurit on p\u00f5hilised p\u00f5hjused, miks kliendid meie kasuks otsustavad. Mida aeg edasi ja mida rohkem maastik Maal muutub, m\u00f5istame me, et k\u00fcsimus pole mitte ainult innovatsioonides, vaid meie jaoks on olulise t\u00e4htsusega pakkuda moodsat, konkurentsiv\u00f5imelist ja vastpidavat tehnoloogiat, mis aitab parandada \u00e4ravoolu- ja vihmavees\u00fcsteemide v\u00e4ljavaateid.[\/vc_column_text][vc_empty_space height=&#8221;35px&#8221;][\/qode_elements_holder_item][\/qode_elements_holder][\/vc_column][\/vc_row][vc_row css_animation=&#8221;&#8221; row_type=&#8221;row&#8221; use_row_as_full_screen_section=&#8221;no&#8221; type=&#8221;grid&#8221; angled_section=&#8221;no&#8221; text_align=&#8221;left&#8221; background_image_as_pattern=&#8221;without_pattern&#8221; css=&#8221;.vc_custom_1536090469303{padding-top: 30px !important;padding-bottom: 60px !important;}&#8221; z_index=&#8221;&#8221;][vc_column][qode_elements_holder number_of_columns=&#8221;two_columns&#8221; switch_to_one_column=&#8221;1000&#8243;][qode_elements_holder_item advanced_animations=&#8221;no&#8221; item_padding_1280_1440=&#8221;0 25px 130px 0px&#8221; item_padding_1024_1280=&#8221;0 25px 50px 0px&#8221; item_padding_600_768=&#8221;40px 0px 0px 0px&#8221;][vc_column_text]<\/p>\n<h2>Meie v\u00e4\u00e4rtushinnangud<\/h2>\n<p>[\/vc_column_text][vc_empty_space height=&#8221;27px&#8221;][vc_column_text]Meie p\u00f5hiv\u00e4\u00e4rtusteks on oma n\u00e4gemuse ja missiooni peegeldamine. Meie v\u00e4\u00e4rtused on rajatud vundamendile, mis on nii ainulaadne, kuid iga kliendi jaoks vastastikune; me oleme j\u00e4tkusuutlike\u00a0 drenaa\u017eis\u00fcsteemide tulevik ja et iseenesest on see vundament \u201eliigagi k\u00f5vast tsemendist\u201c. Me kavatseme h\u00fcbriidkaevu ideed edasi arendada, valmistades futuristlikke tooteid, mis on esialgu \u00fcletavad t\u00e4nap\u00e4eva kujutlusv\u00f5ime, ja s\u00e4ilitada samal ajal Hybrid Systemi p\u00f5hiideoloogia.[\/vc_column_text][vc_empty_space height=&#8221;35px&#8221;][\/qode_elements_holder_item][qode_elements_holder_item item_padding=&#8221;0 0px 0 25px&#8221; advanced_animations=&#8221;no&#8221; item_padding_600_768=&#8221;50px 0px 0 0px&#8221; item_padding_480=&#8221;50px 0px 0 0px&#8221;][vc_single_image image=&#8221;1542&#8243; img_size=&#8221;full&#8221; qode_css_animation=&#8221;&#8221; qode_hover_animation=&#8221;zoom_in&#8221;][\/qode_elements_holder_item][\/qode_elements_holder][\/vc_column][\/vc_row]<\/p>\n","protected":false},"excerpt":{"rendered":"<p>[vc_row css_animation=&#8221;&#8221; row_type=&#8221;row&#8221; use_row_as_full_screen_section=&#8221;no&#8221; type=&#8221;grid&#8221; angled_section=&#8221;no&#8221; text_align=&#8221;left&#8221; background_image_as_pattern=&#8221;without_pattern&#8221; css=&#8221;.vc_custom_1536090424876{padding-top: 100px !important;padding-bottom: 60px !important;}&#8221; z_index=&#8221;&#8221;][vc_column][qode_elements_holder number_of_columns=&#8221;two_columns&#8221; switch_to_one_column=&#8221;1000&#8243;][qode_elements_holder_item item_padding=&#8221;0 25px 0 0&#8243; advanced_animations=&#8221;no&#8221;][vc_single_image image=&#8221;1467&#8243; img_size=&#8221;full&#8221; qode_css_animation=&#8221;&#8221; qode_hover_animation=&#8221;zoom_in&#8221;][\/qode_elements_holder_item][qode_elements_holder_item advanced_animations=&#8221;no&#8221; item_padding_1280_1440=&#8221;0 0 130px 25px&#8221; item_padding_1024_1280=&#8221;0 0 50px 25px&#8221; item_padding_600_768=&#8221;40px 0px 0px 0px&#8221; item_padding_480=&#8221;40px 0px 0px 0px&#8221;][vc_column_text] Me pakume rahulolu&#8230;<\/p>\n","protected":false},"author":1,"featured_media":0,"parent":0,"menu_order":0,"comment_status":"closed","ping_status":"closed","template":"","meta":{"footnotes":""},"_links":{"self":[{"href":"https:\/\/hybridsystem.ee\/et\/wp-json\/wp\/v2\/pages\/1645"}],"collection":[{"href":"https:\/\/hybridsystem.ee\/et\/wp-json\/wp\/v2\/pages"}],"about":[{"href":"https:\/\/hybridsystem.ee\/et\/wp-json\/wp\/v2\/types\/page"}],"author":[{"embeddable":true,"href":"https:\/\/hybridsystem.ee\/et\/wp-json\/wp\/v2\/users\/1"}],"replies":[{"embeddable":true,"href":"https:\/\/hybridsystem.ee\/et\/wp-json\/wp\/v2\/comments?post=1645"}],"version-history":[{"count":2,"href":"https:\/\/hybridsystem.ee\/et\/wp-json\/wp\/v2\/pages\/1645\/revisions"}],"predecessor-version":[{"id":1652,"href":"https:\/\/hybridsystem.ee\/et\/wp-json\/wp\/v2\/pages\/1645\/revisions\/1652"}],"wp:attachment":[{"href":"https:\/\/hybridsystem.ee\/et\/wp-json\/wp\/v2\/media?parent=1645"}],"curies":[{"name":"wp","href":"https:\/\/api.w.org\/{rel}","templated":true}]}}