

{"id":1609,"date":"2019-05-12T13:35:35","date_gmt":"2019-05-12T08:35:35","guid":{"rendered":"https:\/\/www.hybridsystem.ee\/?page_id=1609"},"modified":"2024-07-29T16:07:11","modified_gmt":"2024-07-29T13:07:11","slug":"meist","status":"publish","type":"page","link":"https:\/\/hybridsystem.ee\/et\/meist\/","title":{"rendered":"Meist"},"content":{"rendered":"<p>[vc_row row_type=&#8221;parallax&#8221; parallax_content_width=&#8221;in_grid&#8221; text_align=&#8221;center&#8221; background_image=&#8221;417&#8243; full_screen_section_height=&#8221;no&#8221; el_class=&#8221;about-row-main&#8221; css=&#8221;.vc_custom_1541402629597{background-image: url(https:\/\/www.hybridsystem.ee\/wp-content\/uploads\/2018\/08\/alphabets-ancient-box-529926-min.jpg?id=486) !important;}&#8221;][vc_column offset=&#8221;vc_col-xs-12&#8243; css=&#8221;.vc_custom_1541402595857{padding-top: 30px !important;padding-right: 80px !important;padding-bottom: 30px !important;padding-left: 80px !important;background-color: rgba(10,10,10,0.8) !important;*background-color: rgb(10,10,10) !important;}&#8221;][vc_row_inner row_type=&#8221;row&#8221; type=&#8221;full_width&#8221; text_align=&#8221;left&#8221; css_animation=&#8221;&#8221; css=&#8221;.vc_custom_1535820866025{padding-right: 30px !important;padding-left: 30px !important;}&#8221; el_class=&#8221;about-sec2&#8243;][vc_column_inner offset=&#8221;vc_hidden-lg vc_hidden-md vc_hidden-sm vc_hidden-xs&#8221;][vc_empty_space height=&#8221;50px&#8221;][vc_column_text]<\/p>\n<h2 style=\"text-align: center;\">Our Values<\/h2>\n<p>[\/vc_column_text][vc_empty_space height=&#8221;10px&#8221;][vc_column_text]<\/p>\n<p style=\"text-align: center;\">Our core values are a reflection of our vision and mission. Our values are established on a foundation so unique yet mutual to each of our clients; we are the future of sustainable water and that in itself is a foundation too concrete. We desire to grow the idea of the \u2018Hybrid Well\u2019 and persist in our efforts to maintain the water program while preserving the core concept of \u2018Hybrid System\u2019.<\/p>\n<p>[\/vc_column_text][vc_empty_space height=&#8221;50px&#8221;]<div class='q_icon_with_title tiny circle '><div class=\"icon_holder \" style=\" \"><span data-icon-type=\"circle\" data-icon-hover-color=\"#1c75bc\" data-icon-hover-bg-color=\"#ffffff\" class=\"qode_iwt_icon_holder fa-stack fa-lg  \" style=\"font-size: 75px;border-color: #ffffff;background-color: #ffffff;\"><i class=\"qode_icon_font_awesome fa fa-bullseye qode_iwt_icon_element\" style=\"font-size: 115px;\" ><\/i><\/span><\/div><div class=\"icon_text_holder\" style=\"\"><div class=\"icon_text_inner\" style=\"\"><h3 class=\"icon_title\" style=\"color: #1c75bc;font-weight: 500;\">Consistency is the Key<\/h3><p style=''>We aim to constantly enhance our perception about invention by emerging with underdrain and rainwater solutions that the world has not yet visualised and experienced. We wish to further make this practice easier in ways that will promote maximum sustainability while providing a convenient, economical and advantageous end-solution to all our customers.<\/p><\/div><\/div><\/div>[vc_empty_space height=&#8221;20px&#8221;]<div class='q_icon_with_title tiny circle '><div class=\"icon_holder \" style=\" \"><span data-icon-type=\"circle\" data-icon-hover-color=\"#1c75bc\" data-icon-hover-bg-color=\"#ffffff\" class=\"qode_iwt_icon_holder fa-stack fa-lg  \" style=\"font-size: 75px;border-color: #ffffff;background-color: #ffffff;\"><i class=\"qode_icon_font_awesome fa fa-bullseye qode_iwt_icon_element\" style=\"font-size: 115px;\" ><\/i><\/span><\/div><div class=\"icon_text_holder\" style=\"\"><div class=\"icon_text_inner\" style=\"\"><h3 class=\"icon_title\" style=\"color: #1c75bc;font-weight: 500;\">Investment is not all about Capitalisation<\/h3><p style=''>We invested all our efforts, time and resources turning our dream into a reality. Today, we do not just expect our client to exhaust their valuable assets over something that will not benefit them or be reliable for them. We are sure that the \u2018Hybrid Well\u2019 is a sustainable water solution that will not just benefit one, but all. Therefore, we do not let our consumer\u2019s trust or investment go to waste.<\/p><\/div><\/div><\/div>[vc_empty_space height=&#8221;10px&#8221;]<div class='q_icon_with_title tiny circle '><div class=\"icon_holder \" style=\" \"><span data-icon-type=\"circle\" data-icon-hover-color=\"#1c75bc\" data-icon-hover-bg-color=\"#ffffff\" class=\"qode_iwt_icon_holder fa-stack fa-lg  \" style=\"font-size: 75px;border-color: #ffffff;background-color: #ffffff;\"><i class=\"qode_icon_font_awesome fa fa-bullseye qode_iwt_icon_element\" style=\"font-size: 115px;\" ><\/i><\/span><\/div><div class=\"icon_text_holder\" style=\"\"><div class=\"icon_text_inner\" style=\"\"><h3 class=\"icon_title\" style=\"color: #1c75bc;font-weight: 500;\">Excellence is Priority<\/h3><p style=''>Our team is never reluctant to learn; we aim to pursue endless knowledge and so gain expertise in what we have already been doing and that is, executing the art of innovation beyond imagination. We are confident that the \u2018Hybrid Well\u2019 will last, not just in the market, but in the future world to come; and it is because of the success of this product that we are confident and eager to produce new products which could meet rainwater and underdrain concerns. There could surely be further modifications, additions, subtractions or even a replication, but what we created we are sure to let it stand out among the rest.<\/p><\/div><\/div><\/div>[\/vc_column_inner][\/vc_row_inner][vc_row_inner row_type=&#8221;row&#8221; type=&#8221;full_width&#8221; text_align=&#8221;center&#8221; css_animation=&#8221;&#8221; el_class=&#8221;about-sec1&#8243;][vc_column_inner][vc_column_text]<\/p>\n<h2>Meie lugu<\/h2>\n<p>[\/vc_column_text][vc_empty_space height=&#8221;15px&#8221;][vc_column_text]<\/p>\n<p style=\"text-align: center;\">Me l\u00f5ime h\u00fcbriidkaevu (Hybrid Well) aastal 2013 ja eesm\u00e4rgiks oli projekt l\u00f5pule viia aastaks 2018; algne leiutis oli selle looja \u2013 Petteri \u2013 meistrit\u00f6\u00f6. K\u00f5igepealt j\u00e4lgis ta teatud aja jooksul, kuidas \u00e4ravoolus\u00fcsteeme tavaliselt paigaldatakse ja<br \/>\nseej\u00e4rel hakkas s\u00fcgavalt j\u00e4rele m\u00f5tlema selle \u00fcle, kuidas leida sama eesm\u00e4rki teeniv lahendus tunduvalt v\u00e4hema ajakuluga ja keskkonnas\u00f5bralikku l\u00e4henemisviisi kasutades.<br \/>\nAlguses oli tegu vaid ideega, kuid siis sai sellest p\u00e4rast aastatepikkust p\u00fchendumist, uurimist\u00f6id, investeerimist ja muudatuste tegemist tegelikkus \u2013 t\u00f6\u00f6tati v\u00e4lja kontseptsioon, mille tulemusena s\u00fcndis \u2018Hybrid Well\u2019.<\/p>\n<p style=\"text-align: center;\">Petteri on h\u00fcbriidkaevu innovatsiooni vaimne juht. Ta oli veendunud ja teadlik, et see leiutis hakkab praegust s\u00fcsteemi drastiliselt m\u00f5jutama. Arvestades pingutuste ja uurimist\u00f6\u00f6de hulka, mida projekt edaspidi kaasa tooks, otsustas ta oma idee ja projekti kallal teha koost\u00f6\u00f6d partneriga. Hoides \u00fclal ja v\u00e4\u00e4rtustades omavahelisi suhteid ning 39-aastast \u00e4rikogemust, sai m\u00f5lemast selgroog, mis v\u00f5imaldas h\u00fcbriids\u00fcsteemil t\u00e4nu selle tegevusomadustele ja heale mainele turul saavutada t\u00f5elist edu.<\/p>\n<p>[\/vc_column_text][vc_empty_space height=&#8221;50px&#8221;][qode_elements_holder number_of_columns=&#8221;one_column&#8221; alignment_one_column=&#8221;left&#8221;][qode_elements_holder_item item_padding=&#8221;0 10%&#8221; vertical_alignment=&#8221;top&#8221; horizontal_alignment=&#8221;left&#8221; advanced_animations=&#8221;no&#8221;]<div class='q_icon_with_title tiny circle '><div class=\"icon_holder \" style=\" \"><span data-icon-type=\"circle\"  data-icon-hover-bg-color=\"rgba(0,0,0,0.01)\" class=\"qode_iwt_icon_holder fa-stack fa-lg  \" style=\"font-size: 55px;border-color: #257cc2;background-color: rgba(0,0,0,0.01);\"><i class=\"qode_icon_font_awesome fa fa-book qode_iwt_icon_element\" style=\"font-size: 55px;color: #257cc2;\" ><\/i><\/span><\/div><div class=\"icon_text_holder\" style=\"\"><div class=\"icon_text_inner\" style=\"\"><h3 class=\"icon_title\" style=\"\">Meie uskumus<\/h3><p style=''>Leiutamisele ja elimineerimisele lisaks on olemas j\u00e4tkusuutlik ressurss \u201erohelise keskkonna loomiseks\u201d, et pakkuda meile h\u00fcvesid nii olevikus kui veel tundmata tulevikus. <\/p><\/div><\/div><\/div>[vc_empty_space height=&#8221;15px&#8221;]<div class='q_icon_with_title tiny circle '><div class=\"icon_holder \" style=\" \"><span data-icon-type=\"circle\"  data-icon-hover-bg-color=\"rgba(0,0,0,0.01)\" class=\"qode_iwt_icon_holder fa-stack fa-lg  \" style=\"font-size: 55px;border-color: #257cc2;background-color: rgba(0,0,0,0.01);\"><i class=\"qode_icon_font_awesome fa fa-handshake-o qode_iwt_icon_element\" style=\"font-size: 55px;color: #257cc2;\" ><\/i><\/span><\/div><div class=\"icon_text_holder\" style=\"\"><div class=\"icon_text_inner\" style=\"\"><h3 class=\"icon_title\" style=\"\">Meie n\u00e4gemus <\/h3><p style=''>S\u00fcsteemi eesm\u00e4rgiks on saavutada Maa roheline kujundus, mis n\u00e4eb ette ja leiutab laiahaardelisi lahendusi ja tooteid vihmavee - ja \u00e4ravoolu jaoks.<\/p><\/div><\/div><\/div>[vc_empty_space height=&#8221;15px&#8221;]<div class='q_icon_with_title tiny circle '><div class=\"icon_holder \" style=\" \"><span data-icon-type=\"circle\"  data-icon-hover-bg-color=\"rgba(0,0,0,0.01)\" class=\"qode_iwt_icon_holder fa-stack fa-lg  \" style=\"font-size: 55px;border-color: #257cc2;background-color: rgba(0,0,0,0.01);\"><i class=\"qode_icon_font_awesome fa fa-tint qode_iwt_icon_element\" style=\"font-size: 55px;color: #257cc2;\" ><\/i><\/span><\/div><div class=\"icon_text_holder\" style=\"\"><div class=\"icon_text_inner\" style=\"\"><h3 class=\"icon_title\" style=\"\">Meie missioon <\/h3><p style=''>Meie Hybrid Systemis kavatseme j\u00e4tkata oma teadmiste ja uuenduslike mugavuste levitamist \u00fcle maailma \u2013 j\u00e4\u00e4des kindlaks oma j\u00e4tkusuutlikule ja innovaatilisele leiutisele \u2013 see on meie ettev\u00f5tte \u00fclim motiiv. Oma motiivi j\u00e4rgides p\u00fc\u00fcame saavutada lahendusi, mis h\u00f5lmavad erinevaid funktsionaalseid torusid, erineva suurusega vihmaveekaevusid, \u00e4ravoolukaevusid ja muid selliseid tooteid, millel on m\u00e4rkimisv\u00e4\u00e4rselt keskkonnas\u00e4\u00e4stlik l\u00e4henemisviis ja taskukohased hinnad.<\/p><\/div><\/div><\/div>[\/qode_elements_holder_item][\/qode_elements_holder][\/vc_column_inner][\/vc_row_inner][vc_row_inner row_type=&#8221;row&#8221; type=&#8221;full_width&#8221; anchor=&#8221;meet-the-team&#8221; text_align=&#8221;left&#8221; padding_top=&#8221;70&#8243; padding_bottom=&#8221;30&#8243; css_animation=&#8221;&#8221;][vc_column_inner][vc_column_text]<\/p>\n<h2>Saa tuttavaks meie meeskonnaga<\/h2>\n<p>[\/vc_column_text][vc_empty_space height=&#8221;20px&#8221;][vc_column_text]Hybrid System on kuueliikmeline meeskond, mis on omaks v\u00f5tnud ja edasi arendanud \u201eh\u00fcbriidkaevu\u201d kontseptsiooni, mille eesm\u00e4rk on j\u00e4\u00e4da kindlaks oma j\u00f5upingutustele ning pakkuda Maale ja sellel elavatele inimestele uuenduslikke, keskkonna m\u00f5ttes edumeelseid ja j\u00e4tkusuutlikke lahendusi vihmavee ja \u00e4ravoolu jaoks, mille levik aina kasvab..[\/vc_column_text][\/vc_column_inner][\/vc_row_inner][vc_row_inner row_type=&#8221;row&#8221; type=&#8221;full_width&#8221; text_align=&#8221;left&#8221; padding_top=&#8221;30&#8243; css_animation=&#8221;&#8221; el_class=&#8221;team-s-info&#8221;][vc_column_inner width=&#8221;1\/3&#8243;][vc_single_image image=&#8221;1638&#8243; img_size=&#8221;full&#8221; alignment=&#8221;center&#8221; qode_css_animation=&#8221;&#8221;][vc_empty_space height=&#8221;50px&#8221;][\/vc_column_inner][vc_column_inner width=&#8221;1\/3&#8243;][vc_single_image image=&#8221;1618&#8243; img_size=&#8221;full&#8221; alignment=&#8221;center&#8221; qode_css_animation=&#8221;&#8221;][vc_empty_space height=&#8221;50px&#8221;][\/vc_column_inner][\/vc_row_inner][\/vc_column][\/vc_row]<\/p>\n","protected":false},"excerpt":{"rendered":"<p>[vc_row row_type=&#8221;parallax&#8221; parallax_content_width=&#8221;in_grid&#8221; text_align=&#8221;center&#8221; background_image=&#8221;417&#8243; full_screen_section_height=&#8221;no&#8221; el_class=&#8221;about-row-main&#8221; css=&#8221;.vc_custom_1541402629597{background-image: url(https:\/\/www.hybridsystem.ee\/wp-content\/uploads\/2018\/08\/alphabets-ancient-box-529926-min.jpg?id=486) !important;}&#8221;][vc_column offset=&#8221;vc_col-xs-12&#8243; css=&#8221;.vc_custom_1541402595857{padding-top: 30px !important;padding-right: 80px !important;padding-bottom: 30px !important;padding-left: 80px !important;background-color: rgba(10,10,10,0.8) !important;*background-color: rgb(10,10,10) !important;}&#8221;][vc_row_inner row_type=&#8221;row&#8221; type=&#8221;full_width&#8221; text_align=&#8221;left&#8221; css_animation=&#8221;&#8221; css=&#8221;.vc_custom_1535820866025{padding-right: 30px !important;padding-left: 30px !important;}&#8221; el_class=&#8221;about-sec2&#8243;][vc_column_inner offset=&#8221;vc_hidden-lg vc_hidden-md vc_hidden-sm vc_hidden-xs&#8221;][vc_empty_space height=&#8221;50px&#8221;][vc_column_text] Our Values [\/vc_column_text][vc_empty_space height=&#8221;10px&#8221;][vc_column_text] Our core&#8230;<\/p>\n","protected":false},"author":1,"featured_media":0,"parent":0,"menu_order":0,"comment_status":"closed","ping_status":"closed","template":"full_width.php","meta":{"footnotes":""},"_links":{"self":[{"href":"https:\/\/hybridsystem.ee\/et\/wp-json\/wp\/v2\/pages\/1609"}],"collection":[{"href":"https:\/\/hybridsystem.ee\/et\/wp-json\/wp\/v2\/pages"}],"about":[{"href":"https:\/\/hybridsystem.ee\/et\/wp-json\/wp\/v2\/types\/page"}],"author":[{"embeddable":true,"href":"https:\/\/hybridsystem.ee\/et\/wp-json\/wp\/v2\/users\/1"}],"replies":[{"embeddable":true,"href":"https:\/\/hybridsystem.ee\/et\/wp-json\/wp\/v2\/comments?post=1609"}],"version-history":[{"count":5,"href":"https:\/\/hybridsystem.ee\/et\/wp-json\/wp\/v2\/pages\/1609\/revisions"}],"predecessor-version":[{"id":2449,"href":"https:\/\/hybridsystem.ee\/et\/wp-json\/wp\/v2\/pages\/1609\/revisions\/2449"}],"wp:attachment":[{"href":"https:\/\/hybridsystem.ee\/et\/wp-json\/wp\/v2\/media?parent=1609"}],"curies":[{"name":"wp","href":"https:\/\/api.w.org\/{rel}","templated":true}]}}