

{"id":1575,"date":"2019-05-12T12:46:16","date_gmt":"2019-05-12T07:46:16","guid":{"rendered":"https:\/\/www.hybridsystem.ee\/?page_id=1575"},"modified":"2019-05-12T16:33:18","modified_gmt":"2019-05-12T11:33:18","slug":"avaleht","status":"publish","type":"page","link":"https:\/\/hybridsystem.ee\/et\/","title":{"rendered":"Avaleht"},"content":{"rendered":"<p>[vc_row css_animation=&#8221;&#8221; row_type=&#8221;row&#8221; use_row_as_full_screen_section=&#8221;yes&#8221; type=&#8221;full_width&#8221; angled_section=&#8221;no&#8221; text_align=&#8221;left&#8221; video=&#8221;show_video&#8221; video_overlay=&#8221;show_video_overlay&#8221; background_image_as_pattern=&#8221;without_pattern&#8221; z_index=&#8221;&#8221; el_class=&#8221;imagebg&#8221;][vc_column][rev_slider_vc alias=&#8221;home-slider&#8221;][\/vc_column][\/vc_row][vc_row css_animation=&#8221;&#8221; row_type=&#8221;row&#8221; use_row_as_full_screen_section=&#8221;yes&#8221; type=&#8221;full_width&#8221; angled_section=&#8221;no&#8221; text_align=&#8221;left&#8221; video=&#8221;show_video&#8221; video_overlay=&#8221;show_video_overlay&#8221; video_mp4=&#8221;https:\/\/www.hybridsystem.ee\/wp-content\/uploads\/2018\/12\/2.mp4&#8243; background_image=&#8221;290&#8243; background_image_as_pattern=&#8221;with_pattern&#8221; background_color=&#8221;rgba(0,0,0,0.48)&#8221; padding_top=&#8221;120&#8243; padding_bottom=&#8221;70&#8243; z_index=&#8221;&#8221; el_class=&#8221;imagebg&#8221;][vc_column][vc_row_inner row_type=&#8221;row&#8221; type=&#8221;grid&#8221; text_align=&#8221;left&#8221; css_animation=&#8221;&#8221; el_class=&#8221;progress-line&#8221;][vc_column_inner width=&#8221;1\/2&#8243;][vc_single_image image=&#8221;1380&#8243; img_size=&#8221;full&#8221; alignment=&#8221;center&#8221; qode_css_animation=&#8221;&#8221;][vc_empty_space height=&#8221;30px&#8221;][\/vc_column_inner][vc_column_inner width=&#8221;1\/2&#8243;][vc_column_text]<\/p>\n<h2>H\u00fcbriidkaevu eelised<\/h2>\n<p>[\/vc_column_text][vc_empty_space height=&#8221;18px&#8221;][vc_column_text]Mitmeid eeliseid omava toote loomine on iga ettev\u00f5tte jaoks \u00fclioluline ja nii on see ka meie puhul; me toome kasu k\u00f5igile, mitte ainult \u00fchele. Niisiis heidame p\u00f5gusa pilgu h\u00fcbriidkaevu paigaldamise eelistele:[\/vc_column_text][vc_empty_space height=&#8221;50px&#8221;]<div class='q_progress_bar'><h4 class='progress_title_holder clearfix' style='color: #ffffff;'><span class='progress_title'><span>V\u00e4hendatud kaevandamine hoiab kokku t\u00f6\u00f6j\u00f5ukulusid <\/span><\/span><span class='progress_number' style='color: #ffffff;font-size: 20px;font-weight: 600;'><span>0<\/span>%<\/span><\/h4><div class='progress_content_outer' style='height: 24px;border-radius: 5px;-moz-border-radius: 5px;-webkit-border-radius: 5px;background-color: rgba(0, 186, 2, 0);'><div data-percentage='65' class='progress_content' style='height: 24px;background-color: #1c75bc;border: 1px solid rgba(0,0,0,0.01);'><\/div><\/div><\/div><div class='q_progress_bar'><h4 class='progress_title_holder clearfix' style='color: #ffffff;'><span class='progress_title'><span>Kitsama kraavi kaevamine s\u00e4\u00e4stab ulatuses <\/span><\/span><span class='progress_number' style='color: #ffffff;font-size: 20px;font-weight: 600;'><span>0<\/span>%<\/span><\/h4><div class='progress_content_outer' style='height: 24px;border-radius: 5px;-moz-border-radius: 5px;-webkit-border-radius: 5px;background-color: rgba(255, 255, 255, 0);'><div data-percentage='83' class='progress_content' style='height: 24px;background-color: #1c75bc;'><\/div><\/div><\/div><div class='q_progress_bar'><h4 class='progress_title_holder clearfix' style='color: #ffffff;'><span class='progress_title'><span>Ringlussev\u00f5etud plasti kasutamine on keskkonnas\u00f5bralik <\/span><\/span><span class='progress_number' style='color: #ffffff;font-size: 20px;font-weight: 600;'><span>0<\/span>%<\/span><\/h4><div class='progress_content_outer' style='height: 24px;border-radius: 5px;-moz-border-radius: 5px;-webkit-border-radius: 5px;background-color: rgba(255, 255, 255, 0);'><div data-percentage='75' class='progress_content' style='height: 24px;background-color: #1c75bc;'><\/div><\/div><\/div>[\/vc_column_inner][\/vc_row_inner][vc_row_inner row_type=&#8221;row&#8221; type=&#8221;grid&#8221; text_align=&#8221;left&#8221; css_animation=&#8221;&#8221; css=&#8221;.vc_custom_1535567387046{padding-top: 5% !important;}&#8221;][vc_column_inner width=&#8221;1\/2&#8243; css=&#8221;.vc_custom_1538457069563{padding-right: 15% !important;}&#8221; offset=&#8221;vc_col-lg-3 vc_col-md-3 vc_col-xs-12&#8243;]<div class=\"q_counter_holder  center\" style=\"\"><span class=\"counter  zero\" style=\"color: #ffffff;font-size: 70px;font-weight: 600;\"><\/span><p class=\"counter_text\" style=\"font-size: 21px;font-weight: 400;text-transform: none;color: #ffffff;\">Algup\u00e4rane ja vastupidav lahendus \u00e4ravooluks<\/p><\/div>[vc_empty_space height=&#8221;30px&#8221;][\/vc_column_inner][vc_column_inner width=&#8221;1\/2&#8243; css=&#8221;.vc_custom_1538457076283{padding-right: 15% !important;}&#8221; offset=&#8221;vc_col-lg-3 vc_col-md-3 vc_col-xs-12&#8243;]<div class=\"q_counter_holder  center\" style=\"\"><span class=\"counter  zero\" style=\"color: #ffffff;font-size: 70px;font-weight: 600;\">334<\/span><p class=\"counter_text\" style=\"font-size: 21px;font-weight: 400;text-transform: none;color: #ffffff;\">\u00dchendatav k\u00f5igi olemasolevate kaevukaante ja vihmaveetorudega<\/p><\/div>[vc_empty_space height=&#8221;30px&#8221;][\/vc_column_inner][vc_column_inner width=&#8221;1\/2&#8243; css=&#8221;.vc_custom_1538457085482{padding-right: 15% !important;}&#8221; offset=&#8221;vc_col-lg-3 vc_col-md-3 vc_col-xs-12&#8243;]<div class=\"q_counter_holder  center\" style=\"\"><span class=\"counter  zero\" style=\"color: #ffffff;font-size: 70px;font-weight: 600;\">289<\/span><p class=\"counter_text\" style=\"font-size: 21px;font-weight: 400;text-transform: none;color: #ffffff;\">Paigaldatud \u00e4ravoolukaevule<\/p><\/div>[vc_empty_space height=&#8221;30px&#8221;][\/vc_column_inner][vc_column_inner width=&#8221;1\/2&#8243; css=&#8221;.vc_custom_1538457092546{padding-right: 15% !important;}&#8221; offset=&#8221;vc_col-lg-3 vc_col-md-3 vc_col-xs-12&#8243;]<div class=\"q_counter_holder  center\" style=\"\"><span class=\"counter  zero\" style=\"color: #ffffff;font-size: 70px;font-weight: 600;\">416<\/span><p class=\"counter_text\" style=\"font-size: 21px;font-weight: 400;text-transform: none;color: #ffffff;\">Lihtne ligip\u00e4\u00e4s \u00e4ravoolutorudele<\/p><\/div>[vc_empty_space height=&#8221;30px&#8221;][\/vc_column_inner][\/vc_row_inner][\/vc_column][\/vc_row][vc_row css_animation=&#8221;&#8221; row_type=&#8221;row&#8221; use_row_as_full_screen_section=&#8221;yes&#8221; type=&#8221;grid&#8221; angled_section=&#8221;no&#8221; text_align=&#8221;left&#8221; background_image_as_pattern=&#8221;without_pattern&#8221; padding_top=&#8221;100&#8243; padding_bottom=&#8221;100&#8243; z_index=&#8221;&#8221; el_class=&#8221;.whitebg&#8221;][vc_column][qode_elements_holder number_of_columns=&#8221;two_columns&#8221;][qode_elements_holder_item item_padding=&#8221;0 16% 0 0%&#8221; vertical_alignment=&#8221;middle&#8221; advanced_animations=&#8221;no&#8221;][vc_column_text]<\/p>\n<h2><strong>Paigaldamine <\/strong><\/h2>\n<p>[\/vc_column_text][vc_empty_space][vc_column_text]Innovatsioon oma tipphetkel \u2013 H\u00fcbriidkaev on algup\u00e4rane kontseptsioon, mis ei ole kasulik ainult algusest peale tehtud uutele paigaldistele, vaid sobib ka olemasolevate kaevukaante ja vihmaveetorudega, mis t\u00e4hendab, et sellest on palju kasu ka renoveerimisprojektide jaoks. \u00a0Paigaldades vihmavee- ja \u00e4ravools\u00fcsteemid \u00fcksteise peale, on v\u00f5imalik k\u00f5ik tehnikad \u00fchte kraavi mahutada, kus h\u00fcbriidkaevu hoidev ventiil lahutab m\u00f5lemaid s\u00fcsteeme, nii et katuselt voolava selge vihmavee saab suunata l\u00e4bi sama torustiku kraavi.[\/vc_column_text][vc_empty_space height=&#8221;30px&#8221;][vc_column_text]<\/p>\n<h3>V\u00f5id heita pilgu ka<\/h3>\n<p>[\/vc_column_text][vc_empty_space height=&#8221;20px&#8221;]<div class='q_icon_with_title small normal_icon '><div class=\"icon_holder \" style=\" \"><span data-icon-type=\"normal\"   style=\"\" class=\"qode_iwt_icon_holder q_font_awsome_icon fa-2x  \"><i class=\"qode_icon_font_awesome fa fa-clipboard qode_iwt_icon_element\" style=\"\" ><\/i><\/span><\/div><div class=\"icon_text_holder\" style=\"\"><div class=\"icon_text_inner\" style=\"\"><h5 class=\"icon_title\" style=\"\"><\/h5><p style=''><\/p><a itemprop='url' class='icon_with_title_link' href='https:\/\/www.hybridsystem.ee\/et\/hubriidkaev\/#product-info' target='_self' style='color: #c8c8c8;'>Kasutaja juhistele<\/a><\/div><\/div><\/div>[vc_empty_space height=&#8221;7px&#8221;]<div class='q_icon_with_title small normal_icon '><div class=\"icon_holder \" style=\" \"><span data-icon-type=\"normal\"   style=\"\" class=\"qode_iwt_icon_holder q_font_awsome_icon fa-2x  \"><i class=\"qode_icon_font_awesome fa fa-thumbs-o-up qode_iwt_icon_element\" style=\"\" ><\/i><\/span><\/div><div class=\"icon_text_holder\" style=\"\"><div class=\"icon_text_inner\" style=\"\"><h5 class=\"icon_title\" style=\"\"><\/h5><p style=''><\/p><a itemprop='url' class='icon_with_title_link' href='https:\/\/www.hybridsystem.ee\/et\/hubriidkaev\/#product-info' target='_self' style='color: #c8c8c8;'>Erilistele omadustele<\/a><\/div><\/div><\/div>[vc_empty_space height=&#8221;40px&#8221;]\n\n\t<a href=\"https:\/\/www.hybridsystem.ee\/et\/hubriidkaev\" target=\"_self\"  class=\"qode-btn qode-btn-medium qode-btn-solid qode-btn-icon qodef-btn-icon-square qode-btn-icon-rotate\"  >\n\t    <span class=\"qode-btn-text\">Uuri lisa<\/span><span class=\"qode-button-v2-icon-holder\" style=\"font-size: 23px\" ><span aria-hidden=\"true\" class=\"qode_icon_font_elegant icon_plus qode-button-v2-icon-holder-inner\" ><\/span><\/span>\t<\/a>\n\n[vc_empty_space height=&#8221;55px&#8221;][\/qode_elements_holder_item][qode_elements_holder_item item_padding=&#8221;0px 0% 0 8%&#8221; vertical_alignment=&#8221;middle&#8221; advanced_animations=&#8221;no&#8221;]<div class='qode_image_gallery_no_space light'><div class='qode_image_gallery_holder' style='height: 500px;'><ul  ><li  ><div style=\"height: 500px; width:889px;\"><a itemprop=\"image\" class=\"prettyphoto\" data-rel=\"prettyPhoto[rel-6729304]\" href=\"https:\/\/hybridsystem.ee\/wp-content\/uploads\/2018\/12\/installation5_large.jpg\"><img itemprop=\"image\" src=\"https:\/\/hybridsystem.ee\/wp-content\/uploads\/2018\/12\/installation5_large.jpg\" alt=\"\" \/><\/a><\/div><\/li><li  ><div style=\"height: 500px; width:648px;\"><a itemprop=\"image\" class=\"prettyphoto\" data-rel=\"prettyPhoto[rel-6729304]\" href=\"https:\/\/hybridsystem.ee\/wp-content\/uploads\/2018\/12\/installation2_large.jpg\"><img itemprop=\"image\" src=\"https:\/\/hybridsystem.ee\/wp-content\/uploads\/2018\/12\/installation2_large.jpg\" alt=\"\" \/><\/a><\/div><\/li><li  ><div style=\"height: 500px; width:647px;\"><a itemprop=\"image\" class=\"prettyphoto\" data-rel=\"prettyPhoto[rel-6729304]\" href=\"https:\/\/hybridsystem.ee\/wp-content\/uploads\/2018\/12\/installation1_large.jpg\"><img itemprop=\"image\" src=\"https:\/\/hybridsystem.ee\/wp-content\/uploads\/2018\/12\/installation1_large.jpg\" alt=\"\" \/><\/a><\/div><\/li><li  ><div style=\"height: 500px; width:889px;\"><a itemprop=\"image\" class=\"prettyphoto\" data-rel=\"prettyPhoto[rel-6729304]\" href=\"https:\/\/hybridsystem.ee\/wp-content\/uploads\/2018\/12\/installation3_large.jpg\"><img itemprop=\"image\" src=\"https:\/\/hybridsystem.ee\/wp-content\/uploads\/2018\/12\/installation3_large.jpg\" alt=\"\" \/><\/a><\/div><\/li><li  ><div style=\"height: 500px; width:889px;\"><a itemprop=\"image\" class=\"prettyphoto\" data-rel=\"prettyPhoto[rel-6729304]\" href=\"https:\/\/hybridsystem.ee\/wp-content\/uploads\/2018\/12\/installation4_large.jpg\"><img itemprop=\"image\" src=\"https:\/\/hybridsystem.ee\/wp-content\/uploads\/2018\/12\/installation4_large.jpg\" alt=\"\" \/><\/a><\/div><\/li><\/ul><\/div><div class=\"controls\"><a class=\"prev-slide\" href=\"#\"><span><i class=\"fa fa-angle-left\"><\/i><\/span><\/a><a class=\"next-slide\" href=\"#\"><span><i class=\"fa fa-angle-right\"><\/i><\/span><\/a><\/div><\/div>[\/qode_elements_holder_item][\/qode_elements_holder][\/vc_column][\/vc_row][vc_row row_type=&#8221;parallax&#8221; parallax_content_width=&#8221;in_grid&#8221; text_align=&#8221;left&#8221; background_image=&#8221;896&#8243; full_screen_section_height=&#8221;no&#8221;][vc_column][vc_row_inner row_type=&#8221;row&#8221; type=&#8221;grid&#8221; text_align=&#8221;left&#8221; padding_top=&#8221;70&#8243; padding_bottom=&#8221;70&#8243; css_animation=&#8221;&#8221;][vc_column_inner width=&#8221;2\/3&#8243; offset=&#8221;vc_col-sm-offset-2&#8243;][vc_single_image image=&#8221;1272&#8243; img_size=&#8221;full&#8221; alignment=&#8221;center&#8221; qode_css_animation=&#8221;&#8221;][vc_column_text css=&#8221;.vc_custom_1557649544467{margin-top: -8% !important;}&#8221;]<\/p>\n<h2 style=\"color: rgba(255,255,255,0.95);\">Mida arvavad meie kliendid<\/h2>\n<p>[\/vc_column_text]<div class='testimonials_c_holder clearfix light'><div class=\"testimonials_c testimonials_c_carousel\" data-show-navigation=\"yes\" data-animation-speed=\"\" data-auto-rotate-slides=\"5\" data-number-per-slide=\"1\"><ul class=\"slides\"><li id=\"testimonials-c-1605\" class=\"testimonial_content\"><div class=\"testimonial_content_inner\"><div class=\"testimonial_text_holder\"><div class=\"testimonial_text_inner\" style=\"color: rgba(255,255,255,0.95);\"><p style='font-size:20px;color:rgba(255,255,255,0.95);'>Hybrid Systems on ettev\u00f5te, mis ei tegele mitte ainult oma toote m\u00fc\u00fcgiga, vaid pigem toote j\u00e4tkusuutlikkusega, selle mehhanismiga ja ringlussev\u00f5etavusega, mis oli abiks ka soodsate kulude osas. See formaat julgustas mind otsekohe rakendama oma firmas uusi tehnikaid, mis olid suureks kontrastiks minu senistele l\u00e4bikukkunud katsetele.<\/p><p class=\"testimonial_author\" style=\"color: rgba(255,255,255,0.95);font-weight: 500;color: rgba(255,255,255,0.95);font-size: 16px;\">- Jane Palmer -<\/p><\/div><\/div><\/div><\/li><li id=\"testimonials-c-1604\" class=\"testimonial_content\"><div class=\"testimonial_content_inner\"><div class=\"testimonial_text_holder\"><div class=\"testimonial_text_inner\" style=\"color: rgba(255,255,255,0.95);\"><p style='font-size:20px;color:rgba(255,255,255,0.95);'>Mis puudutab Emakese Maa turvalisuse suhtes roheliste vaadete omandamist, siis paljud ettev\u00f5tted v\u00f5ivad seda v\u00f5imalust pakkuda, kuid Hybrid System aitab sul seda ka tegelikkuses ellu viia. Nad v\u00f5imaldasid mul paigaldada selle uue idee oma t\u00f6\u00f6stusharru ja ma v\u00f5in kinnitada, et see oli v\u00e4\u00e4rt iga kulutatud senti.<\/p><p class=\"testimonial_author\" style=\"color: rgba(255,255,255,0.95);font-weight: 500;color: rgba(255,255,255,0.95);font-size: 16px;\">- David May -<\/p><\/div><\/div><\/div><\/li><li id=\"testimonials-c-1596\" class=\"testimonial_content\"><div class=\"testimonial_content_inner\"><div class=\"testimonial_text_holder\"><div class=\"testimonial_text_inner\" style=\"color: rgba(255,255,255,0.95);\"><p style='font-size:20px;color:rgba(255,255,255,0.95);'>T\u00f6\u00f6, mis nad minu kodus tegid, oli nii m\u00e4rkimisv\u00e4\u00e4rne, et m\u00f5istsin kohe, et vajan nende abi ka oma firma jaoks. Nad mitte ainult ei pakkunud sobivat lahendust vihmavee ja \u00e4ravoolu jaoks, vaid nende t\u00f6\u00f6 oli palju soodsama hinnaga ja t\u00e4nu neile ei pea me enam vihmaj\u00e4rgsete sekeldustega tegelema.<\/p><p class=\"testimonial_author\" style=\"color: rgba(255,255,255,0.95);font-weight: 500;color: rgba(255,255,255,0.95);font-size: 16px;\">- Jeans Stoner -<\/p><\/div><\/div><\/div><\/li><li id=\"testimonials-c-1580\" class=\"testimonial_content\"><div class=\"testimonial_content_inner\"><div class=\"testimonial_text_holder\"><div class=\"testimonial_text_inner\" style=\"color: rgba(255,255,255,0.95);\"><p style='font-size:20px;color:rgba(255,255,255,0.95);'>Olin mures selle maailma keskkonnatingimuste ja aja jooksul tekkivate lisakulude p\u00e4rast \u2013 Hybrid Systems pakkus mulle p\u00fcsivat lahendust probleemile, mis minu puhul oli juba p\u00fcsivaks muutunud.  Nende meeskond ja rohelise maailmavaate esikohale seadmine motiveeris mind nendega oma kinnistul ka edasist koost\u00f6\u00f6d tegema. Minust sai keskkonnas\u00f5bralik ja lisaks ka s\u00e4\u00e4stev elanik.<\/p><p class=\"testimonial_author\" style=\"color: rgba(255,255,255,0.95);font-weight: 500;color: rgba(255,255,255,0.95);font-size: 16px;\">- Andrew Fisher -<\/p><\/div><\/div><\/div><\/li><\/ul><\/div><\/div>[\/vc_column_inner][\/vc_row_inner][\/vc_column][\/vc_row][vc_row css_animation=&#8221;&#8221; row_type=&#8221;row&#8221; use_row_as_full_screen_section=&#8221;yes&#8221; type=&#8221;full_width&#8221; angled_section=&#8221;no&#8221; text_align=&#8221;left&#8221; background_image_as_pattern=&#8221;without_pattern&#8221; z_index=&#8221;&#8221; el_class=&#8221;home-footer&#8221;][vc_column offset=&#8221;vc_hidden-lg vc_hidden-md vc_hidden-sm vc_hidden-xs&#8221;][vc_row_inner row_type=&#8221;row&#8221; type=&#8221;grid&#8221; text_align=&#8221;left&#8221; css_animation=&#8221;&#8221; css=&#8221;.vc_custom_1535580968315{background-image: url(https:\/\/www.hybridsystem.ee\/wp-content\/uploads\/2017\/10\/footer-bckg-image.jpg?id=182) !important;}&#8221; el_class=&#8221;homefooter-widgets-row&#8221;][vc_column_inner width=&#8221;1\/4&#8243;][vc_widget_sidebar sidebar_id=&#8221;footer_column_1&#8243;][\/vc_column_inner][vc_column_inner width=&#8221;1\/4&#8243;][vc_widget_sidebar sidebar_id=&#8221;footer_column_2&#8243;][\/vc_column_inner][vc_column_inner width=&#8221;1\/4&#8243;][vc_widget_sidebar sidebar_id=&#8221;footer_column_3&#8243;][\/vc_column_inner][vc_column_inner width=&#8221;1\/4&#8243;][vc_widget_sidebar sidebar_id=&#8221;footer_column_4&#8243;][\/vc_column_inner][\/vc_row_inner][vc_row_inner row_type=&#8221;row&#8221; type=&#8221;grid&#8221; text_align=&#8221;left&#8221; row_negative_margin=&#8221;disable_negative_margin&#8221; css_animation=&#8221;&#8221; css=&#8221;.vc_custom_1535583012266{background-color: #0a0a0a !important;}&#8221; el_class=&#8221;home-footer-bottom&#8221;][vc_column_inner el_class=&#8221;left&#8221; width=&#8221;1\/2&#8243;][vc_widget_sidebar sidebar_id=&#8221;footer_text_left&#8221;][\/vc_column_inner][vc_column_inner el_class=&#8221;right&#8221; width=&#8221;1\/2&#8243;][vc_widget_sidebar sidebar_id=&#8221;footer_text_right&#8221;][\/vc_column_inner][\/vc_row_inner][\/vc_column][\/vc_row]<\/p>\n","protected":false},"excerpt":{"rendered":"<p>[vc_row css_animation=&#8221;&#8221; row_type=&#8221;row&#8221; use_row_as_full_screen_section=&#8221;yes&#8221; type=&#8221;full_width&#8221; angled_section=&#8221;no&#8221; text_align=&#8221;left&#8221; video=&#8221;show_video&#8221; video_overlay=&#8221;show_video_overlay&#8221; background_image_as_pattern=&#8221;without_pattern&#8221; z_index=&#8221;&#8221; el_class=&#8221;imagebg&#8221;][vc_column][rev_slider_vc alias=&#8221;home-slider&#8221;][\/vc_column][\/vc_row][vc_row css_animation=&#8221;&#8221; row_type=&#8221;row&#8221; use_row_as_full_screen_section=&#8221;yes&#8221; type=&#8221;full_width&#8221; angled_section=&#8221;no&#8221; text_align=&#8221;left&#8221; video=&#8221;show_video&#8221; video_overlay=&#8221;show_video_overlay&#8221; video_mp4=&#8221;https:\/\/www.hybridsystem.ee\/wp-content\/uploads\/2018\/12\/2.mp4&#8243; background_image=&#8221;290&#8243; background_image_as_pattern=&#8221;with_pattern&#8221; background_color=&#8221;rgba(0,0,0,0.48)&#8221; padding_top=&#8221;120&#8243; padding_bottom=&#8221;70&#8243; z_index=&#8221;&#8221; el_class=&#8221;imagebg&#8221;][vc_column][vc_row_inner row_type=&#8221;row&#8221; type=&#8221;grid&#8221; text_align=&#8221;left&#8221; css_animation=&#8221;&#8221; el_class=&#8221;progress-line&#8221;][vc_column_inner width=&#8221;1\/2&#8243;][vc_single_image image=&#8221;1380&#8243; img_size=&#8221;full&#8221; alignment=&#8221;center&#8221; qode_css_animation=&#8221;&#8221;][vc_empty_space height=&#8221;30px&#8221;][\/vc_column_inner][vc_column_inner width=&#8221;1\/2&#8243;][vc_column_text] H\u00fcbriidkaevu eelised [\/vc_column_text][vc_empty_space height=&#8221;18px&#8221;][vc_column_text]Mitmeid&#8230;<\/p>\n","protected":false},"author":1,"featured_media":0,"parent":0,"menu_order":0,"comment_status":"closed","ping_status":"closed","template":"full_width.php","meta":{"footnotes":""},"_links":{"self":[{"href":"https:\/\/hybridsystem.ee\/et\/wp-json\/wp\/v2\/pages\/1575"}],"collection":[{"href":"https:\/\/hybridsystem.ee\/et\/wp-json\/wp\/v2\/pages"}],"about":[{"href":"https:\/\/hybridsystem.ee\/et\/wp-json\/wp\/v2\/types\/page"}],"author":[{"embeddable":true,"href":"https:\/\/hybridsystem.ee\/et\/wp-json\/wp\/v2\/users\/1"}],"replies":[{"embeddable":true,"href":"https:\/\/hybridsystem.ee\/et\/wp-json\/wp\/v2\/comments?post=1575"}],"version-history":[{"count":5,"href":"https:\/\/hybridsystem.ee\/et\/wp-json\/wp\/v2\/pages\/1575\/revisions"}],"predecessor-version":[{"id":1744,"href":"https:\/\/hybridsystem.ee\/et\/wp-json\/wp\/v2\/pages\/1575\/revisions\/1744"}],"wp:attachment":[{"href":"https:\/\/hybridsystem.ee\/et\/wp-json\/wp\/v2\/media?parent=1575"}],"curies":[{"name":"wp","href":"https:\/\/api.w.org\/{rel}","templated":true}]}}